{"id":1210,"date":"2025-12-10T18:27:53","date_gmt":"2025-12-10T17:27:53","guid":{"rendered":"https:\/\/www.animalsouk.ma\/animalerie-maroc\/?post_type=product&#038;p=1210"},"modified":"2025-12-10T18:27:54","modified_gmt":"2025-12-10T17:27:54","slug":"brit-premium-by-nature-junior-small","status":"publish","type":"product","link":"https:\/\/www.animalsouk.ma\/animalerie-maroc\/produit\/brit-premium-by-nature-junior-small\/","title":{"rendered":"Brit Premium by Nature Junior Small"},"content":{"rendered":"<div class=\"hidden-xs\">\n<p><span dir=\"auto\">Aliment complet au poulet pour chiots (1 \u00e0 12 mois) de petites races (1 \u00e0 10 kg). Convient \u00e9galement aux chiennes gestantes et allaitantes.<\/span><\/p>\n<\/div>\n<ul>\n<li><span dir=\"auto\">Soutient l&rsquo;immunit\u00e9 et la condition physique<\/span><\/li>\n<li><span dir=\"auto\">Croissance musculaire et corporelle optimale<\/span><\/li>\n<li><span dir=\"auto\">D\u00e9veloppement sain de la structure, des os, des articulations et des dents<\/span><\/li>\n<li><span dir=\"auto\">Id\u00e9al pour les chiennes gestantes et allaitantes<\/span><\/li>\n<\/ul>\n<div class=\"benefits\">\n<div class=\"benefits__item\"><img decoding=\"async\" src=\"https:\/\/brit-petfood.com\/file\/nodes\/slozeni-piktogramy-chicken-modra.png\" alt=\"\" width=\"47\" height=\"48\" \/> <strong style=\"color: #555555;\"><span dir=\"auto\">demi-sac de poulet<\/span><\/strong><\/div>\n<div class=\"benefits__item\"><img decoding=\"async\" src=\"https:\/\/brit-petfood.com\/file\/nodes\/icon-dried-chicken-modra.png\" alt=\"\" width=\"47\" height=\"48\" \/> <strong style=\"color: #555555;\"><span dir=\"auto\">meilleur go\u00fbt et meilleure digestibilit\u00e9<\/span><\/strong><\/div>\n<div class=\"benefits__item\"><img decoding=\"async\" src=\"https:\/\/brit-petfood.com\/file\/nodes\/icon-oats-modra.png\" alt=\"\" width=\"47\" height=\"48\" \/> <strong style=\"color: #555555;\"><span dir=\"auto\">c\u00e9r\u00e9ales sans gluten \u00e0 haute valeur nutritionnelle<\/span><\/strong><\/div>\n<div class=\"benefits__item\"><img decoding=\"async\" src=\"https:\/\/brit-petfood.com\/file\/nodes\/icon-collagen-modra.png\" alt=\"\" width=\"47\" height=\"48\" \/> <strong style=\"color: #555555;\"><span dir=\"auto\">collag\u00e8ne, moules vertes et crustac\u00e9s pour les articulations et le cartilage<\/span><\/strong><\/div>\n<div class=\"benefits__item\"><img decoding=\"async\" src=\"https:\/\/brit-petfood.com\/file\/nodes\/icon-salmon-oil-modra.png\" alt=\"\" width=\"47\" height=\"48\" \/> <strong style=\"color: #555555;\"><span dir=\"auto\">Un taux \u00e9lev\u00e9 d&rsquo;om\u00e9ga-3 pour un c\u0153ur, une peau et un pelage sains et brillants.<\/span><\/strong><\/div>\n<div class=\"benefits__item\"><img decoding=\"async\" src=\"https:\/\/brit-petfood.com\/file\/nodes\/icon-fruits-herbs-modra.png\" alt=\"\" width=\"47\" height=\"48\" \/> <strong style=\"color: #555555;\"><span dir=\"auto\">Fruits et herbes pour une meilleure digestion et une immunit\u00e9 renforc\u00e9e<\/span><\/strong><\/div>\n<div><\/div>\n<div>\n<p class=\"composition\"><strong><span dir=\"auto\">Composition:<\/span><\/strong><\/p>\n<p><span dir=\"auto\">poulet d\u00e9shydrat\u00e9 (55%), graisse de poulet, avoine, bl\u00e9, huile de saumon (2%), ma\u00efs, pulpe de pomme s\u00e9ch\u00e9e, foie de poulet hydrolys\u00e9, levure de bi\u00e8re, collag\u00e8ne, glucosamine (260 mg\/kg), sulfate de chondro\u00eftine (180 mg\/kg), mannan-oligosaccharides (150 mg\/kg), fructo-oligosaccharides (100 mg\/kg), yucca de Mojave (100 mg\/kg), camomille s\u00e9ch\u00e9e (90 mg\/kg), glycosaminoglycanes (60 mg\/kg), myrtilles s\u00e9ch\u00e9es (60 mg\/kg), clous de girofle s\u00e9ch\u00e9s (40 mg\/kg), agrumes s\u00e9ch\u00e9s (40 mg\/kg), romarin s\u00e9ch\u00e9 (40 mg\/kg), curcuma s\u00e9ch\u00e9 (40 mg\/kg).<\/span><\/p>\n<p><strong><span dir=\"auto\">Ingr\u00e9dients analytiques :<\/span><\/strong><\/p>\n<p><span dir=\"auto\">Prot\u00e9ines brutes 32,0 % ; mati\u00e8res grasses 20,0 % ; humidit\u00e9 10,0 % ; cendres brutes 6,8 % ; fibres brutes 2,0 % ; calcium 1,5 % ; phosphore 1,1 % ; om\u00e9ga 3 0,3 % ; om\u00e9ga 6 2,7 %<\/span><\/p>\n<p><strong><span dir=\"auto\">Composition nutritionnelle :<\/span><\/strong><\/p>\n<p><span dir=\"auto\">vitamine A (3a672a) 20 000 UI, vitamine D3 (3a671) 1 200 UI, vitamine E (3a700) 500 mg, biotine (3a880) 0,6 mg, chlorure de choline (3a890) 2 000 mg, zinc (3b606) 90 mg, fer (3b106) 80 mg, mangan\u00e8se (3b504) 35 mg, iode (3b201) 0,65 mg, cuivre (3b406) 15 mg, s\u00e9l\u00e9nium (3b810) 0,2 mg.<\/span><\/p>\n<p><strong><span dir=\"auto\">Contient des antioxydants approuv\u00e9s par l&rsquo;UE\u00a0:<\/span><\/strong><\/p>\n<p><span dir=\"auto\">extraits de tocoph\u00e9rol d&rsquo;huile v\u00e9g\u00e9tale (1b306), palmitate d&rsquo;ascorbyle (1b304) et extrait de romarin.<\/span><\/p>\n<p><strong><span dir=\"auto\">\u00c9nergie m\u00e9tabolisable :<\/span><\/strong><\/p>\n<p><span dir=\"auto\">4 050 kcal\/kg<\/span><\/p>\n<p>&nbsp;<\/p>\n<div id=\"vue-app\" class=\"feeding-table-block\">\n<div class=\"pt-3\"><\/div>\n<\/div>\n<\/div>\n<\/div>\n","protected":false},"excerpt":{"rendered":"<p>Aliment complet au poulet pour chiots (1 \u00e0 12 mois) de petites races (1 \u00e0 10 kg). Convient \u00e9galement aux chiennes gestantes et allaitantes. Soutient l&rsquo;immunit\u00e9 et la condition physique Croissance musculaire et corporelle optimale D\u00e9veloppement sain de la structure, des os, des articulations et des dents Id\u00e9al pour les chiennes gestantes et allaitantes demi-sac [&#8230;]\n","protected":false},"featured_media":1211,"template":"","meta":[],"product_brand":[42],"product_cat":[20],"product_tag":[],"class_list":{"0":"post-1210","1":"product","2":"type-product","3":"status-publish","4":"has-post-thumbnail","6":"product_brand-brit","7":"product_cat-alimentation-pour-chiens","9":"first","10":"instock","11":"shipping-taxable","12":"purchasable","13":"product-type-simple"},"yoast_head":"<!-- This site is optimized with the Yoast SEO plugin v27.3 - https:\/\/yoast.com\/product\/yoast-seo-wordpress\/ -->\n<title>Brit Premium by Nature Junior Small - Animalerie Maroc<\/title>\n<meta name=\"description\" content=\"Achetez votre Brit Premium by Nature Junior Small au meilleur prix au Maroc. Livraison rapide | Animalsouk.ma\" \/>\n<meta name=\"robots\" content=\"index, follow, max-snippet:-1, max-image-preview:large, max-video-preview:-1\" \/>\n<link rel=\"canonical\" href=\"https:\/\/www.animalsouk.ma\/animalerie-maroc\/produit\/brit-premium-by-nature-junior-small\/\" \/>\n<meta property=\"og:locale\" content=\"fr_FR\" \/>\n<meta property=\"og:type\" content=\"article\" \/>\n<meta property=\"og:title\" content=\"Brit Premium by Nature Junior Small - Animalerie Maroc\" \/>\n<meta property=\"og:description\" content=\"Achetez votre Brit Premium by Nature Junior Small au meilleur prix au Maroc. Livraison rapide | Animalsouk.ma\" \/>\n<meta property=\"og:url\" content=\"https:\/\/www.animalsouk.ma\/animalerie-maroc\/produit\/brit-premium-by-nature-junior-small\/\" \/>\n<meta property=\"og:site_name\" content=\"Animalerie Maroc\" \/>\n<meta property=\"article:publisher\" content=\"https:\/\/www.facebook.com\/animalsouk.ma\" \/>\n<meta property=\"article:modified_time\" content=\"2025-12-10T17:27:54+00:00\" \/>\n<meta property=\"og:image\" content=\"https:\/\/www.animalsouk.ma\/animalerie-maroc\/wp-content\/uploads\/2025\/12\/croquettes-brit-premium-by-nature-junior-s-pour-chiot-de-petite-taille-3kg.jpg\" \/>\n\t<meta property=\"og:image:width\" content=\"800\" \/>\n\t<meta property=\"og:image:height\" content=\"800\" \/>\n\t<meta property=\"og:image:type\" content=\"image\/jpeg\" \/>\n<meta name=\"twitter:card\" content=\"summary_large_image\" \/>\n<meta name=\"twitter:label1\" content=\"Dur\u00e9e de lecture estim\u00e9e\" \/>\n\t<meta name=\"twitter:data1\" content=\"3 minutes\" \/>\n<script type=\"application\/ld+json\" class=\"yoast-schema-graph\">{\"@context\":\"https:\\\/\\\/schema.org\",\"@graph\":[{\"@type\":\"WebPage\",\"@id\":\"https:\\\/\\\/www.animalsouk.ma\\\/animalerie-maroc\\\/produit\\\/brit-premium-by-nature-junior-small\\\/\",\"url\":\"https:\\\/\\\/www.animalsouk.ma\\\/animalerie-maroc\\\/produit\\\/brit-premium-by-nature-junior-small\\\/\",\"name\":\"Brit Premium by Nature Junior Small - Animalerie Maroc\",\"isPartOf\":{\"@id\":\"https:\\\/\\\/www.animalsouk.ma\\\/animalerie-maroc\\\/#website\"},\"primaryImageOfPage\":{\"@id\":\"https:\\\/\\\/www.animalsouk.ma\\\/animalerie-maroc\\\/produit\\\/brit-premium-by-nature-junior-small\\\/#primaryimage\"},\"image\":{\"@id\":\"https:\\\/\\\/www.animalsouk.ma\\\/animalerie-maroc\\\/produit\\\/brit-premium-by-nature-junior-small\\\/#primaryimage\"},\"thumbnailUrl\":\"https:\\\/\\\/www.animalsouk.ma\\\/animalerie-maroc\\\/wp-content\\\/uploads\\\/2025\\\/12\\\/croquettes-brit-premium-by-nature-junior-s-pour-chiot-de-petite-taille-3kg.jpg\",\"datePublished\":\"2025-12-10T17:27:53+00:00\",\"dateModified\":\"2025-12-10T17:27:54+00:00\",\"description\":\"Achetez votre Brit Premium by Nature Junior Small au meilleur prix au Maroc. Livraison rapide | Animalsouk.ma\",\"breadcrumb\":{\"@id\":\"https:\\\/\\\/www.animalsouk.ma\\\/animalerie-maroc\\\/produit\\\/brit-premium-by-nature-junior-small\\\/#breadcrumb\"},\"inLanguage\":\"fr-FR\",\"potentialAction\":[{\"@type\":\"ReadAction\",\"target\":[\"https:\\\/\\\/www.animalsouk.ma\\\/animalerie-maroc\\\/produit\\\/brit-premium-by-nature-junior-small\\\/\"]}]},{\"@type\":\"ImageObject\",\"inLanguage\":\"fr-FR\",\"@id\":\"https:\\\/\\\/www.animalsouk.ma\\\/animalerie-maroc\\\/produit\\\/brit-premium-by-nature-junior-small\\\/#primaryimage\",\"url\":\"https:\\\/\\\/www.animalsouk.ma\\\/animalerie-maroc\\\/wp-content\\\/uploads\\\/2025\\\/12\\\/croquettes-brit-premium-by-nature-junior-s-pour-chiot-de-petite-taille-3kg.jpg\",\"contentUrl\":\"https:\\\/\\\/www.animalsouk.ma\\\/animalerie-maroc\\\/wp-content\\\/uploads\\\/2025\\\/12\\\/croquettes-brit-premium-by-nature-junior-s-pour-chiot-de-petite-taille-3kg.jpg\",\"width\":800,\"height\":800,\"caption\":\"Brit Premium by Nature Junior Small\"},{\"@type\":\"BreadcrumbList\",\"@id\":\"https:\\\/\\\/www.animalsouk.ma\\\/animalerie-maroc\\\/produit\\\/brit-premium-by-nature-junior-small\\\/#breadcrumb\",\"itemListElement\":[{\"@type\":\"ListItem\",\"position\":1,\"name\":\"Home\",\"item\":\"https:\\\/\\\/www.animalsouk.ma\\\/animalerie-maroc\\\/\"},{\"@type\":\"ListItem\",\"position\":2,\"name\":\"Boutique\",\"item\":\"https:\\\/\\\/www.animalsouk.ma\\\/animalerie-maroc\\\/boutique\\\/\"},{\"@type\":\"ListItem\",\"position\":3,\"name\":\"Brit Premium by Nature Junior Small\"}]},{\"@type\":\"WebSite\",\"@id\":\"https:\\\/\\\/www.animalsouk.ma\\\/animalerie-maroc\\\/#website\",\"url\":\"https:\\\/\\\/www.animalsouk.ma\\\/animalerie-maroc\\\/\",\"name\":\"Animalerie de casablanca\",\"description\":\"\",\"publisher\":{\"@id\":\"https:\\\/\\\/www.animalsouk.ma\\\/animalerie-maroc\\\/#organization\"},\"potentialAction\":[{\"@type\":\"SearchAction\",\"target\":{\"@type\":\"EntryPoint\",\"urlTemplate\":\"https:\\\/\\\/www.animalsouk.ma\\\/animalerie-maroc\\\/?s={search_term_string}\"},\"query-input\":{\"@type\":\"PropertyValueSpecification\",\"valueRequired\":true,\"valueName\":\"search_term_string\"}}],\"inLanguage\":\"fr-FR\"},{\"@type\":\"Organization\",\"@id\":\"https:\\\/\\\/www.animalsouk.ma\\\/animalerie-maroc\\\/#organization\",\"name\":\"Animalerie de casablanca\",\"url\":\"https:\\\/\\\/www.animalsouk.ma\\\/animalerie-maroc\\\/\",\"logo\":{\"@type\":\"ImageObject\",\"inLanguage\":\"fr-FR\",\"@id\":\"https:\\\/\\\/www.animalsouk.ma\\\/animalerie-maroc\\\/#\\\/schema\\\/logo\\\/image\\\/\",\"url\":\"https:\\\/\\\/www.animalsouk.ma\\\/animalerie-maroc\\\/wp-content\\\/uploads\\\/2025\\\/10\\\/animalsouk.ma-logo.png\",\"contentUrl\":\"https:\\\/\\\/www.animalsouk.ma\\\/animalerie-maroc\\\/wp-content\\\/uploads\\\/2025\\\/10\\\/animalsouk.ma-logo.png\",\"width\":760,\"height\":231,\"caption\":\"Animalerie de casablanca\"},\"image\":{\"@id\":\"https:\\\/\\\/www.animalsouk.ma\\\/animalerie-maroc\\\/#\\\/schema\\\/logo\\\/image\\\/\"},\"sameAs\":[\"https:\\\/\\\/www.facebook.com\\\/animalsouk.ma\",\"https:\\\/\\\/www.instagram.com\\\/animalsouk.ma\"]}]}<\/script>\n<!-- \/ Yoast SEO plugin. -->","yoast_head_json":{"title":"Brit Premium by Nature Junior Small - Animalerie Maroc","description":"Achetez votre Brit Premium by Nature Junior Small au meilleur prix au Maroc. Livraison rapide | Animalsouk.ma","robots":{"index":"index","follow":"follow","max-snippet":"max-snippet:-1","max-image-preview":"max-image-preview:large","max-video-preview":"max-video-preview:-1"},"canonical":"https:\/\/www.animalsouk.ma\/animalerie-maroc\/produit\/brit-premium-by-nature-junior-small\/","og_locale":"fr_FR","og_type":"article","og_title":"Brit Premium by Nature Junior Small - Animalerie Maroc","og_description":"Achetez votre Brit Premium by Nature Junior Small au meilleur prix au Maroc. Livraison rapide | Animalsouk.ma","og_url":"https:\/\/www.animalsouk.ma\/animalerie-maroc\/produit\/brit-premium-by-nature-junior-small\/","og_site_name":"Animalerie Maroc","article_publisher":"https:\/\/www.facebook.com\/animalsouk.ma","article_modified_time":"2025-12-10T17:27:54+00:00","og_image":[{"width":800,"height":800,"url":"https:\/\/www.animalsouk.ma\/animalerie-maroc\/wp-content\/uploads\/2025\/12\/croquettes-brit-premium-by-nature-junior-s-pour-chiot-de-petite-taille-3kg.jpg","type":"image\/jpeg"}],"twitter_card":"summary_large_image","twitter_misc":{"Dur\u00e9e de lecture estim\u00e9e":"3 minutes"},"schema":{"@context":"https:\/\/schema.org","@graph":[{"@type":"WebPage","@id":"https:\/\/www.animalsouk.ma\/animalerie-maroc\/produit\/brit-premium-by-nature-junior-small\/","url":"https:\/\/www.animalsouk.ma\/animalerie-maroc\/produit\/brit-premium-by-nature-junior-small\/","name":"Brit Premium by Nature Junior Small - Animalerie Maroc","isPartOf":{"@id":"https:\/\/www.animalsouk.ma\/animalerie-maroc\/#website"},"primaryImageOfPage":{"@id":"https:\/\/www.animalsouk.ma\/animalerie-maroc\/produit\/brit-premium-by-nature-junior-small\/#primaryimage"},"image":{"@id":"https:\/\/www.animalsouk.ma\/animalerie-maroc\/produit\/brit-premium-by-nature-junior-small\/#primaryimage"},"thumbnailUrl":"https:\/\/www.animalsouk.ma\/animalerie-maroc\/wp-content\/uploads\/2025\/12\/croquettes-brit-premium-by-nature-junior-s-pour-chiot-de-petite-taille-3kg.jpg","datePublished":"2025-12-10T17:27:53+00:00","dateModified":"2025-12-10T17:27:54+00:00","description":"Achetez votre Brit Premium by Nature Junior Small au meilleur prix au Maroc. Livraison rapide | Animalsouk.ma","breadcrumb":{"@id":"https:\/\/www.animalsouk.ma\/animalerie-maroc\/produit\/brit-premium-by-nature-junior-small\/#breadcrumb"},"inLanguage":"fr-FR","potentialAction":[{"@type":"ReadAction","target":["https:\/\/www.animalsouk.ma\/animalerie-maroc\/produit\/brit-premium-by-nature-junior-small\/"]}]},{"@type":"ImageObject","inLanguage":"fr-FR","@id":"https:\/\/www.animalsouk.ma\/animalerie-maroc\/produit\/brit-premium-by-nature-junior-small\/#primaryimage","url":"https:\/\/www.animalsouk.ma\/animalerie-maroc\/wp-content\/uploads\/2025\/12\/croquettes-brit-premium-by-nature-junior-s-pour-chiot-de-petite-taille-3kg.jpg","contentUrl":"https:\/\/www.animalsouk.ma\/animalerie-maroc\/wp-content\/uploads\/2025\/12\/croquettes-brit-premium-by-nature-junior-s-pour-chiot-de-petite-taille-3kg.jpg","width":800,"height":800,"caption":"Brit Premium by Nature Junior Small"},{"@type":"BreadcrumbList","@id":"https:\/\/www.animalsouk.ma\/animalerie-maroc\/produit\/brit-premium-by-nature-junior-small\/#breadcrumb","itemListElement":[{"@type":"ListItem","position":1,"name":"Home","item":"https:\/\/www.animalsouk.ma\/animalerie-maroc\/"},{"@type":"ListItem","position":2,"name":"Boutique","item":"https:\/\/www.animalsouk.ma\/animalerie-maroc\/boutique\/"},{"@type":"ListItem","position":3,"name":"Brit Premium by Nature Junior Small"}]},{"@type":"WebSite","@id":"https:\/\/www.animalsouk.ma\/animalerie-maroc\/#website","url":"https:\/\/www.animalsouk.ma\/animalerie-maroc\/","name":"Animalerie de casablanca","description":"","publisher":{"@id":"https:\/\/www.animalsouk.ma\/animalerie-maroc\/#organization"},"potentialAction":[{"@type":"SearchAction","target":{"@type":"EntryPoint","urlTemplate":"https:\/\/www.animalsouk.ma\/animalerie-maroc\/?s={search_term_string}"},"query-input":{"@type":"PropertyValueSpecification","valueRequired":true,"valueName":"search_term_string"}}],"inLanguage":"fr-FR"},{"@type":"Organization","@id":"https:\/\/www.animalsouk.ma\/animalerie-maroc\/#organization","name":"Animalerie de casablanca","url":"https:\/\/www.animalsouk.ma\/animalerie-maroc\/","logo":{"@type":"ImageObject","inLanguage":"fr-FR","@id":"https:\/\/www.animalsouk.ma\/animalerie-maroc\/#\/schema\/logo\/image\/","url":"https:\/\/www.animalsouk.ma\/animalerie-maroc\/wp-content\/uploads\/2025\/10\/animalsouk.ma-logo.png","contentUrl":"https:\/\/www.animalsouk.ma\/animalerie-maroc\/wp-content\/uploads\/2025\/10\/animalsouk.ma-logo.png","width":760,"height":231,"caption":"Animalerie de casablanca"},"image":{"@id":"https:\/\/www.animalsouk.ma\/animalerie-maroc\/#\/schema\/logo\/image\/"},"sameAs":["https:\/\/www.facebook.com\/animalsouk.ma","https:\/\/www.instagram.com\/animalsouk.ma"]}]}},"_links":{"self":[{"href":"https:\/\/www.animalsouk.ma\/animalerie-maroc\/wp-json\/wp\/v2\/product\/1210","targetHints":{"allow":["GET"]}}],"collection":[{"href":"https:\/\/www.animalsouk.ma\/animalerie-maroc\/wp-json\/wp\/v2\/product"}],"about":[{"href":"https:\/\/www.animalsouk.ma\/animalerie-maroc\/wp-json\/wp\/v2\/types\/product"}],"wp:featuredmedia":[{"embeddable":true,"href":"https:\/\/www.animalsouk.ma\/animalerie-maroc\/wp-json\/wp\/v2\/media\/1211"}],"wp:attachment":[{"href":"https:\/\/www.animalsouk.ma\/animalerie-maroc\/wp-json\/wp\/v2\/media?parent=1210"}],"wp:term":[{"taxonomy":"product_brand","embeddable":true,"href":"https:\/\/www.animalsouk.ma\/animalerie-maroc\/wp-json\/wp\/v2\/product_brand?post=1210"},{"taxonomy":"product_cat","embeddable":true,"href":"https:\/\/www.animalsouk.ma\/animalerie-maroc\/wp-json\/wp\/v2\/product_cat?post=1210"},{"taxonomy":"product_tag","embeddable":true,"href":"https:\/\/www.animalsouk.ma\/animalerie-maroc\/wp-json\/wp\/v2\/product_tag?post=1210"}],"curies":[{"name":"wp","href":"https:\/\/api.w.org\/{rel}","templated":true}]}}