{"id":1208,"date":"2025-12-10T18:20:14","date_gmt":"2025-12-10T17:20:14","guid":{"rendered":"https:\/\/www.animalsouk.ma\/animalerie-maroc\/?post_type=product&#038;p=1208"},"modified":"2026-01-22T19:28:27","modified_gmt":"2026-01-22T18:28:27","slug":"brit-premium-by-nature-chat-adulte-saumon","status":"publish","type":"product","link":"https:\/\/www.animalsouk.ma\/animalerie-maroc\/produit\/brit-premium-by-nature-chat-adulte-saumon\/","title":{"rendered":"Brit Premium by Nature Chat Adulte Saumon"},"content":{"rendered":"<div class=\"hidden-xs\">\n<p><span dir=\"auto\">Aliment complet de qualit\u00e9 sup\u00e9rieure pour chats. Formule au saumon pour chats adultes.<\/span><\/p>\n<\/div>\n<p><span dir=\"auto\">Une nourriture pour chats de qualit\u00e9 sup\u00e9rieure, savoureuse et app\u00e9tissante, \u00e9labor\u00e9e \u00e0 partir d&rsquo;ingr\u00e9dients naturels pour une alimentation quotidienne saine chez le chat.<\/span><\/p>\n<ul>\n<li type=\"disc\"><span dir=\"auto\">Avec une sauce au foie de poulet<\/span><\/li>\n<li type=\"disc\"><span dir=\"auto\">Avec de la pulpe de pomme \u2013 une source naturelle de fibres<\/span><\/li>\n<li type=\"disc\"><span dir=\"auto\">Avec du romarin, des clous de girofle, du curcuma et des agrumes \u2013 des antioxydants naturels<\/span><\/li>\n<li type=\"disc\"><span dir=\"auto\">Avec des pr\u00e9biotiques<\/span><\/li>\n<li type=\"disc\"><span dir=\"auto\">Sans bl\u00e9, sans soja, sans ma\u00efs<\/span><\/li>\n<\/ul>\n<div class=\"catalog-wrap\">\n<div class=\"box-detail product-wrap\" data-eec-key=\"event\" data-eec-value=\"eec.detail\" data-eec-active=\"\">\n<div data-eec-key=\"ecommerce.detail.actionField.list\" data-eec-value=\"Product detail\" data-eec-active=\"\">\n<div class=\"row\" data-eec-key=\"ecommerce.detail.products[&quot;773364&quot;]\" data-eec-value=\"{&quot;id&quot;:&quot;773364&quot;,&quot;name&quot;:&quot;Brit Premium by Nature Cat Adult Salmon&quot;,&quot;category&quot;:&quot;Cats\\\/Dry&quot;,&quot;brand&quot;:&quot;Brit Premium&quot;}\" data-eec-type=\"json\" data-eec-active=\"\">\n<div class=\"col-sm-8\">\n<p class=\"composition\"><strong><span dir=\"auto\">Composition:<\/span><\/strong><\/p>\n<p><span dir=\"auto\">saumon d\u00e9shydrat\u00e9 35%, riz, pois gras de poulet, pulpe de pomme s\u00e9ch\u00e9e, poulet d\u00e9shydrat\u00e9 4%, huile de saumon 3%, foie de poulet hydrolys\u00e9 2%, levure de bi\u00e8re, \u00e9pinards s\u00e9ch\u00e9s 0,5%, mannan-oligosaccharides (150 mg\/kg), fructo-oligosaccharides (120 mg\/kg), yucca Mojave (80 mg\/kg), romarin s\u00e9ch\u00e9 (11 mg\/kg), clous de girofle s\u00e9ch\u00e9s (11 mg\/kg), agrumes s\u00e9ch\u00e9s (11 mg\/kg), curcuma s\u00e9ch\u00e9 (11 mg\/kg).<\/span><\/p>\n<p><strong><span dir=\"auto\">Ingr\u00e9dients analytiques :<\/span><\/strong><\/p>\n<p><span dir=\"auto\">prot\u00e9ines brutes 35,0 %, mati\u00e8res grasses brutes 16,0 %, fibres brutes 1,9 %, cendres brutes 8,1 %, humidit\u00e9 10,0 %, calcium 1,2 %, phosphore 1,0 %, sodium 0,9 %, magn\u00e9sium 0,06 %.\u00a0<\/span><\/p>\n<p><strong><span dir=\"auto\">Composition nutritionnelle :<\/span><\/strong><\/p>\n<p><span dir=\"auto\">Vitamine A (3a672a) 20\u00a0000 UI, vitamine D3\u00a0<\/span><span dir=\"auto\">(\u00a0<\/span><span dir=\"auto\">3a671) 850 UI, vitamine E (3a700) 600 mg, vitamine C (3a312) 250 mg, taurine (3a370) 2\u00a0150 mg, biotine (3a880) 1,7 mg, zinc (3b606) 140 mg, mangan\u00e8se (3b504) 50 mg, fer (3b106) 50 mg, cuivre (3b406) 10 mg, iode (3b201) 3,5 mg, s\u00e9l\u00e9nium (3b810) 0,16 mg, L-m\u00e9thionine (3c305) 4\u00a0000 mg. Om\u00e9ga-3\u00a0: 0,2\u00a0%, om\u00e9ga-6\u00a0: 2,25\u00a0%.\u00a0<\/span><\/p>\n<p><strong><span dir=\"auto\">\u00c9nergie m\u00e9tabolisable :<\/span><\/strong><\/p>\n<p><span dir=\"auto\">3840 kcal\/kg<\/span><\/p>\n<\/div>\n<\/div>\n<\/div>\n<\/div>\n<\/div>\n","protected":false},"excerpt":{"rendered":"<p>Aliment complet de qualit\u00e9 sup\u00e9rieure pour chats. Formule au saumon pour chats adultes. Une nourriture pour chats de qualit\u00e9 sup\u00e9rieure, savoureuse et app\u00e9tissante, \u00e9labor\u00e9e \u00e0 partir d&rsquo;ingr\u00e9dients naturels pour une alimentation quotidienne saine chez le chat. Avec une sauce au foie de poulet Avec de la pulpe de pomme \u2013 une source naturelle de fibres [&#8230;]\n","protected":false},"featured_media":1209,"template":"","meta":[],"product_brand":[42],"product_cat":[18],"product_tag":[],"class_list":{"0":"post-1208","1":"product","2":"type-product","3":"status-publish","4":"has-post-thumbnail","6":"product_brand-brit","7":"product_cat-alimentation-pour-chats","9":"first","10":"instock","11":"shipping-taxable","12":"purchasable","13":"product-type-simple"},"yoast_head":"<!-- This site is optimized with the Yoast SEO plugin v27.3 - https:\/\/yoast.com\/product\/yoast-seo-wordpress\/ -->\n<title>Brit Premium by Nature Chat Adulte Saumon - Animalerie Maroc<\/title>\n<meta name=\"description\" content=\"Achetez votre Brit Premium by Nature Chat Adulte Saumon au meilleur prix au Maroc. Livraison rapide | Animalsouk.ma\" \/>\n<meta name=\"robots\" content=\"index, follow, max-snippet:-1, max-image-preview:large, max-video-preview:-1\" \/>\n<link rel=\"canonical\" href=\"https:\/\/www.animalsouk.ma\/animalerie-maroc\/produit\/brit-premium-by-nature-chat-adulte-saumon\/\" \/>\n<meta property=\"og:locale\" content=\"fr_FR\" \/>\n<meta property=\"og:type\" content=\"article\" \/>\n<meta property=\"og:title\" content=\"Brit Premium by Nature Chat Adulte Saumon - Animalerie Maroc\" \/>\n<meta property=\"og:description\" content=\"Achetez votre Brit Premium by Nature Chat Adulte Saumon au meilleur prix au Maroc. Livraison rapide | Animalsouk.ma\" \/>\n<meta property=\"og:url\" content=\"https:\/\/www.animalsouk.ma\/animalerie-maroc\/produit\/brit-premium-by-nature-chat-adulte-saumon\/\" \/>\n<meta property=\"og:site_name\" content=\"Animalerie Maroc\" \/>\n<meta property=\"article:publisher\" content=\"https:\/\/www.facebook.com\/animalsouk.ma\" \/>\n<meta property=\"article:modified_time\" content=\"2026-01-22T18:28:27+00:00\" \/>\n<meta property=\"og:image\" content=\"https:\/\/www.animalsouk.ma\/animalerie-maroc\/wp-content\/uploads\/2025\/12\/adult-salmon.png\" \/>\n\t<meta property=\"og:image:width\" content=\"1200\" \/>\n\t<meta property=\"og:image:height\" content=\"1600\" \/>\n\t<meta property=\"og:image:type\" content=\"image\/png\" \/>\n<meta name=\"twitter:card\" content=\"summary_large_image\" \/>\n<meta name=\"twitter:label1\" content=\"Dur\u00e9e de lecture estim\u00e9e\" \/>\n\t<meta name=\"twitter:data1\" content=\"2 minutes\" \/>\n<script type=\"application\/ld+json\" class=\"yoast-schema-graph\">{\"@context\":\"https:\\\/\\\/schema.org\",\"@graph\":[{\"@type\":\"WebPage\",\"@id\":\"https:\\\/\\\/www.animalsouk.ma\\\/animalerie-maroc\\\/produit\\\/brit-premium-by-nature-chat-adulte-saumon\\\/\",\"url\":\"https:\\\/\\\/www.animalsouk.ma\\\/animalerie-maroc\\\/produit\\\/brit-premium-by-nature-chat-adulte-saumon\\\/\",\"name\":\"Brit Premium by Nature Chat Adulte Saumon - Animalerie Maroc\",\"isPartOf\":{\"@id\":\"https:\\\/\\\/www.animalsouk.ma\\\/animalerie-maroc\\\/#website\"},\"primaryImageOfPage\":{\"@id\":\"https:\\\/\\\/www.animalsouk.ma\\\/animalerie-maroc\\\/produit\\\/brit-premium-by-nature-chat-adulte-saumon\\\/#primaryimage\"},\"image\":{\"@id\":\"https:\\\/\\\/www.animalsouk.ma\\\/animalerie-maroc\\\/produit\\\/brit-premium-by-nature-chat-adulte-saumon\\\/#primaryimage\"},\"thumbnailUrl\":\"https:\\\/\\\/www.animalsouk.ma\\\/animalerie-maroc\\\/wp-content\\\/uploads\\\/2025\\\/12\\\/adult-salmon.png\",\"datePublished\":\"2025-12-10T17:20:14+00:00\",\"dateModified\":\"2026-01-22T18:28:27+00:00\",\"description\":\"Achetez votre Brit Premium by Nature Chat Adulte Saumon au meilleur prix au Maroc. Livraison rapide | Animalsouk.ma\",\"breadcrumb\":{\"@id\":\"https:\\\/\\\/www.animalsouk.ma\\\/animalerie-maroc\\\/produit\\\/brit-premium-by-nature-chat-adulte-saumon\\\/#breadcrumb\"},\"inLanguage\":\"fr-FR\",\"potentialAction\":[{\"@type\":\"ReadAction\",\"target\":[\"https:\\\/\\\/www.animalsouk.ma\\\/animalerie-maroc\\\/produit\\\/brit-premium-by-nature-chat-adulte-saumon\\\/\"]}]},{\"@type\":\"ImageObject\",\"inLanguage\":\"fr-FR\",\"@id\":\"https:\\\/\\\/www.animalsouk.ma\\\/animalerie-maroc\\\/produit\\\/brit-premium-by-nature-chat-adulte-saumon\\\/#primaryimage\",\"url\":\"https:\\\/\\\/www.animalsouk.ma\\\/animalerie-maroc\\\/wp-content\\\/uploads\\\/2025\\\/12\\\/adult-salmon.png\",\"contentUrl\":\"https:\\\/\\\/www.animalsouk.ma\\\/animalerie-maroc\\\/wp-content\\\/uploads\\\/2025\\\/12\\\/adult-salmon.png\",\"width\":1200,\"height\":1600,\"caption\":\"Brit Premium by Nature Chat Adulte Saumon\"},{\"@type\":\"BreadcrumbList\",\"@id\":\"https:\\\/\\\/www.animalsouk.ma\\\/animalerie-maroc\\\/produit\\\/brit-premium-by-nature-chat-adulte-saumon\\\/#breadcrumb\",\"itemListElement\":[{\"@type\":\"ListItem\",\"position\":1,\"name\":\"Home\",\"item\":\"https:\\\/\\\/www.animalsouk.ma\\\/animalerie-maroc\\\/\"},{\"@type\":\"ListItem\",\"position\":2,\"name\":\"Boutique\",\"item\":\"https:\\\/\\\/www.animalsouk.ma\\\/animalerie-maroc\\\/boutique\\\/\"},{\"@type\":\"ListItem\",\"position\":3,\"name\":\"Brit Premium by Nature Chat Adulte Saumon\"}]},{\"@type\":\"WebSite\",\"@id\":\"https:\\\/\\\/www.animalsouk.ma\\\/animalerie-maroc\\\/#website\",\"url\":\"https:\\\/\\\/www.animalsouk.ma\\\/animalerie-maroc\\\/\",\"name\":\"Animalerie de casablanca\",\"description\":\"\",\"publisher\":{\"@id\":\"https:\\\/\\\/www.animalsouk.ma\\\/animalerie-maroc\\\/#organization\"},\"potentialAction\":[{\"@type\":\"SearchAction\",\"target\":{\"@type\":\"EntryPoint\",\"urlTemplate\":\"https:\\\/\\\/www.animalsouk.ma\\\/animalerie-maroc\\\/?s={search_term_string}\"},\"query-input\":{\"@type\":\"PropertyValueSpecification\",\"valueRequired\":true,\"valueName\":\"search_term_string\"}}],\"inLanguage\":\"fr-FR\"},{\"@type\":\"Organization\",\"@id\":\"https:\\\/\\\/www.animalsouk.ma\\\/animalerie-maroc\\\/#organization\",\"name\":\"Animalerie de casablanca\",\"url\":\"https:\\\/\\\/www.animalsouk.ma\\\/animalerie-maroc\\\/\",\"logo\":{\"@type\":\"ImageObject\",\"inLanguage\":\"fr-FR\",\"@id\":\"https:\\\/\\\/www.animalsouk.ma\\\/animalerie-maroc\\\/#\\\/schema\\\/logo\\\/image\\\/\",\"url\":\"https:\\\/\\\/www.animalsouk.ma\\\/animalerie-maroc\\\/wp-content\\\/uploads\\\/2025\\\/10\\\/animalsouk.ma-logo.png\",\"contentUrl\":\"https:\\\/\\\/www.animalsouk.ma\\\/animalerie-maroc\\\/wp-content\\\/uploads\\\/2025\\\/10\\\/animalsouk.ma-logo.png\",\"width\":760,\"height\":231,\"caption\":\"Animalerie de casablanca\"},\"image\":{\"@id\":\"https:\\\/\\\/www.animalsouk.ma\\\/animalerie-maroc\\\/#\\\/schema\\\/logo\\\/image\\\/\"},\"sameAs\":[\"https:\\\/\\\/www.facebook.com\\\/animalsouk.ma\",\"https:\\\/\\\/www.instagram.com\\\/animalsouk.ma\"]}]}<\/script>\n<!-- \/ Yoast SEO plugin. -->","yoast_head_json":{"title":"Brit Premium by Nature Chat Adulte Saumon - Animalerie Maroc","description":"Achetez votre Brit Premium by Nature Chat Adulte Saumon au meilleur prix au Maroc. Livraison rapide | Animalsouk.ma","robots":{"index":"index","follow":"follow","max-snippet":"max-snippet:-1","max-image-preview":"max-image-preview:large","max-video-preview":"max-video-preview:-1"},"canonical":"https:\/\/www.animalsouk.ma\/animalerie-maroc\/produit\/brit-premium-by-nature-chat-adulte-saumon\/","og_locale":"fr_FR","og_type":"article","og_title":"Brit Premium by Nature Chat Adulte Saumon - Animalerie Maroc","og_description":"Achetez votre Brit Premium by Nature Chat Adulte Saumon au meilleur prix au Maroc. Livraison rapide | Animalsouk.ma","og_url":"https:\/\/www.animalsouk.ma\/animalerie-maroc\/produit\/brit-premium-by-nature-chat-adulte-saumon\/","og_site_name":"Animalerie Maroc","article_publisher":"https:\/\/www.facebook.com\/animalsouk.ma","article_modified_time":"2026-01-22T18:28:27+00:00","og_image":[{"width":1200,"height":1600,"url":"https:\/\/www.animalsouk.ma\/animalerie-maroc\/wp-content\/uploads\/2025\/12\/adult-salmon.png","type":"image\/png"}],"twitter_card":"summary_large_image","twitter_misc":{"Dur\u00e9e de lecture estim\u00e9e":"2 minutes"},"schema":{"@context":"https:\/\/schema.org","@graph":[{"@type":"WebPage","@id":"https:\/\/www.animalsouk.ma\/animalerie-maroc\/produit\/brit-premium-by-nature-chat-adulte-saumon\/","url":"https:\/\/www.animalsouk.ma\/animalerie-maroc\/produit\/brit-premium-by-nature-chat-adulte-saumon\/","name":"Brit Premium by Nature Chat Adulte Saumon - Animalerie Maroc","isPartOf":{"@id":"https:\/\/www.animalsouk.ma\/animalerie-maroc\/#website"},"primaryImageOfPage":{"@id":"https:\/\/www.animalsouk.ma\/animalerie-maroc\/produit\/brit-premium-by-nature-chat-adulte-saumon\/#primaryimage"},"image":{"@id":"https:\/\/www.animalsouk.ma\/animalerie-maroc\/produit\/brit-premium-by-nature-chat-adulte-saumon\/#primaryimage"},"thumbnailUrl":"https:\/\/www.animalsouk.ma\/animalerie-maroc\/wp-content\/uploads\/2025\/12\/adult-salmon.png","datePublished":"2025-12-10T17:20:14+00:00","dateModified":"2026-01-22T18:28:27+00:00","description":"Achetez votre Brit Premium by Nature Chat Adulte Saumon au meilleur prix au Maroc. Livraison rapide | Animalsouk.ma","breadcrumb":{"@id":"https:\/\/www.animalsouk.ma\/animalerie-maroc\/produit\/brit-premium-by-nature-chat-adulte-saumon\/#breadcrumb"},"inLanguage":"fr-FR","potentialAction":[{"@type":"ReadAction","target":["https:\/\/www.animalsouk.ma\/animalerie-maroc\/produit\/brit-premium-by-nature-chat-adulte-saumon\/"]}]},{"@type":"ImageObject","inLanguage":"fr-FR","@id":"https:\/\/www.animalsouk.ma\/animalerie-maroc\/produit\/brit-premium-by-nature-chat-adulte-saumon\/#primaryimage","url":"https:\/\/www.animalsouk.ma\/animalerie-maroc\/wp-content\/uploads\/2025\/12\/adult-salmon.png","contentUrl":"https:\/\/www.animalsouk.ma\/animalerie-maroc\/wp-content\/uploads\/2025\/12\/adult-salmon.png","width":1200,"height":1600,"caption":"Brit Premium by Nature Chat Adulte Saumon"},{"@type":"BreadcrumbList","@id":"https:\/\/www.animalsouk.ma\/animalerie-maroc\/produit\/brit-premium-by-nature-chat-adulte-saumon\/#breadcrumb","itemListElement":[{"@type":"ListItem","position":1,"name":"Home","item":"https:\/\/www.animalsouk.ma\/animalerie-maroc\/"},{"@type":"ListItem","position":2,"name":"Boutique","item":"https:\/\/www.animalsouk.ma\/animalerie-maroc\/boutique\/"},{"@type":"ListItem","position":3,"name":"Brit Premium by Nature Chat Adulte Saumon"}]},{"@type":"WebSite","@id":"https:\/\/www.animalsouk.ma\/animalerie-maroc\/#website","url":"https:\/\/www.animalsouk.ma\/animalerie-maroc\/","name":"Animalerie de casablanca","description":"","publisher":{"@id":"https:\/\/www.animalsouk.ma\/animalerie-maroc\/#organization"},"potentialAction":[{"@type":"SearchAction","target":{"@type":"EntryPoint","urlTemplate":"https:\/\/www.animalsouk.ma\/animalerie-maroc\/?s={search_term_string}"},"query-input":{"@type":"PropertyValueSpecification","valueRequired":true,"valueName":"search_term_string"}}],"inLanguage":"fr-FR"},{"@type":"Organization","@id":"https:\/\/www.animalsouk.ma\/animalerie-maroc\/#organization","name":"Animalerie de casablanca","url":"https:\/\/www.animalsouk.ma\/animalerie-maroc\/","logo":{"@type":"ImageObject","inLanguage":"fr-FR","@id":"https:\/\/www.animalsouk.ma\/animalerie-maroc\/#\/schema\/logo\/image\/","url":"https:\/\/www.animalsouk.ma\/animalerie-maroc\/wp-content\/uploads\/2025\/10\/animalsouk.ma-logo.png","contentUrl":"https:\/\/www.animalsouk.ma\/animalerie-maroc\/wp-content\/uploads\/2025\/10\/animalsouk.ma-logo.png","width":760,"height":231,"caption":"Animalerie de casablanca"},"image":{"@id":"https:\/\/www.animalsouk.ma\/animalerie-maroc\/#\/schema\/logo\/image\/"},"sameAs":["https:\/\/www.facebook.com\/animalsouk.ma","https:\/\/www.instagram.com\/animalsouk.ma"]}]}},"_links":{"self":[{"href":"https:\/\/www.animalsouk.ma\/animalerie-maroc\/wp-json\/wp\/v2\/product\/1208","targetHints":{"allow":["GET"]}}],"collection":[{"href":"https:\/\/www.animalsouk.ma\/animalerie-maroc\/wp-json\/wp\/v2\/product"}],"about":[{"href":"https:\/\/www.animalsouk.ma\/animalerie-maroc\/wp-json\/wp\/v2\/types\/product"}],"wp:featuredmedia":[{"embeddable":true,"href":"https:\/\/www.animalsouk.ma\/animalerie-maroc\/wp-json\/wp\/v2\/media\/1209"}],"wp:attachment":[{"href":"https:\/\/www.animalsouk.ma\/animalerie-maroc\/wp-json\/wp\/v2\/media?parent=1208"}],"wp:term":[{"taxonomy":"product_brand","embeddable":true,"href":"https:\/\/www.animalsouk.ma\/animalerie-maroc\/wp-json\/wp\/v2\/product_brand?post=1208"},{"taxonomy":"product_cat","embeddable":true,"href":"https:\/\/www.animalsouk.ma\/animalerie-maroc\/wp-json\/wp\/v2\/product_cat?post=1208"},{"taxonomy":"product_tag","embeddable":true,"href":"https:\/\/www.animalsouk.ma\/animalerie-maroc\/wp-json\/wp\/v2\/product_tag?post=1208"}],"curies":[{"name":"wp","href":"https:\/\/api.w.org\/{rel}","templated":true}]}}