{"id":1198,"date":"2025-12-10T17:21:16","date_gmt":"2025-12-10T16:21:16","guid":{"rendered":"https:\/\/www.animalsouk.ma\/animalerie-maroc\/?post_type=product&#038;p=1198"},"modified":"2025-12-10T17:21:16","modified_gmt":"2025-12-10T16:21:16","slug":"lait-en-poudre-pour-chiots-et-chiennes-meres","status":"publish","type":"product","link":"https:\/\/www.animalsouk.ma\/animalerie-maroc\/produit\/lait-en-poudre-pour-chiots-et-chiennes-meres\/","title":{"rendered":"Lait en poudre pour chiots et chiennes m\u00e8res"},"content":{"rendered":"<section class=\"product-detailsOne\">\n<div class=\"container-fluid\">\n<div class=\"row row-margin-reset\">\n<div class=\"col-xl-6\">\n<div class=\"right-details\">\n<p><span dir=\"auto\">Ce lait en poudre est con\u00e7u pour les chatons s\u00e9par\u00e9s de leur m\u00e8re tr\u00e8s jeunes. Il r\u00e9pond aux besoins nutritionnels des chatons orphelins et est recommand\u00e9 pour les chatons \u00e2g\u00e9s de 1 \u00e0 90 jours. Sa teneur en vitamines, min\u00e9raux et prot\u00e9ines convient \u00e0 une utilisation comme aliment compl\u00e9mentaire pendant la gestation et la lactation. Il peut \u00e9galement remplacer le lait maternel pour couvrir les besoins en prot\u00e9ines, vitamines, min\u00e9raux et mati\u00e8res grasses des jeunes chatons.<\/span><\/p>\n<\/div>\n<\/div>\n<\/div>\n<\/div>\n<\/section>\n<section class=\"icindekiler\">\n<div class=\"two-column product-content\">\n<div class=\"column-left p-3\">\n<div class=\"icindekiler-tab\">\n<div class=\"card\">\n<div class=\"card-body\">\n<div class=\"flex flex-column mt-4 faq-section\">\n<div class=\"row\">\n<div class=\"col-md-12\">\n<div id=\"accordion\">\n<div class=\"card\">\n<div id=\"heading-5\" class=\"card-header\">\n<h3 class=\"mb-0\">Composition<\/h3>\n<div id=\"collapse-2\" class=\"collapse show\" data-parent=\"#accordion\" aria-labelledby=\"heading-2\">\n<div class=\"card-body\">\n<table class=\"table table-striped\">\n<tbody>\n<tr>\n<td><span dir=\"auto\">Prot\u00e9ine<\/span><\/td>\n<td><span dir=\"auto\">10,60%<\/span><\/td>\n<\/tr>\n<tr>\n<td><span dir=\"auto\">teneur en mati\u00e8res grasses<\/span><\/td>\n<td><span dir=\"auto\">4,9%<\/span><\/td>\n<\/tr>\n<tr>\n<td><span dir=\"auto\">Fibres brutes<\/span><\/td>\n<td><span dir=\"auto\">3%<\/span><\/td>\n<\/tr>\n<tr>\n<td><span dir=\"auto\">Cendres brutes<\/span><\/td>\n<td><span dir=\"auto\">4,3%<\/span><\/td>\n<\/tr>\n<tr>\n<td><span dir=\"auto\">Humidit\u00e9<\/span><\/td>\n<td><span dir=\"auto\">9,9%<\/span><\/td>\n<\/tr>\n<\/tbody>\n<\/table>\n<div id=\"heading-4\" class=\"card-header\">\n<h3 class=\"mb-0\"><span dir=\"auto\">Recommandations et mises en garde nutritionnelles<\/span><\/h3>\n<\/div>\n<div id=\"collapse-4\" class=\"collapse show\" data-parent=\"#accordion\" aria-labelledby=\"heading-4\">\n<div class=\"card-body\">\n<p><span dir=\"auto\">Ajoutez 100 ml de lait en poudre pour chiens \u00e0 un demi-verre d&rsquo;eau ti\u00e8de et laissez dissoudre compl\u00e8tement avant de donner \u00e0 votre chien. Vous pouvez pr\u00e9parer une nouvelle solution toutes les 4 heures. Chaque pr\u00e9paration doit \u00eatre consomm\u00e9e dans les 45 minutes.<\/span><\/p>\n<\/div>\n<\/div>\n<\/div>\n<\/div>\n<\/div>\n<\/div>\n<\/div>\n<\/div>\n<\/div>\n<\/div>\n<\/div>\n<\/div>\n<\/div>\n<\/div>\n<\/div>\n<\/section>\n","protected":false},"excerpt":{"rendered":"<p>Ce lait en poudre est con\u00e7u pour les chatons s\u00e9par\u00e9s de leur m\u00e8re tr\u00e8s jeunes. Il r\u00e9pond aux besoins nutritionnels des chatons orphelins et est recommand\u00e9 pour les chatons \u00e2g\u00e9s de 1 \u00e0 90 jours. Sa teneur en vitamines, min\u00e9raux et prot\u00e9ines convient \u00e0 une utilisation comme aliment compl\u00e9mentaire pendant la gestation et la lactation. [&#8230;]\n","protected":false},"featured_media":1199,"template":"","meta":[],"product_brand":[],"product_cat":[20],"product_tag":[],"class_list":{"0":"post-1198","1":"product","2":"type-product","3":"status-publish","4":"has-post-thumbnail","6":"product_cat-alimentation-pour-chiens","8":"first","9":"instock","10":"sale","11":"shipping-taxable","12":"purchasable","13":"product-type-simple"},"yoast_head":"<!-- This site is optimized with the Yoast SEO plugin v27.3 - https:\/\/yoast.com\/product\/yoast-seo-wordpress\/ -->\n<title>Lait en poudre pour chiots et chiennes m\u00e8res - Animalerie Maroc<\/title>\n<meta name=\"description\" content=\"Achetez votre Lait en poudre pour chiots et chiennes m\u00e8res au meilleur prix au Maroc. Livraison rapide | Animalsouk.ma\" \/>\n<meta name=\"robots\" content=\"index, follow, max-snippet:-1, max-image-preview:large, max-video-preview:-1\" \/>\n<link rel=\"canonical\" href=\"https:\/\/www.animalsouk.ma\/animalerie-maroc\/produit\/lait-en-poudre-pour-chiots-et-chiennes-meres\/\" \/>\n<meta property=\"og:locale\" content=\"fr_FR\" \/>\n<meta property=\"og:type\" content=\"article\" \/>\n<meta property=\"og:title\" content=\"Lait en poudre pour chiots et chiennes m\u00e8res - Animalerie Maroc\" \/>\n<meta property=\"og:description\" content=\"Achetez votre Lait en poudre pour chiots et chiennes m\u00e8res au meilleur prix au Maroc. Livraison rapide | Animalsouk.ma\" \/>\n<meta property=\"og:url\" content=\"https:\/\/www.animalsouk.ma\/animalerie-maroc\/produit\/lait-en-poudre-pour-chiots-et-chiennes-meres\/\" \/>\n<meta property=\"og:site_name\" content=\"Animalerie Maroc\" \/>\n<meta property=\"article:publisher\" content=\"https:\/\/www.facebook.com\/animalsouk.ma\" \/>\n<meta property=\"og:image\" content=\"https:\/\/www.animalsouk.ma\/animalerie-maroc\/wp-content\/uploads\/2025\/12\/product_gallery_2024-08-14_11-22-38-500x609-1.png\" \/>\n\t<meta property=\"og:image:width\" content=\"500\" \/>\n\t<meta property=\"og:image:height\" content=\"609\" \/>\n\t<meta property=\"og:image:type\" content=\"image\/png\" \/>\n<meta name=\"twitter:card\" content=\"summary_large_image\" \/>\n<meta name=\"twitter:label1\" content=\"Dur\u00e9e de lecture estim\u00e9e\" \/>\n\t<meta name=\"twitter:data1\" content=\"1 minute\" \/>\n<script type=\"application\/ld+json\" class=\"yoast-schema-graph\">{\"@context\":\"https:\\\/\\\/schema.org\",\"@graph\":[{\"@type\":\"WebPage\",\"@id\":\"https:\\\/\\\/www.animalsouk.ma\\\/animalerie-maroc\\\/produit\\\/lait-en-poudre-pour-chiots-et-chiennes-meres\\\/\",\"url\":\"https:\\\/\\\/www.animalsouk.ma\\\/animalerie-maroc\\\/produit\\\/lait-en-poudre-pour-chiots-et-chiennes-meres\\\/\",\"name\":\"Lait en poudre pour chiots et chiennes m\u00e8res - Animalerie Maroc\",\"isPartOf\":{\"@id\":\"https:\\\/\\\/www.animalsouk.ma\\\/animalerie-maroc\\\/#website\"},\"primaryImageOfPage\":{\"@id\":\"https:\\\/\\\/www.animalsouk.ma\\\/animalerie-maroc\\\/produit\\\/lait-en-poudre-pour-chiots-et-chiennes-meres\\\/#primaryimage\"},\"image\":{\"@id\":\"https:\\\/\\\/www.animalsouk.ma\\\/animalerie-maroc\\\/produit\\\/lait-en-poudre-pour-chiots-et-chiennes-meres\\\/#primaryimage\"},\"thumbnailUrl\":\"https:\\\/\\\/www.animalsouk.ma\\\/animalerie-maroc\\\/wp-content\\\/uploads\\\/2025\\\/12\\\/product_gallery_2024-08-14_11-22-38-500x609-1.png\",\"datePublished\":\"2025-12-10T16:21:16+00:00\",\"description\":\"Achetez votre Lait en poudre pour chiots et chiennes m\u00e8res au meilleur prix au Maroc. Livraison rapide | Animalsouk.ma\",\"breadcrumb\":{\"@id\":\"https:\\\/\\\/www.animalsouk.ma\\\/animalerie-maroc\\\/produit\\\/lait-en-poudre-pour-chiots-et-chiennes-meres\\\/#breadcrumb\"},\"inLanguage\":\"fr-FR\",\"potentialAction\":[{\"@type\":\"ReadAction\",\"target\":[\"https:\\\/\\\/www.animalsouk.ma\\\/animalerie-maroc\\\/produit\\\/lait-en-poudre-pour-chiots-et-chiennes-meres\\\/\"]}]},{\"@type\":\"ImageObject\",\"inLanguage\":\"fr-FR\",\"@id\":\"https:\\\/\\\/www.animalsouk.ma\\\/animalerie-maroc\\\/produit\\\/lait-en-poudre-pour-chiots-et-chiennes-meres\\\/#primaryimage\",\"url\":\"https:\\\/\\\/www.animalsouk.ma\\\/animalerie-maroc\\\/wp-content\\\/uploads\\\/2025\\\/12\\\/product_gallery_2024-08-14_11-22-38-500x609-1.png\",\"contentUrl\":\"https:\\\/\\\/www.animalsouk.ma\\\/animalerie-maroc\\\/wp-content\\\/uploads\\\/2025\\\/12\\\/product_gallery_2024-08-14_11-22-38-500x609-1.png\",\"width\":500,\"height\":609,\"caption\":\"Lait en poudre pour chiots et chiennes m\u00e8res\"},{\"@type\":\"BreadcrumbList\",\"@id\":\"https:\\\/\\\/www.animalsouk.ma\\\/animalerie-maroc\\\/produit\\\/lait-en-poudre-pour-chiots-et-chiennes-meres\\\/#breadcrumb\",\"itemListElement\":[{\"@type\":\"ListItem\",\"position\":1,\"name\":\"Home\",\"item\":\"https:\\\/\\\/www.animalsouk.ma\\\/animalerie-maroc\\\/\"},{\"@type\":\"ListItem\",\"position\":2,\"name\":\"Boutique\",\"item\":\"https:\\\/\\\/www.animalsouk.ma\\\/animalerie-maroc\\\/boutique\\\/\"},{\"@type\":\"ListItem\",\"position\":3,\"name\":\"Lait en poudre pour chiots et chiennes m\u00e8res\"}]},{\"@type\":\"WebSite\",\"@id\":\"https:\\\/\\\/www.animalsouk.ma\\\/animalerie-maroc\\\/#website\",\"url\":\"https:\\\/\\\/www.animalsouk.ma\\\/animalerie-maroc\\\/\",\"name\":\"Animalerie de casablanca\",\"description\":\"\",\"publisher\":{\"@id\":\"https:\\\/\\\/www.animalsouk.ma\\\/animalerie-maroc\\\/#organization\"},\"potentialAction\":[{\"@type\":\"SearchAction\",\"target\":{\"@type\":\"EntryPoint\",\"urlTemplate\":\"https:\\\/\\\/www.animalsouk.ma\\\/animalerie-maroc\\\/?s={search_term_string}\"},\"query-input\":{\"@type\":\"PropertyValueSpecification\",\"valueRequired\":true,\"valueName\":\"search_term_string\"}}],\"inLanguage\":\"fr-FR\"},{\"@type\":\"Organization\",\"@id\":\"https:\\\/\\\/www.animalsouk.ma\\\/animalerie-maroc\\\/#organization\",\"name\":\"Animalerie de casablanca\",\"url\":\"https:\\\/\\\/www.animalsouk.ma\\\/animalerie-maroc\\\/\",\"logo\":{\"@type\":\"ImageObject\",\"inLanguage\":\"fr-FR\",\"@id\":\"https:\\\/\\\/www.animalsouk.ma\\\/animalerie-maroc\\\/#\\\/schema\\\/logo\\\/image\\\/\",\"url\":\"https:\\\/\\\/www.animalsouk.ma\\\/animalerie-maroc\\\/wp-content\\\/uploads\\\/2025\\\/10\\\/animalsouk.ma-logo.png\",\"contentUrl\":\"https:\\\/\\\/www.animalsouk.ma\\\/animalerie-maroc\\\/wp-content\\\/uploads\\\/2025\\\/10\\\/animalsouk.ma-logo.png\",\"width\":760,\"height\":231,\"caption\":\"Animalerie de casablanca\"},\"image\":{\"@id\":\"https:\\\/\\\/www.animalsouk.ma\\\/animalerie-maroc\\\/#\\\/schema\\\/logo\\\/image\\\/\"},\"sameAs\":[\"https:\\\/\\\/www.facebook.com\\\/animalsouk.ma\",\"https:\\\/\\\/www.instagram.com\\\/animalsouk.ma\"]}]}<\/script>\n<!-- \/ Yoast SEO plugin. -->","yoast_head_json":{"title":"Lait en poudre pour chiots et chiennes m\u00e8res - Animalerie Maroc","description":"Achetez votre Lait en poudre pour chiots et chiennes m\u00e8res au meilleur prix au Maroc. Livraison rapide | Animalsouk.ma","robots":{"index":"index","follow":"follow","max-snippet":"max-snippet:-1","max-image-preview":"max-image-preview:large","max-video-preview":"max-video-preview:-1"},"canonical":"https:\/\/www.animalsouk.ma\/animalerie-maroc\/produit\/lait-en-poudre-pour-chiots-et-chiennes-meres\/","og_locale":"fr_FR","og_type":"article","og_title":"Lait en poudre pour chiots et chiennes m\u00e8res - Animalerie Maroc","og_description":"Achetez votre Lait en poudre pour chiots et chiennes m\u00e8res au meilleur prix au Maroc. Livraison rapide | Animalsouk.ma","og_url":"https:\/\/www.animalsouk.ma\/animalerie-maroc\/produit\/lait-en-poudre-pour-chiots-et-chiennes-meres\/","og_site_name":"Animalerie Maroc","article_publisher":"https:\/\/www.facebook.com\/animalsouk.ma","og_image":[{"width":500,"height":609,"url":"https:\/\/www.animalsouk.ma\/animalerie-maroc\/wp-content\/uploads\/2025\/12\/product_gallery_2024-08-14_11-22-38-500x609-1.png","type":"image\/png"}],"twitter_card":"summary_large_image","twitter_misc":{"Dur\u00e9e de lecture estim\u00e9e":"1 minute"},"schema":{"@context":"https:\/\/schema.org","@graph":[{"@type":"WebPage","@id":"https:\/\/www.animalsouk.ma\/animalerie-maroc\/produit\/lait-en-poudre-pour-chiots-et-chiennes-meres\/","url":"https:\/\/www.animalsouk.ma\/animalerie-maroc\/produit\/lait-en-poudre-pour-chiots-et-chiennes-meres\/","name":"Lait en poudre pour chiots et chiennes m\u00e8res - Animalerie Maroc","isPartOf":{"@id":"https:\/\/www.animalsouk.ma\/animalerie-maroc\/#website"},"primaryImageOfPage":{"@id":"https:\/\/www.animalsouk.ma\/animalerie-maroc\/produit\/lait-en-poudre-pour-chiots-et-chiennes-meres\/#primaryimage"},"image":{"@id":"https:\/\/www.animalsouk.ma\/animalerie-maroc\/produit\/lait-en-poudre-pour-chiots-et-chiennes-meres\/#primaryimage"},"thumbnailUrl":"https:\/\/www.animalsouk.ma\/animalerie-maroc\/wp-content\/uploads\/2025\/12\/product_gallery_2024-08-14_11-22-38-500x609-1.png","datePublished":"2025-12-10T16:21:16+00:00","description":"Achetez votre Lait en poudre pour chiots et chiennes m\u00e8res au meilleur prix au Maroc. Livraison rapide | Animalsouk.ma","breadcrumb":{"@id":"https:\/\/www.animalsouk.ma\/animalerie-maroc\/produit\/lait-en-poudre-pour-chiots-et-chiennes-meres\/#breadcrumb"},"inLanguage":"fr-FR","potentialAction":[{"@type":"ReadAction","target":["https:\/\/www.animalsouk.ma\/animalerie-maroc\/produit\/lait-en-poudre-pour-chiots-et-chiennes-meres\/"]}]},{"@type":"ImageObject","inLanguage":"fr-FR","@id":"https:\/\/www.animalsouk.ma\/animalerie-maroc\/produit\/lait-en-poudre-pour-chiots-et-chiennes-meres\/#primaryimage","url":"https:\/\/www.animalsouk.ma\/animalerie-maroc\/wp-content\/uploads\/2025\/12\/product_gallery_2024-08-14_11-22-38-500x609-1.png","contentUrl":"https:\/\/www.animalsouk.ma\/animalerie-maroc\/wp-content\/uploads\/2025\/12\/product_gallery_2024-08-14_11-22-38-500x609-1.png","width":500,"height":609,"caption":"Lait en poudre pour chiots et chiennes m\u00e8res"},{"@type":"BreadcrumbList","@id":"https:\/\/www.animalsouk.ma\/animalerie-maroc\/produit\/lait-en-poudre-pour-chiots-et-chiennes-meres\/#breadcrumb","itemListElement":[{"@type":"ListItem","position":1,"name":"Home","item":"https:\/\/www.animalsouk.ma\/animalerie-maroc\/"},{"@type":"ListItem","position":2,"name":"Boutique","item":"https:\/\/www.animalsouk.ma\/animalerie-maroc\/boutique\/"},{"@type":"ListItem","position":3,"name":"Lait en poudre pour chiots et chiennes m\u00e8res"}]},{"@type":"WebSite","@id":"https:\/\/www.animalsouk.ma\/animalerie-maroc\/#website","url":"https:\/\/www.animalsouk.ma\/animalerie-maroc\/","name":"Animalerie de casablanca","description":"","publisher":{"@id":"https:\/\/www.animalsouk.ma\/animalerie-maroc\/#organization"},"potentialAction":[{"@type":"SearchAction","target":{"@type":"EntryPoint","urlTemplate":"https:\/\/www.animalsouk.ma\/animalerie-maroc\/?s={search_term_string}"},"query-input":{"@type":"PropertyValueSpecification","valueRequired":true,"valueName":"search_term_string"}}],"inLanguage":"fr-FR"},{"@type":"Organization","@id":"https:\/\/www.animalsouk.ma\/animalerie-maroc\/#organization","name":"Animalerie de casablanca","url":"https:\/\/www.animalsouk.ma\/animalerie-maroc\/","logo":{"@type":"ImageObject","inLanguage":"fr-FR","@id":"https:\/\/www.animalsouk.ma\/animalerie-maroc\/#\/schema\/logo\/image\/","url":"https:\/\/www.animalsouk.ma\/animalerie-maroc\/wp-content\/uploads\/2025\/10\/animalsouk.ma-logo.png","contentUrl":"https:\/\/www.animalsouk.ma\/animalerie-maroc\/wp-content\/uploads\/2025\/10\/animalsouk.ma-logo.png","width":760,"height":231,"caption":"Animalerie de casablanca"},"image":{"@id":"https:\/\/www.animalsouk.ma\/animalerie-maroc\/#\/schema\/logo\/image\/"},"sameAs":["https:\/\/www.facebook.com\/animalsouk.ma","https:\/\/www.instagram.com\/animalsouk.ma"]}]}},"_links":{"self":[{"href":"https:\/\/www.animalsouk.ma\/animalerie-maroc\/wp-json\/wp\/v2\/product\/1198","targetHints":{"allow":["GET"]}}],"collection":[{"href":"https:\/\/www.animalsouk.ma\/animalerie-maroc\/wp-json\/wp\/v2\/product"}],"about":[{"href":"https:\/\/www.animalsouk.ma\/animalerie-maroc\/wp-json\/wp\/v2\/types\/product"}],"wp:featuredmedia":[{"embeddable":true,"href":"https:\/\/www.animalsouk.ma\/animalerie-maroc\/wp-json\/wp\/v2\/media\/1199"}],"wp:attachment":[{"href":"https:\/\/www.animalsouk.ma\/animalerie-maroc\/wp-json\/wp\/v2\/media?parent=1198"}],"wp:term":[{"taxonomy":"product_brand","embeddable":true,"href":"https:\/\/www.animalsouk.ma\/animalerie-maroc\/wp-json\/wp\/v2\/product_brand?post=1198"},{"taxonomy":"product_cat","embeddable":true,"href":"https:\/\/www.animalsouk.ma\/animalerie-maroc\/wp-json\/wp\/v2\/product_cat?post=1198"},{"taxonomy":"product_tag","embeddable":true,"href":"https:\/\/www.animalsouk.ma\/animalerie-maroc\/wp-json\/wp\/v2\/product_tag?post=1198"}],"curies":[{"name":"wp","href":"https:\/\/api.w.org\/{rel}","templated":true}]}}