{"id":1195,"date":"2025-12-10T17:09:24","date_gmt":"2025-12-10T16:09:24","guid":{"rendered":"https:\/\/www.animalsouk.ma\/animalerie-maroc\/?post_type=product&#038;p=1195"},"modified":"2025-12-10T17:09:24","modified_gmt":"2025-12-10T16:09:24","slug":"gel-feli%cc%87lysine-complements-de-l-lysine-pour-chats","status":"publish","type":"product","link":"https:\/\/www.animalsouk.ma\/animalerie-maroc\/produit\/gel-feli%cc%87lysine-complements-de-l-lysine-pour-chats\/","title":{"rendered":"Gel Feli\u0307lysine &#8211; Compl\u00e9ments de L-lysine pour chats"},"content":{"rendered":"<section class=\"elementor-section elementor-top-section elementor-element elementor-element-4597368 elementor-section-boxed elementor-section-height-default elementor-section-height-default tf-sticky-section tf-sticky-no\" data-id=\"4597368\" data-element_type=\"section\" data-settings=\"{&quot;background_background&quot;:&quot;classic&quot;,&quot;tf_sticky&quot;:&quot;no&quot;}\">\n<div class=\"elementor-container elementor-column-gap-no\">\n<div class=\"elementor-column elementor-col-50 elementor-top-column elementor-element elementor-element-8258e2c\" data-id=\"8258e2c\" data-element_type=\"column\">\n<div class=\"elementor-widget-wrap elementor-element-populated\">\n<div class=\"elementor-element elementor-element-23f107f elementor-widget elementor-widget-woocommerce-product-content\" data-id=\"23f107f\" data-element_type=\"widget\" data-widget_type=\"woocommerce-product-content.default\">\n<div class=\"elementor-widget-container\">\n<div class=\"vgblk-rw-wrapper limit-wrapper\"><strong><span dir=\"auto\">Compl\u00e9ments de L-lysine<\/span><\/strong><span dir=\"auto\">\u00a0sous forme de comprim\u00e9s \u00e0 croquer et de gel, sp\u00e9cialement formul\u00e9s pour soutenir le syst\u00e8me immunitaire des chats.<\/span><span dir=\"auto\">Le r\u00f4le de la L-lysine dans l&rsquo;organisme ;<\/span><\/p>\n<p><span dir=\"auto\">Des \u00e9tudes ont d\u00e9montr\u00e9 qu&rsquo;en plus de son r\u00f4le essentiel dans la synth\u00e8se des prot\u00e9ines, un apport alimentaire accru en lysine pr\u00e9sente des avantages pour lutter contre l&rsquo;herp\u00e8svirus, agent responsable des maladies des voies respiratoires sup\u00e9rieures chez le chat, commun\u00e9ment appel\u00e9es rhinite f\u00e9line. La suppl\u00e9mentation en lysine r\u00e9duit la gravit\u00e9 et la dur\u00e9e des infections chez les animaux infect\u00e9s et diminue le risque de r\u00e9cidives.<\/span><\/p>\n<ul>\n<li><span dir=\"auto\">Aide les animaux de compagnie \u00e0 produire\u00a0<\/span><strong><span dir=\"auto\">des anticorps<\/span><\/strong><span dir=\"auto\">\u00a0et\u00a0<\/span><strong><span dir=\"auto\">des enzymes<\/span><\/strong><span dir=\"auto\">\u00a0qui soutiennent le<\/span><\/li>\n<\/ul>\n<p><strong><span dir=\"auto\">syst\u00e8me immunitaire.<\/span><\/strong><\/p>\n<ul>\n<li><span dir=\"auto\">Favorise\u00a0<\/span><strong><span dir=\"auto\">une bonne fonction oculaire<\/span><\/strong><span dir=\"auto\">\u00a0et\u00a0<\/span><strong><span dir=\"auto\">une respiration normale<\/span><\/strong><\/li>\n<li><span dir=\"auto\">Contribue \u00e0 soulager\u00a0<\/span><strong><span dir=\"auto\">l&rsquo;herp\u00e8svirus f\u00e9lin de type 1 (FHV-1).<\/span><\/strong><\/li>\n<\/ul>\n<\/div>\n<\/div>\n<\/div>\n<\/div>\n<\/div>\n<\/div>\n<\/section>\n<section class=\"elementor-section elementor-top-section elementor-element elementor-element-b2d2655 elementor-section-boxed elementor-section-height-default elementor-section-height-default tf-sticky-section tf-sticky-no\" data-id=\"b2d2655\" data-element_type=\"section\" data-settings=\"{&quot;tf_sticky&quot;:&quot;no&quot;}\">\n<div class=\"elementor-container elementor-column-gap-default\">\n<div class=\"elementor-column elementor-col-100 elementor-top-column elementor-element elementor-element-59ba292\" data-id=\"59ba292\" data-element_type=\"column\">\n<div class=\"elementor-widget-wrap elementor-element-populated\"><\/div>\n<\/div>\n<\/div>\n<\/section>\n","protected":false},"excerpt":{"rendered":"<p>Compl\u00e9ments de L-lysine\u00a0sous forme de comprim\u00e9s \u00e0 croquer et de gel, sp\u00e9cialement formul\u00e9s pour soutenir le syst\u00e8me immunitaire des chats.Le r\u00f4le de la L-lysine dans l&rsquo;organisme ; Des \u00e9tudes ont d\u00e9montr\u00e9 qu&rsquo;en plus de son r\u00f4le essentiel dans la synth\u00e8se des prot\u00e9ines, un apport alimentaire accru en lysine pr\u00e9sente des avantages pour lutter contre l&rsquo;herp\u00e8svirus, [&#8230;]\n","protected":false},"featured_media":1190,"template":"","meta":[],"product_brand":[33],"product_cat":[43],"product_tag":[],"class_list":{"0":"post-1195","1":"product","2":"type-product","3":"status-publish","4":"has-post-thumbnail","6":"product_brand-bio-petactive","7":"product_cat-chats","9":"first","10":"outofstock","11":"shipping-taxable","12":"purchasable","13":"product-type-simple"},"yoast_head":"<!-- This site is optimized with the Yoast SEO plugin v27.3 - https:\/\/yoast.com\/product\/yoast-seo-wordpress\/ -->\n<title>Gel Feli\u0307lysine - Compl\u00e9ments de L-lysine pour chats - Animalerie Maroc<\/title>\n<meta name=\"description\" content=\"Achetez votre Gel Feli\u0307lysine - Compl\u00e9ments de L-lysine pour chats au meilleur prix au Maroc. Livraison rapide | Animalsouk.ma\" \/>\n<meta name=\"robots\" content=\"index, follow, max-snippet:-1, max-image-preview:large, max-video-preview:-1\" \/>\n<link rel=\"canonical\" href=\"https:\/\/www.animalsouk.ma\/animalerie-maroc\/produit\/gel-feli\u0307lysine-complements-de-l-lysine-pour-chats\/\" \/>\n<meta property=\"og:locale\" content=\"fr_FR\" \/>\n<meta property=\"og:type\" content=\"article\" \/>\n<meta property=\"og:title\" content=\"Gel Feli\u0307lysine - Compl\u00e9ments de L-lysine pour chats - Animalerie Maroc\" \/>\n<meta property=\"og:description\" content=\"Achetez votre Gel Feli\u0307lysine - Compl\u00e9ments de L-lysine pour chats au meilleur prix au Maroc. Livraison rapide | Animalsouk.ma\" \/>\n<meta property=\"og:url\" content=\"https:\/\/www.animalsouk.ma\/animalerie-maroc\/produit\/gel-feli\u0307lysine-complements-de-l-lysine-pour-chats\/\" \/>\n<meta property=\"og:site_name\" content=\"Animalerie Maroc\" \/>\n<meta property=\"article:publisher\" content=\"https:\/\/www.facebook.com\/animalsouk.ma\" \/>\n<meta property=\"og:image\" content=\"https:\/\/www.animalsouk.ma\/animalerie-maroc\/wp-content\/uploads\/2025\/12\/felill.jpg\" \/>\n\t<meta property=\"og:image:width\" content=\"1000\" \/>\n\t<meta property=\"og:image:height\" content=\"1000\" \/>\n\t<meta property=\"og:image:type\" content=\"image\/jpeg\" \/>\n<meta name=\"twitter:card\" content=\"summary_large_image\" \/>\n<meta name=\"twitter:label1\" content=\"Dur\u00e9e de lecture estim\u00e9e\" \/>\n\t<meta name=\"twitter:data1\" content=\"1 minute\" \/>\n<script type=\"application\/ld+json\" class=\"yoast-schema-graph\">{\"@context\":\"https:\\\/\\\/schema.org\",\"@graph\":[{\"@type\":\"WebPage\",\"@id\":\"https:\\\/\\\/www.animalsouk.ma\\\/animalerie-maroc\\\/produit\\\/gel-feli%cc%87lysine-complements-de-l-lysine-pour-chats\\\/\",\"url\":\"https:\\\/\\\/www.animalsouk.ma\\\/animalerie-maroc\\\/produit\\\/gel-feli%cc%87lysine-complements-de-l-lysine-pour-chats\\\/\",\"name\":\"Gel Feli\u0307lysine - Compl\u00e9ments de L-lysine pour chats - Animalerie Maroc\",\"isPartOf\":{\"@id\":\"https:\\\/\\\/www.animalsouk.ma\\\/animalerie-maroc\\\/#website\"},\"primaryImageOfPage\":{\"@id\":\"https:\\\/\\\/www.animalsouk.ma\\\/animalerie-maroc\\\/produit\\\/gel-feli%cc%87lysine-complements-de-l-lysine-pour-chats\\\/#primaryimage\"},\"image\":{\"@id\":\"https:\\\/\\\/www.animalsouk.ma\\\/animalerie-maroc\\\/produit\\\/gel-feli%cc%87lysine-complements-de-l-lysine-pour-chats\\\/#primaryimage\"},\"thumbnailUrl\":\"https:\\\/\\\/www.animalsouk.ma\\\/animalerie-maroc\\\/wp-content\\\/uploads\\\/2025\\\/12\\\/felill.jpg\",\"datePublished\":\"2025-12-10T16:09:24+00:00\",\"description\":\"Achetez votre Gel Feli\u0307lysine - Compl\u00e9ments de L-lysine pour chats au meilleur prix au Maroc. Livraison rapide | Animalsouk.ma\",\"breadcrumb\":{\"@id\":\"https:\\\/\\\/www.animalsouk.ma\\\/animalerie-maroc\\\/produit\\\/gel-feli%cc%87lysine-complements-de-l-lysine-pour-chats\\\/#breadcrumb\"},\"inLanguage\":\"fr-FR\",\"potentialAction\":[{\"@type\":\"ReadAction\",\"target\":[\"https:\\\/\\\/www.animalsouk.ma\\\/animalerie-maroc\\\/produit\\\/gel-feli%cc%87lysine-complements-de-l-lysine-pour-chats\\\/\"]}]},{\"@type\":\"ImageObject\",\"inLanguage\":\"fr-FR\",\"@id\":\"https:\\\/\\\/www.animalsouk.ma\\\/animalerie-maroc\\\/produit\\\/gel-feli%cc%87lysine-complements-de-l-lysine-pour-chats\\\/#primaryimage\",\"url\":\"https:\\\/\\\/www.animalsouk.ma\\\/animalerie-maroc\\\/wp-content\\\/uploads\\\/2025\\\/12\\\/felill.jpg\",\"contentUrl\":\"https:\\\/\\\/www.animalsouk.ma\\\/animalerie-maroc\\\/wp-content\\\/uploads\\\/2025\\\/12\\\/felill.jpg\",\"width\":1000,\"height\":1000,\"caption\":\"Gel Feli\u0307lysine - Compl\u00e9ments de L-lysine pour chats\"},{\"@type\":\"BreadcrumbList\",\"@id\":\"https:\\\/\\\/www.animalsouk.ma\\\/animalerie-maroc\\\/produit\\\/gel-feli%cc%87lysine-complements-de-l-lysine-pour-chats\\\/#breadcrumb\",\"itemListElement\":[{\"@type\":\"ListItem\",\"position\":1,\"name\":\"Home\",\"item\":\"https:\\\/\\\/www.animalsouk.ma\\\/animalerie-maroc\\\/\"},{\"@type\":\"ListItem\",\"position\":2,\"name\":\"Boutique\",\"item\":\"https:\\\/\\\/www.animalsouk.ma\\\/animalerie-maroc\\\/boutique\\\/\"},{\"@type\":\"ListItem\",\"position\":3,\"name\":\"Gel Feli\u0307lysine &#8211; Compl\u00e9ments de L-lysine pour chats\"}]},{\"@type\":\"WebSite\",\"@id\":\"https:\\\/\\\/www.animalsouk.ma\\\/animalerie-maroc\\\/#website\",\"url\":\"https:\\\/\\\/www.animalsouk.ma\\\/animalerie-maroc\\\/\",\"name\":\"Animalerie de casablanca\",\"description\":\"\",\"publisher\":{\"@id\":\"https:\\\/\\\/www.animalsouk.ma\\\/animalerie-maroc\\\/#organization\"},\"potentialAction\":[{\"@type\":\"SearchAction\",\"target\":{\"@type\":\"EntryPoint\",\"urlTemplate\":\"https:\\\/\\\/www.animalsouk.ma\\\/animalerie-maroc\\\/?s={search_term_string}\"},\"query-input\":{\"@type\":\"PropertyValueSpecification\",\"valueRequired\":true,\"valueName\":\"search_term_string\"}}],\"inLanguage\":\"fr-FR\"},{\"@type\":\"Organization\",\"@id\":\"https:\\\/\\\/www.animalsouk.ma\\\/animalerie-maroc\\\/#organization\",\"name\":\"Animalerie de casablanca\",\"url\":\"https:\\\/\\\/www.animalsouk.ma\\\/animalerie-maroc\\\/\",\"logo\":{\"@type\":\"ImageObject\",\"inLanguage\":\"fr-FR\",\"@id\":\"https:\\\/\\\/www.animalsouk.ma\\\/animalerie-maroc\\\/#\\\/schema\\\/logo\\\/image\\\/\",\"url\":\"https:\\\/\\\/www.animalsouk.ma\\\/animalerie-maroc\\\/wp-content\\\/uploads\\\/2025\\\/10\\\/animalsouk.ma-logo.png\",\"contentUrl\":\"https:\\\/\\\/www.animalsouk.ma\\\/animalerie-maroc\\\/wp-content\\\/uploads\\\/2025\\\/10\\\/animalsouk.ma-logo.png\",\"width\":760,\"height\":231,\"caption\":\"Animalerie de casablanca\"},\"image\":{\"@id\":\"https:\\\/\\\/www.animalsouk.ma\\\/animalerie-maroc\\\/#\\\/schema\\\/logo\\\/image\\\/\"},\"sameAs\":[\"https:\\\/\\\/www.facebook.com\\\/animalsouk.ma\",\"https:\\\/\\\/www.instagram.com\\\/animalsouk.ma\"]}]}<\/script>\n<!-- \/ Yoast SEO plugin. -->","yoast_head_json":{"title":"Gel Feli\u0307lysine - Compl\u00e9ments de L-lysine pour chats - Animalerie Maroc","description":"Achetez votre Gel Feli\u0307lysine - Compl\u00e9ments de L-lysine pour chats au meilleur prix au Maroc. Livraison rapide | Animalsouk.ma","robots":{"index":"index","follow":"follow","max-snippet":"max-snippet:-1","max-image-preview":"max-image-preview:large","max-video-preview":"max-video-preview:-1"},"canonical":"https:\/\/www.animalsouk.ma\/animalerie-maroc\/produit\/gel-feli\u0307lysine-complements-de-l-lysine-pour-chats\/","og_locale":"fr_FR","og_type":"article","og_title":"Gel Feli\u0307lysine - Compl\u00e9ments de L-lysine pour chats - Animalerie Maroc","og_description":"Achetez votre Gel Feli\u0307lysine - Compl\u00e9ments de L-lysine pour chats au meilleur prix au Maroc. Livraison rapide | Animalsouk.ma","og_url":"https:\/\/www.animalsouk.ma\/animalerie-maroc\/produit\/gel-feli\u0307lysine-complements-de-l-lysine-pour-chats\/","og_site_name":"Animalerie Maroc","article_publisher":"https:\/\/www.facebook.com\/animalsouk.ma","og_image":[{"width":1000,"height":1000,"url":"https:\/\/www.animalsouk.ma\/animalerie-maroc\/wp-content\/uploads\/2025\/12\/felill.jpg","type":"image\/jpeg"}],"twitter_card":"summary_large_image","twitter_misc":{"Dur\u00e9e de lecture estim\u00e9e":"1 minute"},"schema":{"@context":"https:\/\/schema.org","@graph":[{"@type":"WebPage","@id":"https:\/\/www.animalsouk.ma\/animalerie-maroc\/produit\/gel-feli%cc%87lysine-complements-de-l-lysine-pour-chats\/","url":"https:\/\/www.animalsouk.ma\/animalerie-maroc\/produit\/gel-feli%cc%87lysine-complements-de-l-lysine-pour-chats\/","name":"Gel Feli\u0307lysine - Compl\u00e9ments de L-lysine pour chats - Animalerie Maroc","isPartOf":{"@id":"https:\/\/www.animalsouk.ma\/animalerie-maroc\/#website"},"primaryImageOfPage":{"@id":"https:\/\/www.animalsouk.ma\/animalerie-maroc\/produit\/gel-feli%cc%87lysine-complements-de-l-lysine-pour-chats\/#primaryimage"},"image":{"@id":"https:\/\/www.animalsouk.ma\/animalerie-maroc\/produit\/gel-feli%cc%87lysine-complements-de-l-lysine-pour-chats\/#primaryimage"},"thumbnailUrl":"https:\/\/www.animalsouk.ma\/animalerie-maroc\/wp-content\/uploads\/2025\/12\/felill.jpg","datePublished":"2025-12-10T16:09:24+00:00","description":"Achetez votre Gel Feli\u0307lysine - Compl\u00e9ments de L-lysine pour chats au meilleur prix au Maroc. Livraison rapide | Animalsouk.ma","breadcrumb":{"@id":"https:\/\/www.animalsouk.ma\/animalerie-maroc\/produit\/gel-feli%cc%87lysine-complements-de-l-lysine-pour-chats\/#breadcrumb"},"inLanguage":"fr-FR","potentialAction":[{"@type":"ReadAction","target":["https:\/\/www.animalsouk.ma\/animalerie-maroc\/produit\/gel-feli%cc%87lysine-complements-de-l-lysine-pour-chats\/"]}]},{"@type":"ImageObject","inLanguage":"fr-FR","@id":"https:\/\/www.animalsouk.ma\/animalerie-maroc\/produit\/gel-feli%cc%87lysine-complements-de-l-lysine-pour-chats\/#primaryimage","url":"https:\/\/www.animalsouk.ma\/animalerie-maroc\/wp-content\/uploads\/2025\/12\/felill.jpg","contentUrl":"https:\/\/www.animalsouk.ma\/animalerie-maroc\/wp-content\/uploads\/2025\/12\/felill.jpg","width":1000,"height":1000,"caption":"Gel Feli\u0307lysine - Compl\u00e9ments de L-lysine pour chats"},{"@type":"BreadcrumbList","@id":"https:\/\/www.animalsouk.ma\/animalerie-maroc\/produit\/gel-feli%cc%87lysine-complements-de-l-lysine-pour-chats\/#breadcrumb","itemListElement":[{"@type":"ListItem","position":1,"name":"Home","item":"https:\/\/www.animalsouk.ma\/animalerie-maroc\/"},{"@type":"ListItem","position":2,"name":"Boutique","item":"https:\/\/www.animalsouk.ma\/animalerie-maroc\/boutique\/"},{"@type":"ListItem","position":3,"name":"Gel Feli\u0307lysine &#8211; Compl\u00e9ments de L-lysine pour chats"}]},{"@type":"WebSite","@id":"https:\/\/www.animalsouk.ma\/animalerie-maroc\/#website","url":"https:\/\/www.animalsouk.ma\/animalerie-maroc\/","name":"Animalerie de casablanca","description":"","publisher":{"@id":"https:\/\/www.animalsouk.ma\/animalerie-maroc\/#organization"},"potentialAction":[{"@type":"SearchAction","target":{"@type":"EntryPoint","urlTemplate":"https:\/\/www.animalsouk.ma\/animalerie-maroc\/?s={search_term_string}"},"query-input":{"@type":"PropertyValueSpecification","valueRequired":true,"valueName":"search_term_string"}}],"inLanguage":"fr-FR"},{"@type":"Organization","@id":"https:\/\/www.animalsouk.ma\/animalerie-maroc\/#organization","name":"Animalerie de casablanca","url":"https:\/\/www.animalsouk.ma\/animalerie-maroc\/","logo":{"@type":"ImageObject","inLanguage":"fr-FR","@id":"https:\/\/www.animalsouk.ma\/animalerie-maroc\/#\/schema\/logo\/image\/","url":"https:\/\/www.animalsouk.ma\/animalerie-maroc\/wp-content\/uploads\/2025\/10\/animalsouk.ma-logo.png","contentUrl":"https:\/\/www.animalsouk.ma\/animalerie-maroc\/wp-content\/uploads\/2025\/10\/animalsouk.ma-logo.png","width":760,"height":231,"caption":"Animalerie de casablanca"},"image":{"@id":"https:\/\/www.animalsouk.ma\/animalerie-maroc\/#\/schema\/logo\/image\/"},"sameAs":["https:\/\/www.facebook.com\/animalsouk.ma","https:\/\/www.instagram.com\/animalsouk.ma"]}]}},"_links":{"self":[{"href":"https:\/\/www.animalsouk.ma\/animalerie-maroc\/wp-json\/wp\/v2\/product\/1195","targetHints":{"allow":["GET"]}}],"collection":[{"href":"https:\/\/www.animalsouk.ma\/animalerie-maroc\/wp-json\/wp\/v2\/product"}],"about":[{"href":"https:\/\/www.animalsouk.ma\/animalerie-maroc\/wp-json\/wp\/v2\/types\/product"}],"wp:featuredmedia":[{"embeddable":true,"href":"https:\/\/www.animalsouk.ma\/animalerie-maroc\/wp-json\/wp\/v2\/media\/1190"}],"wp:attachment":[{"href":"https:\/\/www.animalsouk.ma\/animalerie-maroc\/wp-json\/wp\/v2\/media?parent=1195"}],"wp:term":[{"taxonomy":"product_brand","embeddable":true,"href":"https:\/\/www.animalsouk.ma\/animalerie-maroc\/wp-json\/wp\/v2\/product_brand?post=1195"},{"taxonomy":"product_cat","embeddable":true,"href":"https:\/\/www.animalsouk.ma\/animalerie-maroc\/wp-json\/wp\/v2\/product_cat?post=1195"},{"taxonomy":"product_tag","embeddable":true,"href":"https:\/\/www.animalsouk.ma\/animalerie-maroc\/wp-json\/wp\/v2\/product_tag?post=1195"}],"curies":[{"name":"wp","href":"https:\/\/api.w.org\/{rel}","templated":true}]}}