{"id":1194,"date":"2025-12-10T17:07:55","date_gmt":"2025-12-10T16:07:55","guid":{"rendered":"https:\/\/www.animalsouk.ma\/animalerie-maroc\/?post_type=product&#038;p=1194"},"modified":"2025-12-10T17:07:55","modified_gmt":"2025-12-10T16:07:55","slug":"cati%cc%87-malt-hai%cc%87rball-control-contre-les-boules-de-poils-pour-chats","status":"publish","type":"product","link":"https:\/\/www.animalsouk.ma\/animalerie-maroc\/produit\/cati%cc%87-malt-hai%cc%87rball-control-contre-les-boules-de-poils-pour-chats\/","title":{"rendered":"Cati\u0307 Malt Hai\u0307rball Control contre les boules de poils pour chats"},"content":{"rendered":"<section class=\"elementor-section elementor-top-section elementor-element elementor-element-4597368 elementor-section-boxed elementor-section-height-default elementor-section-height-default tf-sticky-section tf-sticky-no\" data-id=\"4597368\" data-element_type=\"section\" data-settings=\"{&quot;background_background&quot;:&quot;classic&quot;,&quot;tf_sticky&quot;:&quot;no&quot;}\">\n<div class=\"elementor-container elementor-column-gap-no\">\n<div class=\"elementor-column elementor-col-50 elementor-top-column elementor-element elementor-element-8258e2c\" data-id=\"8258e2c\" data-element_type=\"column\">\n<div class=\"elementor-widget-wrap elementor-element-populated\">\n<div class=\"elementor-element elementor-element-23f107f elementor-widget elementor-widget-woocommerce-product-content\" data-id=\"23f107f\" data-element_type=\"widget\" data-widget_type=\"woocommerce-product-content.default\">\n<div class=\"elementor-widget-container\">\n<div class=\"vgblk-rw-wrapper limit-wrapper\"><strong><span dir=\"auto\">Cette p\u00e2te sp\u00e9cialement formul\u00e9e aide \u00e0 \u00e9liminer et \u00e0 pr\u00e9venir les boules de poils chez les chats.<\/span><\/strong><span dir=\"auto\">Les chats avalent leurs poils en se l\u00e9chant pour se nettoyer, et ces poils finissent par former des boules de poils dans leur estomac ou leurs intestins, provoquant une obstruction du tube digestif.<\/span><\/p>\n<p><span dir=\"auto\">Si la boule de poils d\u00e9passe l&rsquo;estomac et atteint les intestins, elle peut se calcifier et obstruer l&rsquo;intestin.\u00a0<\/span><strong><span dir=\"auto\">Ce probl\u00e8me est fr\u00e9quent chez les chats \u00e0 poils longs.<\/span><\/strong><span dir=\"auto\">\u00a0La pr\u00e9sence d&rsquo;une boule de poils dans l&rsquo;estomac, impossible \u00e0 vomir, est un probl\u00e8me courant chez les chats \u00e0 poils courts qui se toilettent beaucoup.<\/span><\/p>\n<p><span dir=\"auto\">La p\u00e2te CatiMalt apporte un soutien quotidien contre la formation de boules de poils et aide \u00e0 pr\u00e9venir la constipation et \u00e0 faciliter l&rsquo;\u00e9limination des cheveux aval\u00e9s par l&rsquo;estomac et les intestins.<\/span><\/p>\n<p><strong><span dir=\"auto\">Le mannan-oligosaccharide (MOS),<\/span><\/strong><span dir=\"auto\">\u00a0gr\u00e2ce \u00e0 son effet pr\u00e9biotique, augmente les bact\u00e9ries b\u00e9n\u00e9fiques dans l&rsquo;intestin ; il diminue les bact\u00e9ries nocives, permettant ainsi \u00e0 notre ami de tirer le meilleur parti des aliments qu&rsquo;il a ing\u00e9r\u00e9s et jouant un r\u00f4le dans le renforcement de son syst\u00e8me immunitaire.<\/span><\/p>\n<p><strong><span dir=\"auto\">Mode d&#8217;emploi\u00a0:\u00a0<\/span><\/strong><em><span dir=\"auto\">Appliquer 2 \u00e0 3 cm de p\u00e2te sur les pattes du chat. Peut \u00eatre utilis\u00e9 2 \u00e0 3 jours par semaine pour pr\u00e9venir la formation de boules de poils. Recommand\u00e9 pour une utilisation quotidienne afin d&rsquo;\u00e9liminer les boules de poils.<\/span><\/em><\/p>\n<\/div>\n<\/div>\n<\/div>\n<\/div>\n<\/div>\n<\/div>\n<\/section>\n","protected":false},"excerpt":{"rendered":"<p>Cette p\u00e2te sp\u00e9cialement formul\u00e9e aide \u00e0 \u00e9liminer et \u00e0 pr\u00e9venir les boules de poils chez les chats.Les chats avalent leurs poils en se l\u00e9chant pour se nettoyer, et ces poils finissent par former des boules de poils dans leur estomac ou leurs intestins, provoquant une obstruction du tube digestif. Si la boule de poils d\u00e9passe [&#8230;]\n","protected":false},"featured_media":1189,"template":"","meta":[],"product_brand":[33],"product_cat":[18,43],"product_tag":[],"class_list":{"0":"post-1194","1":"product","2":"type-product","3":"status-publish","4":"has-post-thumbnail","6":"product_brand-bio-petactive","7":"product_cat-alimentation-pour-chats","8":"product_cat-chats","10":"first","11":"outofstock","12":"shipping-taxable","13":"purchasable","14":"product-type-simple"},"yoast_head":"<!-- This site is optimized with the Yoast SEO plugin v27.3 - https:\/\/yoast.com\/product\/yoast-seo-wordpress\/ -->\n<title>Cati\u0307 Malt Hai\u0307rball Control contre les boules de poils pour chats - Animalerie Maroc<\/title>\n<meta name=\"description\" content=\"Achetez votre Cati\u0307 Malt Hai\u0307rball Control contre les boules de poils pour chats au meilleur prix au Maroc. Livraison rapide | Animalsouk.ma\" \/>\n<meta name=\"robots\" content=\"index, follow, max-snippet:-1, max-image-preview:large, max-video-preview:-1\" \/>\n<link rel=\"canonical\" href=\"https:\/\/www.animalsouk.ma\/animalerie-maroc\/produit\/cati\u0307-malt-hai\u0307rball-control-contre-les-boules-de-poils-pour-chats\/\" \/>\n<meta property=\"og:locale\" content=\"fr_FR\" \/>\n<meta property=\"og:type\" content=\"article\" \/>\n<meta property=\"og:title\" content=\"Cati\u0307 Malt Hai\u0307rball Control contre les boules de poils pour chats - Animalerie Maroc\" \/>\n<meta property=\"og:description\" content=\"Achetez votre Cati\u0307 Malt Hai\u0307rball Control contre les boules de poils pour chats au meilleur prix au Maroc. Livraison rapide | Animalsouk.ma\" \/>\n<meta property=\"og:url\" content=\"https:\/\/www.animalsouk.ma\/animalerie-maroc\/produit\/cati\u0307-malt-hai\u0307rball-control-contre-les-boules-de-poils-pour-chats\/\" \/>\n<meta property=\"og:site_name\" content=\"Animalerie Maroc\" \/>\n<meta property=\"article:publisher\" content=\"https:\/\/www.facebook.com\/animalsouk.ma\" \/>\n<meta property=\"og:image\" content=\"https:\/\/www.animalsouk.ma\/animalerie-maroc\/wp-content\/uploads\/2025\/12\/catimalt.jpg\" \/>\n\t<meta property=\"og:image:width\" content=\"1000\" \/>\n\t<meta property=\"og:image:height\" content=\"1000\" \/>\n\t<meta property=\"og:image:type\" content=\"image\/jpeg\" \/>\n<meta name=\"twitter:card\" content=\"summary_large_image\" \/>\n<meta name=\"twitter:label1\" content=\"Dur\u00e9e de lecture estim\u00e9e\" \/>\n\t<meta name=\"twitter:data1\" content=\"2 minutes\" \/>\n<script type=\"application\/ld+json\" class=\"yoast-schema-graph\">{\"@context\":\"https:\\\/\\\/schema.org\",\"@graph\":[{\"@type\":\"WebPage\",\"@id\":\"https:\\\/\\\/www.animalsouk.ma\\\/animalerie-maroc\\\/produit\\\/cati%cc%87-malt-hai%cc%87rball-control-contre-les-boules-de-poils-pour-chats\\\/\",\"url\":\"https:\\\/\\\/www.animalsouk.ma\\\/animalerie-maroc\\\/produit\\\/cati%cc%87-malt-hai%cc%87rball-control-contre-les-boules-de-poils-pour-chats\\\/\",\"name\":\"Cati\u0307 Malt Hai\u0307rball Control contre les boules de poils pour chats - Animalerie Maroc\",\"isPartOf\":{\"@id\":\"https:\\\/\\\/www.animalsouk.ma\\\/animalerie-maroc\\\/#website\"},\"primaryImageOfPage\":{\"@id\":\"https:\\\/\\\/www.animalsouk.ma\\\/animalerie-maroc\\\/produit\\\/cati%cc%87-malt-hai%cc%87rball-control-contre-les-boules-de-poils-pour-chats\\\/#primaryimage\"},\"image\":{\"@id\":\"https:\\\/\\\/www.animalsouk.ma\\\/animalerie-maroc\\\/produit\\\/cati%cc%87-malt-hai%cc%87rball-control-contre-les-boules-de-poils-pour-chats\\\/#primaryimage\"},\"thumbnailUrl\":\"https:\\\/\\\/www.animalsouk.ma\\\/animalerie-maroc\\\/wp-content\\\/uploads\\\/2025\\\/12\\\/catimalt.jpg\",\"datePublished\":\"2025-12-10T16:07:55+00:00\",\"description\":\"Achetez votre Cati\u0307 Malt Hai\u0307rball Control contre les boules de poils pour chats au meilleur prix au Maroc. Livraison rapide | Animalsouk.ma\",\"breadcrumb\":{\"@id\":\"https:\\\/\\\/www.animalsouk.ma\\\/animalerie-maroc\\\/produit\\\/cati%cc%87-malt-hai%cc%87rball-control-contre-les-boules-de-poils-pour-chats\\\/#breadcrumb\"},\"inLanguage\":\"fr-FR\",\"potentialAction\":[{\"@type\":\"ReadAction\",\"target\":[\"https:\\\/\\\/www.animalsouk.ma\\\/animalerie-maroc\\\/produit\\\/cati%cc%87-malt-hai%cc%87rball-control-contre-les-boules-de-poils-pour-chats\\\/\"]}]},{\"@type\":\"ImageObject\",\"inLanguage\":\"fr-FR\",\"@id\":\"https:\\\/\\\/www.animalsouk.ma\\\/animalerie-maroc\\\/produit\\\/cati%cc%87-malt-hai%cc%87rball-control-contre-les-boules-de-poils-pour-chats\\\/#primaryimage\",\"url\":\"https:\\\/\\\/www.animalsouk.ma\\\/animalerie-maroc\\\/wp-content\\\/uploads\\\/2025\\\/12\\\/catimalt.jpg\",\"contentUrl\":\"https:\\\/\\\/www.animalsouk.ma\\\/animalerie-maroc\\\/wp-content\\\/uploads\\\/2025\\\/12\\\/catimalt.jpg\",\"width\":1000,\"height\":1000,\"caption\":\"Cati\u0307 Malt Hai\u0307rball Control contre les boules de poils pour chats\"},{\"@type\":\"BreadcrumbList\",\"@id\":\"https:\\\/\\\/www.animalsouk.ma\\\/animalerie-maroc\\\/produit\\\/cati%cc%87-malt-hai%cc%87rball-control-contre-les-boules-de-poils-pour-chats\\\/#breadcrumb\",\"itemListElement\":[{\"@type\":\"ListItem\",\"position\":1,\"name\":\"Home\",\"item\":\"https:\\\/\\\/www.animalsouk.ma\\\/animalerie-maroc\\\/\"},{\"@type\":\"ListItem\",\"position\":2,\"name\":\"Boutique\",\"item\":\"https:\\\/\\\/www.animalsouk.ma\\\/animalerie-maroc\\\/boutique\\\/\"},{\"@type\":\"ListItem\",\"position\":3,\"name\":\"Cati\u0307 Malt Hai\u0307rball Control contre les boules de poils pour chats\"}]},{\"@type\":\"WebSite\",\"@id\":\"https:\\\/\\\/www.animalsouk.ma\\\/animalerie-maroc\\\/#website\",\"url\":\"https:\\\/\\\/www.animalsouk.ma\\\/animalerie-maroc\\\/\",\"name\":\"Animalerie de casablanca\",\"description\":\"\",\"publisher\":{\"@id\":\"https:\\\/\\\/www.animalsouk.ma\\\/animalerie-maroc\\\/#organization\"},\"potentialAction\":[{\"@type\":\"SearchAction\",\"target\":{\"@type\":\"EntryPoint\",\"urlTemplate\":\"https:\\\/\\\/www.animalsouk.ma\\\/animalerie-maroc\\\/?s={search_term_string}\"},\"query-input\":{\"@type\":\"PropertyValueSpecification\",\"valueRequired\":true,\"valueName\":\"search_term_string\"}}],\"inLanguage\":\"fr-FR\"},{\"@type\":\"Organization\",\"@id\":\"https:\\\/\\\/www.animalsouk.ma\\\/animalerie-maroc\\\/#organization\",\"name\":\"Animalerie de casablanca\",\"url\":\"https:\\\/\\\/www.animalsouk.ma\\\/animalerie-maroc\\\/\",\"logo\":{\"@type\":\"ImageObject\",\"inLanguage\":\"fr-FR\",\"@id\":\"https:\\\/\\\/www.animalsouk.ma\\\/animalerie-maroc\\\/#\\\/schema\\\/logo\\\/image\\\/\",\"url\":\"https:\\\/\\\/www.animalsouk.ma\\\/animalerie-maroc\\\/wp-content\\\/uploads\\\/2025\\\/10\\\/animalsouk.ma-logo.png\",\"contentUrl\":\"https:\\\/\\\/www.animalsouk.ma\\\/animalerie-maroc\\\/wp-content\\\/uploads\\\/2025\\\/10\\\/animalsouk.ma-logo.png\",\"width\":760,\"height\":231,\"caption\":\"Animalerie de casablanca\"},\"image\":{\"@id\":\"https:\\\/\\\/www.animalsouk.ma\\\/animalerie-maroc\\\/#\\\/schema\\\/logo\\\/image\\\/\"},\"sameAs\":[\"https:\\\/\\\/www.facebook.com\\\/animalsouk.ma\",\"https:\\\/\\\/www.instagram.com\\\/animalsouk.ma\"]}]}<\/script>\n<!-- \/ Yoast SEO plugin. -->","yoast_head_json":{"title":"Cati\u0307 Malt Hai\u0307rball Control contre les boules de poils pour chats - Animalerie Maroc","description":"Achetez votre Cati\u0307 Malt Hai\u0307rball Control contre les boules de poils pour chats au meilleur prix au Maroc. Livraison rapide | Animalsouk.ma","robots":{"index":"index","follow":"follow","max-snippet":"max-snippet:-1","max-image-preview":"max-image-preview:large","max-video-preview":"max-video-preview:-1"},"canonical":"https:\/\/www.animalsouk.ma\/animalerie-maroc\/produit\/cati\u0307-malt-hai\u0307rball-control-contre-les-boules-de-poils-pour-chats\/","og_locale":"fr_FR","og_type":"article","og_title":"Cati\u0307 Malt Hai\u0307rball Control contre les boules de poils pour chats - Animalerie Maroc","og_description":"Achetez votre Cati\u0307 Malt Hai\u0307rball Control contre les boules de poils pour chats au meilleur prix au Maroc. Livraison rapide | Animalsouk.ma","og_url":"https:\/\/www.animalsouk.ma\/animalerie-maroc\/produit\/cati\u0307-malt-hai\u0307rball-control-contre-les-boules-de-poils-pour-chats\/","og_site_name":"Animalerie Maroc","article_publisher":"https:\/\/www.facebook.com\/animalsouk.ma","og_image":[{"width":1000,"height":1000,"url":"https:\/\/www.animalsouk.ma\/animalerie-maroc\/wp-content\/uploads\/2025\/12\/catimalt.jpg","type":"image\/jpeg"}],"twitter_card":"summary_large_image","twitter_misc":{"Dur\u00e9e de lecture estim\u00e9e":"2 minutes"},"schema":{"@context":"https:\/\/schema.org","@graph":[{"@type":"WebPage","@id":"https:\/\/www.animalsouk.ma\/animalerie-maroc\/produit\/cati%cc%87-malt-hai%cc%87rball-control-contre-les-boules-de-poils-pour-chats\/","url":"https:\/\/www.animalsouk.ma\/animalerie-maroc\/produit\/cati%cc%87-malt-hai%cc%87rball-control-contre-les-boules-de-poils-pour-chats\/","name":"Cati\u0307 Malt Hai\u0307rball Control contre les boules de poils pour chats - Animalerie Maroc","isPartOf":{"@id":"https:\/\/www.animalsouk.ma\/animalerie-maroc\/#website"},"primaryImageOfPage":{"@id":"https:\/\/www.animalsouk.ma\/animalerie-maroc\/produit\/cati%cc%87-malt-hai%cc%87rball-control-contre-les-boules-de-poils-pour-chats\/#primaryimage"},"image":{"@id":"https:\/\/www.animalsouk.ma\/animalerie-maroc\/produit\/cati%cc%87-malt-hai%cc%87rball-control-contre-les-boules-de-poils-pour-chats\/#primaryimage"},"thumbnailUrl":"https:\/\/www.animalsouk.ma\/animalerie-maroc\/wp-content\/uploads\/2025\/12\/catimalt.jpg","datePublished":"2025-12-10T16:07:55+00:00","description":"Achetez votre Cati\u0307 Malt Hai\u0307rball Control contre les boules de poils pour chats au meilleur prix au Maroc. Livraison rapide | Animalsouk.ma","breadcrumb":{"@id":"https:\/\/www.animalsouk.ma\/animalerie-maroc\/produit\/cati%cc%87-malt-hai%cc%87rball-control-contre-les-boules-de-poils-pour-chats\/#breadcrumb"},"inLanguage":"fr-FR","potentialAction":[{"@type":"ReadAction","target":["https:\/\/www.animalsouk.ma\/animalerie-maroc\/produit\/cati%cc%87-malt-hai%cc%87rball-control-contre-les-boules-de-poils-pour-chats\/"]}]},{"@type":"ImageObject","inLanguage":"fr-FR","@id":"https:\/\/www.animalsouk.ma\/animalerie-maroc\/produit\/cati%cc%87-malt-hai%cc%87rball-control-contre-les-boules-de-poils-pour-chats\/#primaryimage","url":"https:\/\/www.animalsouk.ma\/animalerie-maroc\/wp-content\/uploads\/2025\/12\/catimalt.jpg","contentUrl":"https:\/\/www.animalsouk.ma\/animalerie-maroc\/wp-content\/uploads\/2025\/12\/catimalt.jpg","width":1000,"height":1000,"caption":"Cati\u0307 Malt Hai\u0307rball Control contre les boules de poils pour chats"},{"@type":"BreadcrumbList","@id":"https:\/\/www.animalsouk.ma\/animalerie-maroc\/produit\/cati%cc%87-malt-hai%cc%87rball-control-contre-les-boules-de-poils-pour-chats\/#breadcrumb","itemListElement":[{"@type":"ListItem","position":1,"name":"Home","item":"https:\/\/www.animalsouk.ma\/animalerie-maroc\/"},{"@type":"ListItem","position":2,"name":"Boutique","item":"https:\/\/www.animalsouk.ma\/animalerie-maroc\/boutique\/"},{"@type":"ListItem","position":3,"name":"Cati\u0307 Malt Hai\u0307rball Control contre les boules de poils pour chats"}]},{"@type":"WebSite","@id":"https:\/\/www.animalsouk.ma\/animalerie-maroc\/#website","url":"https:\/\/www.animalsouk.ma\/animalerie-maroc\/","name":"Animalerie de casablanca","description":"","publisher":{"@id":"https:\/\/www.animalsouk.ma\/animalerie-maroc\/#organization"},"potentialAction":[{"@type":"SearchAction","target":{"@type":"EntryPoint","urlTemplate":"https:\/\/www.animalsouk.ma\/animalerie-maroc\/?s={search_term_string}"},"query-input":{"@type":"PropertyValueSpecification","valueRequired":true,"valueName":"search_term_string"}}],"inLanguage":"fr-FR"},{"@type":"Organization","@id":"https:\/\/www.animalsouk.ma\/animalerie-maroc\/#organization","name":"Animalerie de casablanca","url":"https:\/\/www.animalsouk.ma\/animalerie-maroc\/","logo":{"@type":"ImageObject","inLanguage":"fr-FR","@id":"https:\/\/www.animalsouk.ma\/animalerie-maroc\/#\/schema\/logo\/image\/","url":"https:\/\/www.animalsouk.ma\/animalerie-maroc\/wp-content\/uploads\/2025\/10\/animalsouk.ma-logo.png","contentUrl":"https:\/\/www.animalsouk.ma\/animalerie-maroc\/wp-content\/uploads\/2025\/10\/animalsouk.ma-logo.png","width":760,"height":231,"caption":"Animalerie de casablanca"},"image":{"@id":"https:\/\/www.animalsouk.ma\/animalerie-maroc\/#\/schema\/logo\/image\/"},"sameAs":["https:\/\/www.facebook.com\/animalsouk.ma","https:\/\/www.instagram.com\/animalsouk.ma"]}]}},"_links":{"self":[{"href":"https:\/\/www.animalsouk.ma\/animalerie-maroc\/wp-json\/wp\/v2\/product\/1194","targetHints":{"allow":["GET"]}}],"collection":[{"href":"https:\/\/www.animalsouk.ma\/animalerie-maroc\/wp-json\/wp\/v2\/product"}],"about":[{"href":"https:\/\/www.animalsouk.ma\/animalerie-maroc\/wp-json\/wp\/v2\/types\/product"}],"wp:featuredmedia":[{"embeddable":true,"href":"https:\/\/www.animalsouk.ma\/animalerie-maroc\/wp-json\/wp\/v2\/media\/1189"}],"wp:attachment":[{"href":"https:\/\/www.animalsouk.ma\/animalerie-maroc\/wp-json\/wp\/v2\/media?parent=1194"}],"wp:term":[{"taxonomy":"product_brand","embeddable":true,"href":"https:\/\/www.animalsouk.ma\/animalerie-maroc\/wp-json\/wp\/v2\/product_brand?post=1194"},{"taxonomy":"product_cat","embeddable":true,"href":"https:\/\/www.animalsouk.ma\/animalerie-maroc\/wp-json\/wp\/v2\/product_cat?post=1194"},{"taxonomy":"product_tag","embeddable":true,"href":"https:\/\/www.animalsouk.ma\/animalerie-maroc\/wp-json\/wp\/v2\/product_tag?post=1194"}],"curies":[{"name":"wp","href":"https:\/\/api.w.org\/{rel}","templated":true}]}}