{"id":1192,"date":"2025-12-10T17:02:02","date_gmt":"2025-12-10T16:02:02","guid":{"rendered":"https:\/\/www.animalsouk.ma\/animalerie-maroc\/?post_type=product&#038;p=1192"},"modified":"2026-01-05T19:15:52","modified_gmt":"2026-01-05T18:15:52","slug":"biodent-hexi%cc%87dine-soin-buccal-et-dentaire-pour-chats-et-chiens","status":"publish","type":"product","link":"https:\/\/www.animalsouk.ma\/animalerie-maroc\/produit\/biodent-hexi%cc%87dine-soin-buccal-et-dentaire-pour-chats-et-chiens\/","title":{"rendered":"Biodent Hexi\u0307dine &#8211; Soin buccal et dentaire pour chats et chiens"},"content":{"rendered":"<section class=\"elementor-section elementor-top-section elementor-element elementor-element-4597368 elementor-section-boxed elementor-section-height-default elementor-section-height-default tf-sticky-section tf-sticky-no\" data-id=\"4597368\" data-element_type=\"section\" data-settings=\"{&quot;background_background&quot;:&quot;classic&quot;,&quot;tf_sticky&quot;:&quot;no&quot;}\">\n<div class=\"elementor-container elementor-column-gap-no\">\n<div class=\"elementor-column elementor-col-50 elementor-top-column elementor-element elementor-element-8258e2c\" data-id=\"8258e2c\" data-element_type=\"column\">\n<div class=\"elementor-widget-wrap elementor-element-populated\">\n<div class=\"elementor-element elementor-element-23f107f elementor-widget elementor-widget-woocommerce-product-content\" data-id=\"23f107f\" data-element_type=\"widget\" data-widget_type=\"woocommerce-product-content.default\">\n<div class=\"elementor-widget-container\">\n<div class=\"vgblk-rw-wrapper limit-wrapper\"><span dir=\"auto\">Biodent Hexidine assure l&rsquo;hygi\u00e8ne bucco-dentaire des chats et des chiens. Il r\u00e9duit et pr\u00e9vient \u00e9galement la plaque bact\u00e9rienne, principale cause des maladies des gencives.<\/span><strong><span dir=\"auto\">Le gluconate de chlorhexidine<\/span><\/strong><span dir=\"auto\">\u00a0poss\u00e8de des propri\u00e9t\u00e9s antiseptiques. Il contribue \u00e0 \u00e9liminer la plaque dentaire et le tartre, et pr\u00e9vient \u00e9galement la mauvaise haleine.<\/span><\/p>\n<p><strong><span dir=\"auto\">Le gluconate de zinc<\/span><\/strong><span dir=\"auto\">\u00a0est efficace pour pr\u00e9venir la formation de plaque dentaire. Il inhibe les compos\u00e9s soufr\u00e9s dans la bouche et pr\u00e9vient la mauvaise haleine.<\/span><\/p>\n<p><span dir=\"auto\">Rafra\u00eechit l&rsquo;haleine et contribue \u00e0 maintenir des dents et des gencives saines.<\/span><\/p>\n<p><strong><em><span dir=\"auto\">Mode d&#8217;emploi\u00a0:<\/span><\/em><\/strong><em><span dir=\"auto\">\u00a0Additif pour l&rsquo;eau. Le produit agit en 2 \u00e0 4 jours. \u00c0 administrer quotidiennement avec de l&rsquo;eau potable fra\u00eeche. La dose journali\u00e8re recommand\u00e9e est indiqu\u00e9e ci-dessous.<\/span><\/em><\/p>\n<\/div>\n<\/div>\n<\/div>\n<\/div>\n<\/div>\n<\/div>\n<\/section>\n<section class=\"elementor-section elementor-top-section elementor-element elementor-element-b2d2655 elementor-section-boxed elementor-section-height-default elementor-section-height-default tf-sticky-section tf-sticky-no\" data-id=\"b2d2655\" data-element_type=\"section\" data-settings=\"{&quot;tf_sticky&quot;:&quot;no&quot;}\">\n<div class=\"elementor-container elementor-column-gap-default\">\n<div class=\"elementor-column elementor-col-100 elementor-top-column elementor-element elementor-element-59ba292\" data-id=\"59ba292\" data-element_type=\"column\">\n<div class=\"elementor-widget-wrap elementor-element-populated\">\n<div class=\"elementor-element elementor-element-afbe54d elementor-widget elementor-widget-heading\" data-id=\"afbe54d\" data-element_type=\"widget\" data-widget_type=\"heading.default\">\n<div class=\"elementor-widget-container\"><\/div>\n<\/div>\n<\/div>\n<\/div>\n<\/div>\n<\/section>\n","protected":false},"excerpt":{"rendered":"<p>Biodent Hexidine assure l&rsquo;hygi\u00e8ne bucco-dentaire des chats et des chiens. Il r\u00e9duit et pr\u00e9vient \u00e9galement la plaque bact\u00e9rienne, principale cause des maladies des gencives.Le gluconate de chlorhexidine\u00a0poss\u00e8de des propri\u00e9t\u00e9s antiseptiques. Il contribue \u00e0 \u00e9liminer la plaque dentaire et le tartre, et pr\u00e9vient \u00e9galement la mauvaise haleine. Le gluconate de zinc\u00a0est efficace pour pr\u00e9venir la formation [&#8230;]\n","protected":false},"featured_media":1187,"template":"","meta":[],"product_brand":[33],"product_cat":[43,44],"product_tag":[],"class_list":{"0":"post-1192","1":"product","2":"type-product","3":"status-publish","4":"has-post-thumbnail","6":"product_brand-bio-petactive","7":"product_cat-chats","8":"product_cat-chiens","10":"first","11":"instock","12":"shipping-taxable","13":"purchasable","14":"product-type-simple"},"yoast_head":"<!-- This site is optimized with the Yoast SEO plugin v27.3 - https:\/\/yoast.com\/product\/yoast-seo-wordpress\/ -->\n<title>Biodent Hexi\u0307dine - Soin buccal et dentaire pour chats et chiens - Animalerie Maroc<\/title>\n<meta name=\"description\" content=\"Achetez votre Biodent Hexi\u0307dine - Soin buccal et dentaire pour chats et chiens au meilleur prix au Maroc. Livraison rapide | Animalsouk.ma\" \/>\n<meta name=\"robots\" content=\"index, follow, max-snippet:-1, max-image-preview:large, max-video-preview:-1\" \/>\n<link rel=\"canonical\" href=\"https:\/\/www.animalsouk.ma\/animalerie-maroc\/produit\/biodent-hexi\u0307dine-soin-buccal-et-dentaire-pour-chats-et-chiens\/\" \/>\n<meta property=\"og:locale\" content=\"fr_FR\" \/>\n<meta property=\"og:type\" content=\"article\" \/>\n<meta property=\"og:title\" content=\"Biodent Hexi\u0307dine - Soin buccal et dentaire pour chats et chiens - Animalerie Maroc\" \/>\n<meta property=\"og:description\" content=\"Achetez votre Biodent Hexi\u0307dine - Soin buccal et dentaire pour chats et chiens au meilleur prix au Maroc. Livraison rapide | Animalsouk.ma\" \/>\n<meta property=\"og:url\" content=\"https:\/\/www.animalsouk.ma\/animalerie-maroc\/produit\/biodent-hexi\u0307dine-soin-buccal-et-dentaire-pour-chats-et-chiens\/\" \/>\n<meta property=\"og:site_name\" content=\"Animalerie Maroc\" \/>\n<meta property=\"article:publisher\" content=\"https:\/\/www.facebook.com\/animalsouk.ma\" \/>\n<meta property=\"article:modified_time\" content=\"2026-01-05T18:15:52+00:00\" \/>\n<meta property=\"og:image\" content=\"https:\/\/www.animalsouk.ma\/animalerie-maroc\/wp-content\/uploads\/2025\/12\/hexidine-1.jpg\" \/>\n\t<meta property=\"og:image:width\" content=\"1000\" \/>\n\t<meta property=\"og:image:height\" content=\"1000\" \/>\n\t<meta property=\"og:image:type\" content=\"image\/jpeg\" \/>\n<meta name=\"twitter:card\" content=\"summary_large_image\" \/>\n<meta name=\"twitter:label1\" content=\"Dur\u00e9e de lecture estim\u00e9e\" \/>\n\t<meta name=\"twitter:data1\" content=\"1 minute\" \/>\n<script type=\"application\/ld+json\" class=\"yoast-schema-graph\">{\"@context\":\"https:\\\/\\\/schema.org\",\"@graph\":[{\"@type\":\"WebPage\",\"@id\":\"https:\\\/\\\/www.animalsouk.ma\\\/animalerie-maroc\\\/produit\\\/biodent-hexi%cc%87dine-soin-buccal-et-dentaire-pour-chats-et-chiens\\\/\",\"url\":\"https:\\\/\\\/www.animalsouk.ma\\\/animalerie-maroc\\\/produit\\\/biodent-hexi%cc%87dine-soin-buccal-et-dentaire-pour-chats-et-chiens\\\/\",\"name\":\"Biodent Hexi\u0307dine - Soin buccal et dentaire pour chats et chiens - Animalerie Maroc\",\"isPartOf\":{\"@id\":\"https:\\\/\\\/www.animalsouk.ma\\\/animalerie-maroc\\\/#website\"},\"primaryImageOfPage\":{\"@id\":\"https:\\\/\\\/www.animalsouk.ma\\\/animalerie-maroc\\\/produit\\\/biodent-hexi%cc%87dine-soin-buccal-et-dentaire-pour-chats-et-chiens\\\/#primaryimage\"},\"image\":{\"@id\":\"https:\\\/\\\/www.animalsouk.ma\\\/animalerie-maroc\\\/produit\\\/biodent-hexi%cc%87dine-soin-buccal-et-dentaire-pour-chats-et-chiens\\\/#primaryimage\"},\"thumbnailUrl\":\"https:\\\/\\\/www.animalsouk.ma\\\/animalerie-maroc\\\/wp-content\\\/uploads\\\/2025\\\/12\\\/hexidine-1.jpg\",\"datePublished\":\"2025-12-10T16:02:02+00:00\",\"dateModified\":\"2026-01-05T18:15:52+00:00\",\"description\":\"Achetez votre Biodent Hexi\u0307dine - Soin buccal et dentaire pour chats et chiens au meilleur prix au Maroc. Livraison rapide | Animalsouk.ma\",\"breadcrumb\":{\"@id\":\"https:\\\/\\\/www.animalsouk.ma\\\/animalerie-maroc\\\/produit\\\/biodent-hexi%cc%87dine-soin-buccal-et-dentaire-pour-chats-et-chiens\\\/#breadcrumb\"},\"inLanguage\":\"fr-FR\",\"potentialAction\":[{\"@type\":\"ReadAction\",\"target\":[\"https:\\\/\\\/www.animalsouk.ma\\\/animalerie-maroc\\\/produit\\\/biodent-hexi%cc%87dine-soin-buccal-et-dentaire-pour-chats-et-chiens\\\/\"]}]},{\"@type\":\"ImageObject\",\"inLanguage\":\"fr-FR\",\"@id\":\"https:\\\/\\\/www.animalsouk.ma\\\/animalerie-maroc\\\/produit\\\/biodent-hexi%cc%87dine-soin-buccal-et-dentaire-pour-chats-et-chiens\\\/#primaryimage\",\"url\":\"https:\\\/\\\/www.animalsouk.ma\\\/animalerie-maroc\\\/wp-content\\\/uploads\\\/2025\\\/12\\\/hexidine-1.jpg\",\"contentUrl\":\"https:\\\/\\\/www.animalsouk.ma\\\/animalerie-maroc\\\/wp-content\\\/uploads\\\/2025\\\/12\\\/hexidine-1.jpg\",\"width\":1000,\"height\":1000,\"caption\":\"Biodent Hexi\u0307dine - Soin buccal et dentaire pour chats et chiens\"},{\"@type\":\"BreadcrumbList\",\"@id\":\"https:\\\/\\\/www.animalsouk.ma\\\/animalerie-maroc\\\/produit\\\/biodent-hexi%cc%87dine-soin-buccal-et-dentaire-pour-chats-et-chiens\\\/#breadcrumb\",\"itemListElement\":[{\"@type\":\"ListItem\",\"position\":1,\"name\":\"Home\",\"item\":\"https:\\\/\\\/www.animalsouk.ma\\\/animalerie-maroc\\\/\"},{\"@type\":\"ListItem\",\"position\":2,\"name\":\"Boutique\",\"item\":\"https:\\\/\\\/www.animalsouk.ma\\\/animalerie-maroc\\\/boutique\\\/\"},{\"@type\":\"ListItem\",\"position\":3,\"name\":\"Biodent Hexi\u0307dine &#8211; Soin buccal et dentaire pour chats et chiens\"}]},{\"@type\":\"WebSite\",\"@id\":\"https:\\\/\\\/www.animalsouk.ma\\\/animalerie-maroc\\\/#website\",\"url\":\"https:\\\/\\\/www.animalsouk.ma\\\/animalerie-maroc\\\/\",\"name\":\"Animalerie de casablanca\",\"description\":\"\",\"publisher\":{\"@id\":\"https:\\\/\\\/www.animalsouk.ma\\\/animalerie-maroc\\\/#organization\"},\"potentialAction\":[{\"@type\":\"SearchAction\",\"target\":{\"@type\":\"EntryPoint\",\"urlTemplate\":\"https:\\\/\\\/www.animalsouk.ma\\\/animalerie-maroc\\\/?s={search_term_string}\"},\"query-input\":{\"@type\":\"PropertyValueSpecification\",\"valueRequired\":true,\"valueName\":\"search_term_string\"}}],\"inLanguage\":\"fr-FR\"},{\"@type\":\"Organization\",\"@id\":\"https:\\\/\\\/www.animalsouk.ma\\\/animalerie-maroc\\\/#organization\",\"name\":\"Animalerie de casablanca\",\"url\":\"https:\\\/\\\/www.animalsouk.ma\\\/animalerie-maroc\\\/\",\"logo\":{\"@type\":\"ImageObject\",\"inLanguage\":\"fr-FR\",\"@id\":\"https:\\\/\\\/www.animalsouk.ma\\\/animalerie-maroc\\\/#\\\/schema\\\/logo\\\/image\\\/\",\"url\":\"https:\\\/\\\/www.animalsouk.ma\\\/animalerie-maroc\\\/wp-content\\\/uploads\\\/2025\\\/10\\\/animalsouk.ma-logo.png\",\"contentUrl\":\"https:\\\/\\\/www.animalsouk.ma\\\/animalerie-maroc\\\/wp-content\\\/uploads\\\/2025\\\/10\\\/animalsouk.ma-logo.png\",\"width\":760,\"height\":231,\"caption\":\"Animalerie de casablanca\"},\"image\":{\"@id\":\"https:\\\/\\\/www.animalsouk.ma\\\/animalerie-maroc\\\/#\\\/schema\\\/logo\\\/image\\\/\"},\"sameAs\":[\"https:\\\/\\\/www.facebook.com\\\/animalsouk.ma\",\"https:\\\/\\\/www.instagram.com\\\/animalsouk.ma\"]}]}<\/script>\n<!-- \/ Yoast SEO plugin. -->","yoast_head_json":{"title":"Biodent Hexi\u0307dine - Soin buccal et dentaire pour chats et chiens - Animalerie Maroc","description":"Achetez votre Biodent Hexi\u0307dine - Soin buccal et dentaire pour chats et chiens au meilleur prix au Maroc. Livraison rapide | Animalsouk.ma","robots":{"index":"index","follow":"follow","max-snippet":"max-snippet:-1","max-image-preview":"max-image-preview:large","max-video-preview":"max-video-preview:-1"},"canonical":"https:\/\/www.animalsouk.ma\/animalerie-maroc\/produit\/biodent-hexi\u0307dine-soin-buccal-et-dentaire-pour-chats-et-chiens\/","og_locale":"fr_FR","og_type":"article","og_title":"Biodent Hexi\u0307dine - Soin buccal et dentaire pour chats et chiens - Animalerie Maroc","og_description":"Achetez votre Biodent Hexi\u0307dine - Soin buccal et dentaire pour chats et chiens au meilleur prix au Maroc. Livraison rapide | Animalsouk.ma","og_url":"https:\/\/www.animalsouk.ma\/animalerie-maroc\/produit\/biodent-hexi\u0307dine-soin-buccal-et-dentaire-pour-chats-et-chiens\/","og_site_name":"Animalerie Maroc","article_publisher":"https:\/\/www.facebook.com\/animalsouk.ma","article_modified_time":"2026-01-05T18:15:52+00:00","og_image":[{"width":1000,"height":1000,"url":"https:\/\/www.animalsouk.ma\/animalerie-maroc\/wp-content\/uploads\/2025\/12\/hexidine-1.jpg","type":"image\/jpeg"}],"twitter_card":"summary_large_image","twitter_misc":{"Dur\u00e9e de lecture estim\u00e9e":"1 minute"},"schema":{"@context":"https:\/\/schema.org","@graph":[{"@type":"WebPage","@id":"https:\/\/www.animalsouk.ma\/animalerie-maroc\/produit\/biodent-hexi%cc%87dine-soin-buccal-et-dentaire-pour-chats-et-chiens\/","url":"https:\/\/www.animalsouk.ma\/animalerie-maroc\/produit\/biodent-hexi%cc%87dine-soin-buccal-et-dentaire-pour-chats-et-chiens\/","name":"Biodent Hexi\u0307dine - Soin buccal et dentaire pour chats et chiens - Animalerie Maroc","isPartOf":{"@id":"https:\/\/www.animalsouk.ma\/animalerie-maroc\/#website"},"primaryImageOfPage":{"@id":"https:\/\/www.animalsouk.ma\/animalerie-maroc\/produit\/biodent-hexi%cc%87dine-soin-buccal-et-dentaire-pour-chats-et-chiens\/#primaryimage"},"image":{"@id":"https:\/\/www.animalsouk.ma\/animalerie-maroc\/produit\/biodent-hexi%cc%87dine-soin-buccal-et-dentaire-pour-chats-et-chiens\/#primaryimage"},"thumbnailUrl":"https:\/\/www.animalsouk.ma\/animalerie-maroc\/wp-content\/uploads\/2025\/12\/hexidine-1.jpg","datePublished":"2025-12-10T16:02:02+00:00","dateModified":"2026-01-05T18:15:52+00:00","description":"Achetez votre Biodent Hexi\u0307dine - Soin buccal et dentaire pour chats et chiens au meilleur prix au Maroc. Livraison rapide | Animalsouk.ma","breadcrumb":{"@id":"https:\/\/www.animalsouk.ma\/animalerie-maroc\/produit\/biodent-hexi%cc%87dine-soin-buccal-et-dentaire-pour-chats-et-chiens\/#breadcrumb"},"inLanguage":"fr-FR","potentialAction":[{"@type":"ReadAction","target":["https:\/\/www.animalsouk.ma\/animalerie-maroc\/produit\/biodent-hexi%cc%87dine-soin-buccal-et-dentaire-pour-chats-et-chiens\/"]}]},{"@type":"ImageObject","inLanguage":"fr-FR","@id":"https:\/\/www.animalsouk.ma\/animalerie-maroc\/produit\/biodent-hexi%cc%87dine-soin-buccal-et-dentaire-pour-chats-et-chiens\/#primaryimage","url":"https:\/\/www.animalsouk.ma\/animalerie-maroc\/wp-content\/uploads\/2025\/12\/hexidine-1.jpg","contentUrl":"https:\/\/www.animalsouk.ma\/animalerie-maroc\/wp-content\/uploads\/2025\/12\/hexidine-1.jpg","width":1000,"height":1000,"caption":"Biodent Hexi\u0307dine - Soin buccal et dentaire pour chats et chiens"},{"@type":"BreadcrumbList","@id":"https:\/\/www.animalsouk.ma\/animalerie-maroc\/produit\/biodent-hexi%cc%87dine-soin-buccal-et-dentaire-pour-chats-et-chiens\/#breadcrumb","itemListElement":[{"@type":"ListItem","position":1,"name":"Home","item":"https:\/\/www.animalsouk.ma\/animalerie-maroc\/"},{"@type":"ListItem","position":2,"name":"Boutique","item":"https:\/\/www.animalsouk.ma\/animalerie-maroc\/boutique\/"},{"@type":"ListItem","position":3,"name":"Biodent Hexi\u0307dine &#8211; Soin buccal et dentaire pour chats et chiens"}]},{"@type":"WebSite","@id":"https:\/\/www.animalsouk.ma\/animalerie-maroc\/#website","url":"https:\/\/www.animalsouk.ma\/animalerie-maroc\/","name":"Animalerie de casablanca","description":"","publisher":{"@id":"https:\/\/www.animalsouk.ma\/animalerie-maroc\/#organization"},"potentialAction":[{"@type":"SearchAction","target":{"@type":"EntryPoint","urlTemplate":"https:\/\/www.animalsouk.ma\/animalerie-maroc\/?s={search_term_string}"},"query-input":{"@type":"PropertyValueSpecification","valueRequired":true,"valueName":"search_term_string"}}],"inLanguage":"fr-FR"},{"@type":"Organization","@id":"https:\/\/www.animalsouk.ma\/animalerie-maroc\/#organization","name":"Animalerie de casablanca","url":"https:\/\/www.animalsouk.ma\/animalerie-maroc\/","logo":{"@type":"ImageObject","inLanguage":"fr-FR","@id":"https:\/\/www.animalsouk.ma\/animalerie-maroc\/#\/schema\/logo\/image\/","url":"https:\/\/www.animalsouk.ma\/animalerie-maroc\/wp-content\/uploads\/2025\/10\/animalsouk.ma-logo.png","contentUrl":"https:\/\/www.animalsouk.ma\/animalerie-maroc\/wp-content\/uploads\/2025\/10\/animalsouk.ma-logo.png","width":760,"height":231,"caption":"Animalerie de casablanca"},"image":{"@id":"https:\/\/www.animalsouk.ma\/animalerie-maroc\/#\/schema\/logo\/image\/"},"sameAs":["https:\/\/www.facebook.com\/animalsouk.ma","https:\/\/www.instagram.com\/animalsouk.ma"]}]}},"_links":{"self":[{"href":"https:\/\/www.animalsouk.ma\/animalerie-maroc\/wp-json\/wp\/v2\/product\/1192","targetHints":{"allow":["GET"]}}],"collection":[{"href":"https:\/\/www.animalsouk.ma\/animalerie-maroc\/wp-json\/wp\/v2\/product"}],"about":[{"href":"https:\/\/www.animalsouk.ma\/animalerie-maroc\/wp-json\/wp\/v2\/types\/product"}],"wp:featuredmedia":[{"embeddable":true,"href":"https:\/\/www.animalsouk.ma\/animalerie-maroc\/wp-json\/wp\/v2\/media\/1187"}],"wp:attachment":[{"href":"https:\/\/www.animalsouk.ma\/animalerie-maroc\/wp-json\/wp\/v2\/media?parent=1192"}],"wp:term":[{"taxonomy":"product_brand","embeddable":true,"href":"https:\/\/www.animalsouk.ma\/animalerie-maroc\/wp-json\/wp\/v2\/product_brand?post=1192"},{"taxonomy":"product_cat","embeddable":true,"href":"https:\/\/www.animalsouk.ma\/animalerie-maroc\/wp-json\/wp\/v2\/product_cat?post=1192"},{"taxonomy":"product_tag","embeddable":true,"href":"https:\/\/www.animalsouk.ma\/animalerie-maroc\/wp-json\/wp\/v2\/product_tag?post=1192"}],"curies":[{"name":"wp","href":"https:\/\/api.w.org\/{rel}","templated":true}]}}