{"id":1191,"date":"2025-12-10T16:55:56","date_gmt":"2025-12-10T15:55:56","guid":{"rendered":"https:\/\/www.animalsouk.ma\/animalerie-maroc\/?post_type=product&#038;p=1191"},"modified":"2026-01-05T19:16:07","modified_gmt":"2026-01-05T18:16:07","slug":"d-kaltabs-dicalcium-phosphate-vitamin-d3-pour-chats-et-chiens","status":"publish","type":"product","link":"https:\/\/www.animalsouk.ma\/animalerie-maroc\/produit\/d-kaltabs-dicalcium-phosphate-vitamin-d3-pour-chats-et-chiens\/","title":{"rendered":"D-kaltabs &#8211; DiCalcium Phosphate &#038; Vitamin D3 pour chats et chiens"},"content":{"rendered":"<section class=\"elementor-section elementor-top-section elementor-element elementor-element-4597368 elementor-section-boxed elementor-section-height-default elementor-section-height-default tf-sticky-section tf-sticky-no\" data-id=\"4597368\" data-element_type=\"section\" data-settings=\"{&quot;background_background&quot;:&quot;classic&quot;,&quot;tf_sticky&quot;:&quot;no&quot;}\">\n<div class=\"elementor-container elementor-column-gap-no\">\n<div class=\"elementor-column elementor-col-50 elementor-top-column elementor-element elementor-element-8258e2c\" data-id=\"8258e2c\" data-element_type=\"column\">\n<div class=\"elementor-widget-wrap elementor-element-populated\">\n<div class=\"elementor-element elementor-element-23f107f elementor-widget elementor-widget-woocommerce-product-content\" data-id=\"23f107f\" data-element_type=\"widget\" data-widget_type=\"woocommerce-product-content.default\">\n<div class=\"elementor-widget-container\">\n<div class=\"vgblk-rw-wrapper limit-wrapper\"><strong><span dir=\"auto\">Un compl\u00e9ment alimentaire qui apporte le\u00a0<\/span><\/strong><strong><span dir=\"auto\">calcium\u00a0<\/span><\/strong><strong><span dir=\"auto\">dont nos amis les animaux ont besoin \u00e0 chaque \u00e9tape de leur vie.<\/span><\/strong><span dir=\"auto\">Comme chez l&rsquo;humain,\u00a0<\/span><strong><span dir=\"auto\">le calcium<\/span><\/strong><span dir=\"auto\">\u00a0est le min\u00e9ral le plus abondant dans l&rsquo;organisme animal. Outre son r\u00f4le dans la formation des os et des dents, il joue \u00e9galement un r\u00f4le essentiel dans la coagulation sanguine, la structure des articulations, la r\u00e9gulation du pouls et la restauration du syst\u00e8me nerveux.<\/span><\/p>\n<p><span dir=\"auto\">Il est donc essentiel de veiller \u00e0 ce que nos amis \u00e0 quatre pattes b\u00e9n\u00e9ficient d&rsquo;un apport quotidien en calcium suffisant. Ce besoin est particuli\u00e8rement accru pendant la gestation et l&rsquo;allaitement, p\u00e9riodes durant lesquelles la m\u00e8re et son petit ont des besoins accrus.<\/span><\/p>\n<p><span dir=\"auto\">De m\u00eame, la croissance rapide des animaux de compagnie de grande race se poursuit jusqu&rsquo;\u00e0 l&rsquo;\u00e2ge de 24 mois. Durant cette p\u00e9riode critique, une carence en calcium peut entra\u00eener des probl\u00e8mes squelettiques permanents et irr\u00e9versibles.<\/span><\/p>\n<p><strong><span dir=\"auto\">L&rsquo;absorption du calcium<\/span><\/strong><span dir=\"auto\">\u00a0peut diminuer pour diverses raisons.\u00a0<\/span><strong><span dir=\"auto\">La vitamine D<\/span><\/strong><span dir=\"auto\">\u00a0joue un r\u00f4le essentiel dans cette absorption, et une carence peut entra\u00eener une diminution de celle-ci. Par cons\u00e9quent, laissez votre compagnon \u00e0 quatre pattes courir et jouer, et profitez du soleil par temps ensoleill\u00e9.<\/span><\/p>\n<p><strong><span dir=\"auto\">D-Kaltabs<\/span><\/strong><span dir=\"auto\">\u00a0contient une quantit\u00e9 suffisante de\u00a0<\/span><strong><span dir=\"auto\">vitamine D,<\/span><\/strong><span dir=\"auto\"> ainsi que du calcium et du phosphore.<\/span><\/p>\n<\/div>\n<div class=\"vgblk-rw-wrapper limit-wrapper\">\n<p><strong><em><span dir=\"auto\">D-Kaltabs pour chats et chiens<\/span><\/em><\/strong><strong><em><span dir=\"auto\">\u00a0: Conseils d\u2019utilisation\u00a0:<\/span><\/em><\/strong><em><span dir=\"auto\">\u00a0Administrer selon le tableau ci-dessous. \u00c9craser le comprim\u00e9 et le m\u00e9langer \u00e0 la nourriture s\u00e8che ou humide, ou l\u2019administrer directement. (1 comprim\u00e9 = 1,5\u00a0g)<\/span><\/em><\/p>\n<p><strong><em><span dir=\"auto\">D-\u00a0<\/span><\/em><\/strong><strong><em><span dir=\"auto\">Kaltabs\u00a0<\/span><\/em><\/strong><strong><em><span dir=\"auto\">pour\u00a0<\/span><\/em><\/strong><strong><em><span dir=\"auto\">chats &#8211; Conseils\u00a0<\/span><\/em><\/strong><strong><em><span dir=\"auto\">d&rsquo;utilisation<\/span><\/em><\/strong>\u00a0<strong><em><span dir=\"auto\">\u00a0:<\/span><\/em><\/strong>\u00a0<em><span dir=\"auto\">Pour\u00a0<\/span><\/em><em><span dir=\"auto\">les chats,\u00a0<\/span><\/em><span dir=\"auto\"><em>2 comprim\u00e9s par jour\u00a0; 1 comprim\u00e9 le matin\u00a0<\/em><\/span><em><span dir=\"auto\">et\u00a0<\/span><\/em><em><span dir=\"auto\">1\u00a0<\/span><\/em><em><span dir=\"auto\">comprim\u00e9\u00a0<\/span><\/em><em><span dir=\"auto\">le\u00a0<\/span><\/em><em><span dir=\"auto\">soir\u00a0<\/span><\/em><em><span dir=\"auto\">.\u00a0<\/span><\/em><em><span dir=\"auto\">Peut\u00a0<\/span><\/em><span dir=\"auto\"><em>\u00eatre administr\u00e9 directement ou \u00e9cras\u00e9 et m\u00e9lang\u00e9 \u00e0 la nourriture s\u00e8che ou humide.<\/em><\/span><\/p>\n<\/div>\n<\/div>\n<\/div>\n<\/div>\n<\/div>\n<\/div>\n<\/section>\n","protected":false},"excerpt":{"rendered":"<p>Un compl\u00e9ment alimentaire qui apporte le\u00a0calcium\u00a0dont nos amis les animaux ont besoin \u00e0 chaque \u00e9tape de leur vie.Comme chez l&rsquo;humain,\u00a0le calcium\u00a0est le min\u00e9ral le plus abondant dans l&rsquo;organisme animal. Outre son r\u00f4le dans la formation des os et des dents, il joue \u00e9galement un r\u00f4le essentiel dans la coagulation sanguine, la structure des articulations, la [&#8230;]\n","protected":false},"featured_media":1186,"template":"","meta":[],"product_brand":[33],"product_cat":[43,44],"product_tag":[],"class_list":{"0":"post-1191","1":"product","2":"type-product","3":"status-publish","4":"has-post-thumbnail","6":"product_brand-bio-petactive","7":"product_cat-chats","8":"product_cat-chiens","10":"first","11":"instock","12":"sale","13":"shipping-taxable","14":"purchasable","15":"product-type-simple"},"yoast_head":"<!-- This site is optimized with the Yoast SEO plugin v27.3 - https:\/\/yoast.com\/product\/yoast-seo-wordpress\/ -->\n<title>D-kaltabs - DiCalcium Phosphate &amp; Vitamin D3 pour chats et chiens - Animalerie Maroc<\/title>\n<meta name=\"description\" content=\"Achetez votre D-kaltabs - DiCalcium Phosphate &amp; Vitamin D3 pour chats et chiens au meilleur prix au Maroc. Livraison rapide | Animalsouk.ma\" \/>\n<meta name=\"robots\" content=\"index, follow, max-snippet:-1, max-image-preview:large, max-video-preview:-1\" \/>\n<link rel=\"canonical\" href=\"https:\/\/www.animalsouk.ma\/animalerie-maroc\/produit\/d-kaltabs-dicalcium-phosphate-vitamin-d3-pour-chats-et-chiens\/\" \/>\n<meta property=\"og:locale\" content=\"fr_FR\" \/>\n<meta property=\"og:type\" content=\"article\" \/>\n<meta property=\"og:title\" content=\"D-kaltabs - DiCalcium Phosphate &amp; Vitamin D3 pour chats et chiens - Animalerie Maroc\" \/>\n<meta property=\"og:description\" content=\"Achetez votre D-kaltabs - DiCalcium Phosphate &amp; Vitamin D3 pour chats et chiens au meilleur prix au Maroc. Livraison rapide | Animalsouk.ma\" \/>\n<meta property=\"og:url\" content=\"https:\/\/www.animalsouk.ma\/animalerie-maroc\/produit\/d-kaltabs-dicalcium-phosphate-vitamin-d3-pour-chats-et-chiens\/\" \/>\n<meta property=\"og:site_name\" content=\"Animalerie Maroc\" \/>\n<meta property=\"article:publisher\" content=\"https:\/\/www.facebook.com\/animalsouk.ma\" \/>\n<meta property=\"article:modified_time\" content=\"2026-01-05T18:16:07+00:00\" \/>\n<meta property=\"og:image\" content=\"https:\/\/www.animalsouk.ma\/animalerie-maroc\/wp-content\/uploads\/2025\/12\/kaltab.jpg\" \/>\n\t<meta property=\"og:image:width\" content=\"1000\" \/>\n\t<meta property=\"og:image:height\" content=\"1000\" \/>\n\t<meta property=\"og:image:type\" content=\"image\/jpeg\" \/>\n<meta name=\"twitter:card\" content=\"summary_large_image\" \/>\n<meta name=\"twitter:label1\" content=\"Dur\u00e9e de lecture estim\u00e9e\" \/>\n\t<meta name=\"twitter:data1\" content=\"2 minutes\" \/>\n<script type=\"application\/ld+json\" class=\"yoast-schema-graph\">{\"@context\":\"https:\\\/\\\/schema.org\",\"@graph\":[{\"@type\":\"WebPage\",\"@id\":\"https:\\\/\\\/www.animalsouk.ma\\\/animalerie-maroc\\\/produit\\\/d-kaltabs-dicalcium-phosphate-vitamin-d3-pour-chats-et-chiens\\\/\",\"url\":\"https:\\\/\\\/www.animalsouk.ma\\\/animalerie-maroc\\\/produit\\\/d-kaltabs-dicalcium-phosphate-vitamin-d3-pour-chats-et-chiens\\\/\",\"name\":\"D-kaltabs - DiCalcium Phosphate & Vitamin D3 pour chats et chiens - Animalerie Maroc\",\"isPartOf\":{\"@id\":\"https:\\\/\\\/www.animalsouk.ma\\\/animalerie-maroc\\\/#website\"},\"primaryImageOfPage\":{\"@id\":\"https:\\\/\\\/www.animalsouk.ma\\\/animalerie-maroc\\\/produit\\\/d-kaltabs-dicalcium-phosphate-vitamin-d3-pour-chats-et-chiens\\\/#primaryimage\"},\"image\":{\"@id\":\"https:\\\/\\\/www.animalsouk.ma\\\/animalerie-maroc\\\/produit\\\/d-kaltabs-dicalcium-phosphate-vitamin-d3-pour-chats-et-chiens\\\/#primaryimage\"},\"thumbnailUrl\":\"https:\\\/\\\/www.animalsouk.ma\\\/animalerie-maroc\\\/wp-content\\\/uploads\\\/2025\\\/12\\\/kaltab.jpg\",\"datePublished\":\"2025-12-10T15:55:56+00:00\",\"dateModified\":\"2026-01-05T18:16:07+00:00\",\"description\":\"Achetez votre D-kaltabs - DiCalcium Phosphate & Vitamin D3 pour chats et chiens au meilleur prix au Maroc. Livraison rapide | Animalsouk.ma\",\"breadcrumb\":{\"@id\":\"https:\\\/\\\/www.animalsouk.ma\\\/animalerie-maroc\\\/produit\\\/d-kaltabs-dicalcium-phosphate-vitamin-d3-pour-chats-et-chiens\\\/#breadcrumb\"},\"inLanguage\":\"fr-FR\",\"potentialAction\":[{\"@type\":\"ReadAction\",\"target\":[\"https:\\\/\\\/www.animalsouk.ma\\\/animalerie-maroc\\\/produit\\\/d-kaltabs-dicalcium-phosphate-vitamin-d3-pour-chats-et-chiens\\\/\"]}]},{\"@type\":\"ImageObject\",\"inLanguage\":\"fr-FR\",\"@id\":\"https:\\\/\\\/www.animalsouk.ma\\\/animalerie-maroc\\\/produit\\\/d-kaltabs-dicalcium-phosphate-vitamin-d3-pour-chats-et-chiens\\\/#primaryimage\",\"url\":\"https:\\\/\\\/www.animalsouk.ma\\\/animalerie-maroc\\\/wp-content\\\/uploads\\\/2025\\\/12\\\/kaltab.jpg\",\"contentUrl\":\"https:\\\/\\\/www.animalsouk.ma\\\/animalerie-maroc\\\/wp-content\\\/uploads\\\/2025\\\/12\\\/kaltab.jpg\",\"width\":1000,\"height\":1000,\"caption\":\"D-kaltabs - DiCalcium Phosphate & Vitamin D3 pour chats et chiens\"},{\"@type\":\"BreadcrumbList\",\"@id\":\"https:\\\/\\\/www.animalsouk.ma\\\/animalerie-maroc\\\/produit\\\/d-kaltabs-dicalcium-phosphate-vitamin-d3-pour-chats-et-chiens\\\/#breadcrumb\",\"itemListElement\":[{\"@type\":\"ListItem\",\"position\":1,\"name\":\"Home\",\"item\":\"https:\\\/\\\/www.animalsouk.ma\\\/animalerie-maroc\\\/\"},{\"@type\":\"ListItem\",\"position\":2,\"name\":\"Boutique\",\"item\":\"https:\\\/\\\/www.animalsouk.ma\\\/animalerie-maroc\\\/boutique\\\/\"},{\"@type\":\"ListItem\",\"position\":3,\"name\":\"D-kaltabs &#8211; DiCalcium Phosphate &#038; Vitamin D3 pour chats et chiens\"}]},{\"@type\":\"WebSite\",\"@id\":\"https:\\\/\\\/www.animalsouk.ma\\\/animalerie-maroc\\\/#website\",\"url\":\"https:\\\/\\\/www.animalsouk.ma\\\/animalerie-maroc\\\/\",\"name\":\"Animalerie de casablanca\",\"description\":\"\",\"publisher\":{\"@id\":\"https:\\\/\\\/www.animalsouk.ma\\\/animalerie-maroc\\\/#organization\"},\"potentialAction\":[{\"@type\":\"SearchAction\",\"target\":{\"@type\":\"EntryPoint\",\"urlTemplate\":\"https:\\\/\\\/www.animalsouk.ma\\\/animalerie-maroc\\\/?s={search_term_string}\"},\"query-input\":{\"@type\":\"PropertyValueSpecification\",\"valueRequired\":true,\"valueName\":\"search_term_string\"}}],\"inLanguage\":\"fr-FR\"},{\"@type\":\"Organization\",\"@id\":\"https:\\\/\\\/www.animalsouk.ma\\\/animalerie-maroc\\\/#organization\",\"name\":\"Animalerie de casablanca\",\"url\":\"https:\\\/\\\/www.animalsouk.ma\\\/animalerie-maroc\\\/\",\"logo\":{\"@type\":\"ImageObject\",\"inLanguage\":\"fr-FR\",\"@id\":\"https:\\\/\\\/www.animalsouk.ma\\\/animalerie-maroc\\\/#\\\/schema\\\/logo\\\/image\\\/\",\"url\":\"https:\\\/\\\/www.animalsouk.ma\\\/animalerie-maroc\\\/wp-content\\\/uploads\\\/2025\\\/10\\\/animalsouk.ma-logo.png\",\"contentUrl\":\"https:\\\/\\\/www.animalsouk.ma\\\/animalerie-maroc\\\/wp-content\\\/uploads\\\/2025\\\/10\\\/animalsouk.ma-logo.png\",\"width\":760,\"height\":231,\"caption\":\"Animalerie de casablanca\"},\"image\":{\"@id\":\"https:\\\/\\\/www.animalsouk.ma\\\/animalerie-maroc\\\/#\\\/schema\\\/logo\\\/image\\\/\"},\"sameAs\":[\"https:\\\/\\\/www.facebook.com\\\/animalsouk.ma\",\"https:\\\/\\\/www.instagram.com\\\/animalsouk.ma\"]}]}<\/script>\n<!-- \/ Yoast SEO plugin. -->","yoast_head_json":{"title":"D-kaltabs - DiCalcium Phosphate & Vitamin D3 pour chats et chiens - Animalerie Maroc","description":"Achetez votre D-kaltabs - DiCalcium Phosphate & Vitamin D3 pour chats et chiens au meilleur prix au Maroc. Livraison rapide | Animalsouk.ma","robots":{"index":"index","follow":"follow","max-snippet":"max-snippet:-1","max-image-preview":"max-image-preview:large","max-video-preview":"max-video-preview:-1"},"canonical":"https:\/\/www.animalsouk.ma\/animalerie-maroc\/produit\/d-kaltabs-dicalcium-phosphate-vitamin-d3-pour-chats-et-chiens\/","og_locale":"fr_FR","og_type":"article","og_title":"D-kaltabs - DiCalcium Phosphate & Vitamin D3 pour chats et chiens - Animalerie Maroc","og_description":"Achetez votre D-kaltabs - DiCalcium Phosphate & Vitamin D3 pour chats et chiens au meilleur prix au Maroc. Livraison rapide | Animalsouk.ma","og_url":"https:\/\/www.animalsouk.ma\/animalerie-maroc\/produit\/d-kaltabs-dicalcium-phosphate-vitamin-d3-pour-chats-et-chiens\/","og_site_name":"Animalerie Maroc","article_publisher":"https:\/\/www.facebook.com\/animalsouk.ma","article_modified_time":"2026-01-05T18:16:07+00:00","og_image":[{"width":1000,"height":1000,"url":"https:\/\/www.animalsouk.ma\/animalerie-maroc\/wp-content\/uploads\/2025\/12\/kaltab.jpg","type":"image\/jpeg"}],"twitter_card":"summary_large_image","twitter_misc":{"Dur\u00e9e de lecture estim\u00e9e":"2 minutes"},"schema":{"@context":"https:\/\/schema.org","@graph":[{"@type":"WebPage","@id":"https:\/\/www.animalsouk.ma\/animalerie-maroc\/produit\/d-kaltabs-dicalcium-phosphate-vitamin-d3-pour-chats-et-chiens\/","url":"https:\/\/www.animalsouk.ma\/animalerie-maroc\/produit\/d-kaltabs-dicalcium-phosphate-vitamin-d3-pour-chats-et-chiens\/","name":"D-kaltabs - DiCalcium Phosphate & Vitamin D3 pour chats et chiens - Animalerie Maroc","isPartOf":{"@id":"https:\/\/www.animalsouk.ma\/animalerie-maroc\/#website"},"primaryImageOfPage":{"@id":"https:\/\/www.animalsouk.ma\/animalerie-maroc\/produit\/d-kaltabs-dicalcium-phosphate-vitamin-d3-pour-chats-et-chiens\/#primaryimage"},"image":{"@id":"https:\/\/www.animalsouk.ma\/animalerie-maroc\/produit\/d-kaltabs-dicalcium-phosphate-vitamin-d3-pour-chats-et-chiens\/#primaryimage"},"thumbnailUrl":"https:\/\/www.animalsouk.ma\/animalerie-maroc\/wp-content\/uploads\/2025\/12\/kaltab.jpg","datePublished":"2025-12-10T15:55:56+00:00","dateModified":"2026-01-05T18:16:07+00:00","description":"Achetez votre D-kaltabs - DiCalcium Phosphate & Vitamin D3 pour chats et chiens au meilleur prix au Maroc. Livraison rapide | Animalsouk.ma","breadcrumb":{"@id":"https:\/\/www.animalsouk.ma\/animalerie-maroc\/produit\/d-kaltabs-dicalcium-phosphate-vitamin-d3-pour-chats-et-chiens\/#breadcrumb"},"inLanguage":"fr-FR","potentialAction":[{"@type":"ReadAction","target":["https:\/\/www.animalsouk.ma\/animalerie-maroc\/produit\/d-kaltabs-dicalcium-phosphate-vitamin-d3-pour-chats-et-chiens\/"]}]},{"@type":"ImageObject","inLanguage":"fr-FR","@id":"https:\/\/www.animalsouk.ma\/animalerie-maroc\/produit\/d-kaltabs-dicalcium-phosphate-vitamin-d3-pour-chats-et-chiens\/#primaryimage","url":"https:\/\/www.animalsouk.ma\/animalerie-maroc\/wp-content\/uploads\/2025\/12\/kaltab.jpg","contentUrl":"https:\/\/www.animalsouk.ma\/animalerie-maroc\/wp-content\/uploads\/2025\/12\/kaltab.jpg","width":1000,"height":1000,"caption":"D-kaltabs - DiCalcium Phosphate & Vitamin D3 pour chats et chiens"},{"@type":"BreadcrumbList","@id":"https:\/\/www.animalsouk.ma\/animalerie-maroc\/produit\/d-kaltabs-dicalcium-phosphate-vitamin-d3-pour-chats-et-chiens\/#breadcrumb","itemListElement":[{"@type":"ListItem","position":1,"name":"Home","item":"https:\/\/www.animalsouk.ma\/animalerie-maroc\/"},{"@type":"ListItem","position":2,"name":"Boutique","item":"https:\/\/www.animalsouk.ma\/animalerie-maroc\/boutique\/"},{"@type":"ListItem","position":3,"name":"D-kaltabs &#8211; DiCalcium Phosphate &#038; Vitamin D3 pour chats et chiens"}]},{"@type":"WebSite","@id":"https:\/\/www.animalsouk.ma\/animalerie-maroc\/#website","url":"https:\/\/www.animalsouk.ma\/animalerie-maroc\/","name":"Animalerie de casablanca","description":"","publisher":{"@id":"https:\/\/www.animalsouk.ma\/animalerie-maroc\/#organization"},"potentialAction":[{"@type":"SearchAction","target":{"@type":"EntryPoint","urlTemplate":"https:\/\/www.animalsouk.ma\/animalerie-maroc\/?s={search_term_string}"},"query-input":{"@type":"PropertyValueSpecification","valueRequired":true,"valueName":"search_term_string"}}],"inLanguage":"fr-FR"},{"@type":"Organization","@id":"https:\/\/www.animalsouk.ma\/animalerie-maroc\/#organization","name":"Animalerie de casablanca","url":"https:\/\/www.animalsouk.ma\/animalerie-maroc\/","logo":{"@type":"ImageObject","inLanguage":"fr-FR","@id":"https:\/\/www.animalsouk.ma\/animalerie-maroc\/#\/schema\/logo\/image\/","url":"https:\/\/www.animalsouk.ma\/animalerie-maroc\/wp-content\/uploads\/2025\/10\/animalsouk.ma-logo.png","contentUrl":"https:\/\/www.animalsouk.ma\/animalerie-maroc\/wp-content\/uploads\/2025\/10\/animalsouk.ma-logo.png","width":760,"height":231,"caption":"Animalerie de casablanca"},"image":{"@id":"https:\/\/www.animalsouk.ma\/animalerie-maroc\/#\/schema\/logo\/image\/"},"sameAs":["https:\/\/www.facebook.com\/animalsouk.ma","https:\/\/www.instagram.com\/animalsouk.ma"]}]}},"_links":{"self":[{"href":"https:\/\/www.animalsouk.ma\/animalerie-maroc\/wp-json\/wp\/v2\/product\/1191","targetHints":{"allow":["GET"]}}],"collection":[{"href":"https:\/\/www.animalsouk.ma\/animalerie-maroc\/wp-json\/wp\/v2\/product"}],"about":[{"href":"https:\/\/www.animalsouk.ma\/animalerie-maroc\/wp-json\/wp\/v2\/types\/product"}],"wp:featuredmedia":[{"embeddable":true,"href":"https:\/\/www.animalsouk.ma\/animalerie-maroc\/wp-json\/wp\/v2\/media\/1186"}],"wp:attachment":[{"href":"https:\/\/www.animalsouk.ma\/animalerie-maroc\/wp-json\/wp\/v2\/media?parent=1191"}],"wp:term":[{"taxonomy":"product_brand","embeddable":true,"href":"https:\/\/www.animalsouk.ma\/animalerie-maroc\/wp-json\/wp\/v2\/product_brand?post=1191"},{"taxonomy":"product_cat","embeddable":true,"href":"https:\/\/www.animalsouk.ma\/animalerie-maroc\/wp-json\/wp\/v2\/product_cat?post=1191"},{"taxonomy":"product_tag","embeddable":true,"href":"https:\/\/www.animalsouk.ma\/animalerie-maroc\/wp-json\/wp\/v2\/product_tag?post=1191"}],"curies":[{"name":"wp","href":"https:\/\/api.w.org\/{rel}","templated":true}]}}