{"id":1180,"date":"2025-12-10T16:28:11","date_gmt":"2025-12-10T15:28:11","guid":{"rendered":"https:\/\/www.animalsouk.ma\/animalerie-maroc\/?post_type=product&#038;p=1180"},"modified":"2026-01-05T17:36:07","modified_gmt":"2026-01-05T16:36:07","slug":"pates-vitaminees-pour-chiots-bio-petactive","status":"publish","type":"product","link":"https:\/\/www.animalsouk.ma\/animalerie-maroc\/produit\/pates-vitaminees-pour-chiots-bio-petactive\/","title":{"rendered":"P\u00e2tes vitamin\u00e9es pour chiots &#8211; Bio PetActive"},"content":{"rendered":"<section class=\"elementor-section elementor-top-section elementor-element elementor-element-4597368 elementor-section-boxed elementor-section-height-default elementor-section-height-default tf-sticky-section tf-sticky-no\" data-id=\"4597368\" data-element_type=\"section\" data-settings=\"{&quot;background_background&quot;:&quot;classic&quot;,&quot;tf_sticky&quot;:&quot;no&quot;}\">\n<div class=\"elementor-container elementor-column-gap-no\">\n<div class=\"elementor-column elementor-col-50 elementor-top-column elementor-element elementor-element-8258e2c\" data-id=\"8258e2c\" data-element_type=\"column\">\n<div class=\"elementor-widget-wrap elementor-element-populated\">\n<div class=\"elementor-element elementor-element-23f107f elementor-widget elementor-widget-woocommerce-product-content\" data-id=\"23f107f\" data-element_type=\"widget\" data-widget_type=\"woocommerce-product-content.default\">\n<div class=\"elementor-widget-container\">\n<div class=\"vgblk-rw-wrapper limit-wrapper\">\n<p><span dir=\"auto\">VotaliDog Junior est un Compl\u00e9ment alimentaire contenant <\/span><strong><span dir=\"auto\">des vitamines, de la L-carnitine, de la taurine, du phosphate dicalcique<\/span><\/strong><span dir=\"auto\">\u00a0et\u00a0<\/span><strong><span dir=\"auto\">du MOS<\/span><\/strong><span dir=\"auto\">\u00a0pour favoriser le bon d\u00e9veloppement des\u00a0<\/span><strong><span dir=\"auto\">chiots<\/span><\/strong><strong><span dir=\"auto\">.<\/span><\/strong><span dir=\"auto\">\u00a0Apporte une combinaison vitaminique \u00e9quilibr\u00e9e \u00e0 votre\u00a0<\/span><strong><span dir=\"auto\">chiot<\/span><\/strong><strong><span dir=\"auto\">.<\/span><\/strong><strong>\u00a0<\/strong><\/p>\n<p><strong><span dir=\"auto\">Ingr\u00e9dients de la p\u00e2te VitaliDOG Junior :<\/span><\/strong><span dir=\"auto\">\u00a0Vitamine A, Vitamine D3, Ca-D-Pantoth\u00e9nate, Niacine, L-Carnitine L-Tartrate, Vitamine B1, B2, B6, B12, Acide folique, Biotine, Mannan-oligosaccharide (MOS).<\/span><\/p>\n<p>&nbsp;<\/p>\n<p><strong><span dir=\"auto\">Ingr\u00e9dients de la p\u00e2te VitaliCAT Junior :<\/span><\/strong><span dir=\"auto\">\u00a0Vitamine A, Vitamine D3, Taurine, Vitamine B1, B2, B6, B12, Niacine, D-Pantoth\u00e9nate de Ca, Acide folique, Biotine, Phosphate dicalcique, Mannan-oligosaccharide (MOS).<\/span><\/p>\n<p>&nbsp;<\/p>\n<p><strong><span dir=\"auto\">La L-carnitine<\/span><\/strong><span dir=\"auto\">\u00a0aide votre adorable chien \u00e0 d\u00e9velopper une musculature saine et favorise une combustion efficace des graisses. Elle est donc tr\u00e8s b\u00e9n\u00e9fique et efficace lors d&rsquo;efforts physiques, surtout prolong\u00e9s. Chez certaines races (Boxer, Doberman, Cocker Spaniel, etc.), des maladies cardiaques graves sont souvent li\u00e9es \u00e0 une production insuffisante de carnitine par l&rsquo;organisme.<\/span><\/p>\n<p>&nbsp;<\/p>\n<p><strong><span dir=\"auto\">Phosphate dicalcique\u00a0;<\/span><\/strong><span dir=\"auto\"> le calcium et le phosphate interviennent dans la structure des os et des dents. Il existe un rapport optimal entre le phosphate de calcium et le calcium chez les chiens. Un apport insuffisant en calcium et en phosphate, ainsi qu\u2019un d\u00e9s\u00e9quilibre de ce rapport, peuvent entra\u00eener des probl\u00e8mes squelettiques irr\u00e9versibles, notamment chez les jeunes en pleine croissance.<\/span><\/p>\n<p>&nbsp;<\/p>\n<p><strong><span dir=\"auto\">Le mannan-oligosaccharide (MOS)<\/span><\/strong><span dir=\"auto\">\u00a0contribue \u00e0 l&rsquo;\u00e9quilibre de la flore intestinale. Il est efficace contre les bact\u00e9ries nocives et pr\u00e9vient leur d\u00e9veloppement en emp\u00eachant leur fixation \u00e0 la muqueuse intestinale. Il soutient ainsi le syst\u00e8me digestif.<\/span><\/p>\n<p><span dir=\"auto\"><strong><em>Mode d&#8217;emploi de la p\u00e2te\u00a0<\/em><\/strong><strong><em>VitaliDOG\u00a0<\/em><\/strong><\/span><strong><em><span dir=\"auto\">Junior<\/span><\/em><\/strong><span dir=\"auto\"><strong><em>\u00a0:<\/em><\/strong><em>\u00a0Pour\u00a0<\/em><em>chaque\u00a0<\/em><em>kilogramme\u00a0<\/em><em>de poids\u00a0<\/em><em>corporel\u00a0<\/em><em>, ajoutez<\/em><\/span><\/p>\n<p><em><span dir=\"auto\">0,5 gramme par jour dans leur nourriture ou peut \u00eatre donn\u00e9 directement (0,5 g \u00e9quivaut \u00e0 environ 1 cm).<\/span><\/em><\/p>\n<\/div>\n<\/div>\n<\/div>\n<\/div>\n<\/div>\n<\/div>\n<\/section>\n","protected":false},"excerpt":{"rendered":"<p>VotaliDog Junior est un Compl\u00e9ment alimentaire contenant des vitamines, de la L-carnitine, de la taurine, du phosphate dicalcique\u00a0et\u00a0du MOS\u00a0pour favoriser le bon d\u00e9veloppement des\u00a0chiots.\u00a0Apporte une combinaison vitaminique \u00e9quilibr\u00e9e \u00e0 votre\u00a0chiot.\u00a0 Ingr\u00e9dients de la p\u00e2te VitaliDOG Junior :\u00a0Vitamine A, Vitamine D3, Ca-D-Pantoth\u00e9nate, Niacine, L-Carnitine L-Tartrate, Vitamine B1, B2, B6, B12, Acide folique, Biotine, Mannan-oligosaccharide (MOS). &nbsp; [&#8230;]\n","protected":false},"featured_media":1181,"template":"","meta":[],"product_brand":[33],"product_cat":[20],"product_tag":[],"class_list":{"0":"post-1180","1":"product","2":"type-product","3":"status-publish","4":"has-post-thumbnail","6":"product_brand-bio-petactive","7":"product_cat-alimentation-pour-chiens","9":"first","10":"instock","11":"sale","12":"shipping-taxable","13":"purchasable","14":"product-type-simple"},"yoast_head":"<!-- This site is optimized with the Yoast SEO plugin v27.3 - https:\/\/yoast.com\/product\/yoast-seo-wordpress\/ -->\n<title>P\u00e2tes vitamin\u00e9es pour chiots - Bio PetActive - Animalerie Maroc<\/title>\n<meta name=\"description\" content=\"Achetez votre P\u00e2tes vitamin\u00e9es pour chiots - Bio PetActive au meilleur prix au Maroc. Livraison rapide | Animalsouk.ma\" \/>\n<meta name=\"robots\" content=\"index, follow, max-snippet:-1, max-image-preview:large, max-video-preview:-1\" \/>\n<link rel=\"canonical\" href=\"https:\/\/www.animalsouk.ma\/animalerie-maroc\/produit\/pates-vitaminees-pour-chiots-bio-petactive\/\" \/>\n<meta property=\"og:locale\" content=\"fr_FR\" \/>\n<meta property=\"og:type\" content=\"article\" \/>\n<meta property=\"og:title\" content=\"P\u00e2tes vitamin\u00e9es pour chiots - Bio PetActive - Animalerie Maroc\" \/>\n<meta property=\"og:description\" content=\"Achetez votre P\u00e2tes vitamin\u00e9es pour chiots - Bio PetActive au meilleur prix au Maroc. Livraison rapide | Animalsouk.ma\" \/>\n<meta property=\"og:url\" content=\"https:\/\/www.animalsouk.ma\/animalerie-maroc\/produit\/pates-vitaminees-pour-chiots-bio-petactive\/\" \/>\n<meta property=\"og:site_name\" content=\"Animalerie Maroc\" \/>\n<meta property=\"article:publisher\" content=\"https:\/\/www.facebook.com\/animalsouk.ma\" \/>\n<meta property=\"article:modified_time\" content=\"2026-01-05T16:36:07+00:00\" \/>\n<meta property=\"og:image\" content=\"https:\/\/www.animalsouk.ma\/animalerie-maroc\/wp-content\/uploads\/2025\/12\/paste-junior.jpg\" \/>\n\t<meta property=\"og:image:width\" content=\"1000\" \/>\n\t<meta property=\"og:image:height\" content=\"1000\" \/>\n\t<meta property=\"og:image:type\" content=\"image\/jpeg\" \/>\n<meta name=\"twitter:card\" content=\"summary_large_image\" \/>\n<meta name=\"twitter:label1\" content=\"Dur\u00e9e de lecture estim\u00e9e\" \/>\n\t<meta name=\"twitter:data1\" content=\"2 minutes\" \/>\n<script type=\"application\/ld+json\" class=\"yoast-schema-graph\">{\"@context\":\"https:\\\/\\\/schema.org\",\"@graph\":[{\"@type\":\"WebPage\",\"@id\":\"https:\\\/\\\/www.animalsouk.ma\\\/animalerie-maroc\\\/produit\\\/pates-vitaminees-pour-chiots-bio-petactive\\\/\",\"url\":\"https:\\\/\\\/www.animalsouk.ma\\\/animalerie-maroc\\\/produit\\\/pates-vitaminees-pour-chiots-bio-petactive\\\/\",\"name\":\"P\u00e2tes vitamin\u00e9es pour chiots - Bio PetActive - Animalerie Maroc\",\"isPartOf\":{\"@id\":\"https:\\\/\\\/www.animalsouk.ma\\\/animalerie-maroc\\\/#website\"},\"primaryImageOfPage\":{\"@id\":\"https:\\\/\\\/www.animalsouk.ma\\\/animalerie-maroc\\\/produit\\\/pates-vitaminees-pour-chiots-bio-petactive\\\/#primaryimage\"},\"image\":{\"@id\":\"https:\\\/\\\/www.animalsouk.ma\\\/animalerie-maroc\\\/produit\\\/pates-vitaminees-pour-chiots-bio-petactive\\\/#primaryimage\"},\"thumbnailUrl\":\"https:\\\/\\\/www.animalsouk.ma\\\/animalerie-maroc\\\/wp-content\\\/uploads\\\/2025\\\/12\\\/paste-junior.jpg\",\"datePublished\":\"2025-12-10T15:28:11+00:00\",\"dateModified\":\"2026-01-05T16:36:07+00:00\",\"description\":\"Achetez votre P\u00e2tes vitamin\u00e9es pour chiots - Bio PetActive au meilleur prix au Maroc. Livraison rapide | Animalsouk.ma\",\"breadcrumb\":{\"@id\":\"https:\\\/\\\/www.animalsouk.ma\\\/animalerie-maroc\\\/produit\\\/pates-vitaminees-pour-chiots-bio-petactive\\\/#breadcrumb\"},\"inLanguage\":\"fr-FR\",\"potentialAction\":[{\"@type\":\"ReadAction\",\"target\":[\"https:\\\/\\\/www.animalsouk.ma\\\/animalerie-maroc\\\/produit\\\/pates-vitaminees-pour-chiots-bio-petactive\\\/\"]}]},{\"@type\":\"ImageObject\",\"inLanguage\":\"fr-FR\",\"@id\":\"https:\\\/\\\/www.animalsouk.ma\\\/animalerie-maroc\\\/produit\\\/pates-vitaminees-pour-chiots-bio-petactive\\\/#primaryimage\",\"url\":\"https:\\\/\\\/www.animalsouk.ma\\\/animalerie-maroc\\\/wp-content\\\/uploads\\\/2025\\\/12\\\/paste-junior.jpg\",\"contentUrl\":\"https:\\\/\\\/www.animalsouk.ma\\\/animalerie-maroc\\\/wp-content\\\/uploads\\\/2025\\\/12\\\/paste-junior.jpg\",\"width\":1000,\"height\":1000,\"caption\":\"P\u00e2tes vitamin\u00e9es pour chiots - Bio PetActive\"},{\"@type\":\"BreadcrumbList\",\"@id\":\"https:\\\/\\\/www.animalsouk.ma\\\/animalerie-maroc\\\/produit\\\/pates-vitaminees-pour-chiots-bio-petactive\\\/#breadcrumb\",\"itemListElement\":[{\"@type\":\"ListItem\",\"position\":1,\"name\":\"Home\",\"item\":\"https:\\\/\\\/www.animalsouk.ma\\\/animalerie-maroc\\\/\"},{\"@type\":\"ListItem\",\"position\":2,\"name\":\"Boutique\",\"item\":\"https:\\\/\\\/www.animalsouk.ma\\\/animalerie-maroc\\\/boutique\\\/\"},{\"@type\":\"ListItem\",\"position\":3,\"name\":\"P\u00e2tes vitamin\u00e9es pour chiots &#8211; Bio PetActive\"}]},{\"@type\":\"WebSite\",\"@id\":\"https:\\\/\\\/www.animalsouk.ma\\\/animalerie-maroc\\\/#website\",\"url\":\"https:\\\/\\\/www.animalsouk.ma\\\/animalerie-maroc\\\/\",\"name\":\"Animalerie de casablanca\",\"description\":\"\",\"publisher\":{\"@id\":\"https:\\\/\\\/www.animalsouk.ma\\\/animalerie-maroc\\\/#organization\"},\"potentialAction\":[{\"@type\":\"SearchAction\",\"target\":{\"@type\":\"EntryPoint\",\"urlTemplate\":\"https:\\\/\\\/www.animalsouk.ma\\\/animalerie-maroc\\\/?s={search_term_string}\"},\"query-input\":{\"@type\":\"PropertyValueSpecification\",\"valueRequired\":true,\"valueName\":\"search_term_string\"}}],\"inLanguage\":\"fr-FR\"},{\"@type\":\"Organization\",\"@id\":\"https:\\\/\\\/www.animalsouk.ma\\\/animalerie-maroc\\\/#organization\",\"name\":\"Animalerie de casablanca\",\"url\":\"https:\\\/\\\/www.animalsouk.ma\\\/animalerie-maroc\\\/\",\"logo\":{\"@type\":\"ImageObject\",\"inLanguage\":\"fr-FR\",\"@id\":\"https:\\\/\\\/www.animalsouk.ma\\\/animalerie-maroc\\\/#\\\/schema\\\/logo\\\/image\\\/\",\"url\":\"https:\\\/\\\/www.animalsouk.ma\\\/animalerie-maroc\\\/wp-content\\\/uploads\\\/2025\\\/10\\\/animalsouk.ma-logo.png\",\"contentUrl\":\"https:\\\/\\\/www.animalsouk.ma\\\/animalerie-maroc\\\/wp-content\\\/uploads\\\/2025\\\/10\\\/animalsouk.ma-logo.png\",\"width\":760,\"height\":231,\"caption\":\"Animalerie de casablanca\"},\"image\":{\"@id\":\"https:\\\/\\\/www.animalsouk.ma\\\/animalerie-maroc\\\/#\\\/schema\\\/logo\\\/image\\\/\"},\"sameAs\":[\"https:\\\/\\\/www.facebook.com\\\/animalsouk.ma\",\"https:\\\/\\\/www.instagram.com\\\/animalsouk.ma\"]}]}<\/script>\n<!-- \/ Yoast SEO plugin. -->","yoast_head_json":{"title":"P\u00e2tes vitamin\u00e9es pour chiots - Bio PetActive - Animalerie Maroc","description":"Achetez votre P\u00e2tes vitamin\u00e9es pour chiots - Bio PetActive au meilleur prix au Maroc. Livraison rapide | Animalsouk.ma","robots":{"index":"index","follow":"follow","max-snippet":"max-snippet:-1","max-image-preview":"max-image-preview:large","max-video-preview":"max-video-preview:-1"},"canonical":"https:\/\/www.animalsouk.ma\/animalerie-maroc\/produit\/pates-vitaminees-pour-chiots-bio-petactive\/","og_locale":"fr_FR","og_type":"article","og_title":"P\u00e2tes vitamin\u00e9es pour chiots - Bio PetActive - Animalerie Maroc","og_description":"Achetez votre P\u00e2tes vitamin\u00e9es pour chiots - Bio PetActive au meilleur prix au Maroc. Livraison rapide | Animalsouk.ma","og_url":"https:\/\/www.animalsouk.ma\/animalerie-maroc\/produit\/pates-vitaminees-pour-chiots-bio-petactive\/","og_site_name":"Animalerie Maroc","article_publisher":"https:\/\/www.facebook.com\/animalsouk.ma","article_modified_time":"2026-01-05T16:36:07+00:00","og_image":[{"width":1000,"height":1000,"url":"https:\/\/www.animalsouk.ma\/animalerie-maroc\/wp-content\/uploads\/2025\/12\/paste-junior.jpg","type":"image\/jpeg"}],"twitter_card":"summary_large_image","twitter_misc":{"Dur\u00e9e de lecture estim\u00e9e":"2 minutes"},"schema":{"@context":"https:\/\/schema.org","@graph":[{"@type":"WebPage","@id":"https:\/\/www.animalsouk.ma\/animalerie-maroc\/produit\/pates-vitaminees-pour-chiots-bio-petactive\/","url":"https:\/\/www.animalsouk.ma\/animalerie-maroc\/produit\/pates-vitaminees-pour-chiots-bio-petactive\/","name":"P\u00e2tes vitamin\u00e9es pour chiots - Bio PetActive - Animalerie Maroc","isPartOf":{"@id":"https:\/\/www.animalsouk.ma\/animalerie-maroc\/#website"},"primaryImageOfPage":{"@id":"https:\/\/www.animalsouk.ma\/animalerie-maroc\/produit\/pates-vitaminees-pour-chiots-bio-petactive\/#primaryimage"},"image":{"@id":"https:\/\/www.animalsouk.ma\/animalerie-maroc\/produit\/pates-vitaminees-pour-chiots-bio-petactive\/#primaryimage"},"thumbnailUrl":"https:\/\/www.animalsouk.ma\/animalerie-maroc\/wp-content\/uploads\/2025\/12\/paste-junior.jpg","datePublished":"2025-12-10T15:28:11+00:00","dateModified":"2026-01-05T16:36:07+00:00","description":"Achetez votre P\u00e2tes vitamin\u00e9es pour chiots - Bio PetActive au meilleur prix au Maroc. Livraison rapide | Animalsouk.ma","breadcrumb":{"@id":"https:\/\/www.animalsouk.ma\/animalerie-maroc\/produit\/pates-vitaminees-pour-chiots-bio-petactive\/#breadcrumb"},"inLanguage":"fr-FR","potentialAction":[{"@type":"ReadAction","target":["https:\/\/www.animalsouk.ma\/animalerie-maroc\/produit\/pates-vitaminees-pour-chiots-bio-petactive\/"]}]},{"@type":"ImageObject","inLanguage":"fr-FR","@id":"https:\/\/www.animalsouk.ma\/animalerie-maroc\/produit\/pates-vitaminees-pour-chiots-bio-petactive\/#primaryimage","url":"https:\/\/www.animalsouk.ma\/animalerie-maroc\/wp-content\/uploads\/2025\/12\/paste-junior.jpg","contentUrl":"https:\/\/www.animalsouk.ma\/animalerie-maroc\/wp-content\/uploads\/2025\/12\/paste-junior.jpg","width":1000,"height":1000,"caption":"P\u00e2tes vitamin\u00e9es pour chiots - Bio PetActive"},{"@type":"BreadcrumbList","@id":"https:\/\/www.animalsouk.ma\/animalerie-maroc\/produit\/pates-vitaminees-pour-chiots-bio-petactive\/#breadcrumb","itemListElement":[{"@type":"ListItem","position":1,"name":"Home","item":"https:\/\/www.animalsouk.ma\/animalerie-maroc\/"},{"@type":"ListItem","position":2,"name":"Boutique","item":"https:\/\/www.animalsouk.ma\/animalerie-maroc\/boutique\/"},{"@type":"ListItem","position":3,"name":"P\u00e2tes vitamin\u00e9es pour chiots &#8211; Bio PetActive"}]},{"@type":"WebSite","@id":"https:\/\/www.animalsouk.ma\/animalerie-maroc\/#website","url":"https:\/\/www.animalsouk.ma\/animalerie-maroc\/","name":"Animalerie de casablanca","description":"","publisher":{"@id":"https:\/\/www.animalsouk.ma\/animalerie-maroc\/#organization"},"potentialAction":[{"@type":"SearchAction","target":{"@type":"EntryPoint","urlTemplate":"https:\/\/www.animalsouk.ma\/animalerie-maroc\/?s={search_term_string}"},"query-input":{"@type":"PropertyValueSpecification","valueRequired":true,"valueName":"search_term_string"}}],"inLanguage":"fr-FR"},{"@type":"Organization","@id":"https:\/\/www.animalsouk.ma\/animalerie-maroc\/#organization","name":"Animalerie de casablanca","url":"https:\/\/www.animalsouk.ma\/animalerie-maroc\/","logo":{"@type":"ImageObject","inLanguage":"fr-FR","@id":"https:\/\/www.animalsouk.ma\/animalerie-maroc\/#\/schema\/logo\/image\/","url":"https:\/\/www.animalsouk.ma\/animalerie-maroc\/wp-content\/uploads\/2025\/10\/animalsouk.ma-logo.png","contentUrl":"https:\/\/www.animalsouk.ma\/animalerie-maroc\/wp-content\/uploads\/2025\/10\/animalsouk.ma-logo.png","width":760,"height":231,"caption":"Animalerie de casablanca"},"image":{"@id":"https:\/\/www.animalsouk.ma\/animalerie-maroc\/#\/schema\/logo\/image\/"},"sameAs":["https:\/\/www.facebook.com\/animalsouk.ma","https:\/\/www.instagram.com\/animalsouk.ma"]}]}},"_links":{"self":[{"href":"https:\/\/www.animalsouk.ma\/animalerie-maroc\/wp-json\/wp\/v2\/product\/1180","targetHints":{"allow":["GET"]}}],"collection":[{"href":"https:\/\/www.animalsouk.ma\/animalerie-maroc\/wp-json\/wp\/v2\/product"}],"about":[{"href":"https:\/\/www.animalsouk.ma\/animalerie-maroc\/wp-json\/wp\/v2\/types\/product"}],"wp:featuredmedia":[{"embeddable":true,"href":"https:\/\/www.animalsouk.ma\/animalerie-maroc\/wp-json\/wp\/v2\/media\/1181"}],"wp:attachment":[{"href":"https:\/\/www.animalsouk.ma\/animalerie-maroc\/wp-json\/wp\/v2\/media?parent=1180"}],"wp:term":[{"taxonomy":"product_brand","embeddable":true,"href":"https:\/\/www.animalsouk.ma\/animalerie-maroc\/wp-json\/wp\/v2\/product_brand?post=1180"},{"taxonomy":"product_cat","embeddable":true,"href":"https:\/\/www.animalsouk.ma\/animalerie-maroc\/wp-json\/wp\/v2\/product_cat?post=1180"},{"taxonomy":"product_tag","embeddable":true,"href":"https:\/\/www.animalsouk.ma\/animalerie-maroc\/wp-json\/wp\/v2\/product_tag?post=1180"}],"curies":[{"name":"wp","href":"https:\/\/api.w.org\/{rel}","templated":true}]}}