{"id":1177,"date":"2025-12-10T16:24:30","date_gmt":"2025-12-10T15:24:30","guid":{"rendered":"https:\/\/www.animalsouk.ma\/animalerie-maroc\/?post_type=product&#038;p=1177"},"modified":"2026-01-05T17:36:11","modified_gmt":"2026-01-05T16:36:11","slug":"pates-multivitaminees-pour-chiens-bio-petactive","status":"publish","type":"product","link":"https:\/\/www.animalsouk.ma\/animalerie-maroc\/produit\/pates-multivitaminees-pour-chiens-bio-petactive\/","title":{"rendered":"P\u00e2tes multivitamin\u00e9es pour chiens &#8211; Bio PetActive"},"content":{"rendered":"<section class=\"elementor-section elementor-top-section elementor-element elementor-element-4597368 elementor-section-boxed elementor-section-height-default elementor-section-height-default tf-sticky-section tf-sticky-no\" data-id=\"4597368\" data-element_type=\"section\" data-settings=\"{&quot;background_background&quot;:&quot;classic&quot;,&quot;tf_sticky&quot;:&quot;no&quot;}\">\n<div class=\"elementor-container elementor-column-gap-no\">\n<div class=\"elementor-column elementor-col-50 elementor-top-column elementor-element elementor-element-8258e2c\" data-id=\"8258e2c\" data-element_type=\"column\">\n<div class=\"elementor-widget-wrap elementor-element-populated\">\n<div class=\"elementor-element elementor-element-23f107f elementor-widget elementor-widget-woocommerce-product-content\" data-id=\"23f107f\" data-element_type=\"widget\" data-widget_type=\"woocommerce-product-content.default\">\n<div class=\"elementor-widget-container\">\n<div class=\"vgblk-rw-wrapper limit-wrapper\">\n<p><strong><span dir=\"auto\">La p\u00e2te VitaliDOG est<\/span><\/strong><span dir=\"auto\">\u00a0un compl\u00e9ment complet et \u00e9quilibr\u00e9\u00a0<\/span><strong><span dir=\"auto\">de vitamines<\/span><\/strong><span dir=\"auto\">\u00a0et\u00a0<\/span><strong><span dir=\"auto\">d&rsquo;acides amin\u00e9s<\/span><\/strong><span dir=\"auto\">\u00a0qui favorise le d\u00e9veloppement sain et la r\u00e9sistance aux maladies chez les chiens.<\/span><\/p>\n<p><strong><span dir=\"auto\">La p\u00e2te VitaliCAT est<\/span><\/strong><span dir=\"auto\">\u00a0un compl\u00e9ment alimentaire contenant\u00a0<\/span><strong><span dir=\"auto\">11 vitamines<\/span><\/strong><span dir=\"auto\">\u00a0et\u00a0<\/span><strong><span dir=\"auto\">de la m\u00e9thionine<\/span><\/strong><span dir=\"auto\">\u00a0pour favoriser le bon d\u00e9veloppement des chats.<\/span><\/p>\n<p><strong><span dir=\"auto\">Ingr\u00e9dients de la p\u00e2te VitaliDOG :<\/span><\/strong><span dir=\"auto\">\u00a0Vitamine A, Vitamine D3, Niacine, D-Pantoth\u00e9nate de Ca, L-Carnitine L-Tartrate, Vitamine B1, B2, B6, B12, Acide folique, Vitamine K3, Biotine, Mannan-oligosaccharide (MOS).<\/span><\/p>\n<p><strong><span dir=\"auto\">Ingr\u00e9dients de la p\u00e2te VitaliCAT\u00a0:<\/span><\/strong><span dir=\"auto\">\u00a0DL-m\u00e9thionine, vitamine A, vitamine D3, taurine, niacine, Ca-D-pantoth\u00e9nate, vitamine B1, B2, B6, B12, vitamine K3, biotine, oligosaccharide de mannan (MOS).<\/span><\/p>\n<p><strong><span dir=\"auto\">La m\u00e9thionine<\/span><\/strong><span dir=\"auto\">\u00a0contribue \u00e0 prot\u00e9ger les reins, le pelage et la peau.<\/span><\/p>\n<p><strong><span dir=\"auto\">La niacinamide<\/span><\/strong><span dir=\"auto\">\u00a0aide \u00e0 lib\u00e9rer de l&rsquo;\u00e9nergie dans les cellules de votre chat ou de votre chien tout en abaissant le taux de cholest\u00e9rol de votre chien.<\/span><\/p>\n<p><strong><span dir=\"auto\">La vitamine A<\/span><\/strong><span dir=\"auto\">\u00a0renforce la vue et contribue \u00e0 r\u00e9duire la s\u00e9cheresse, la scl\u00e9rose et les d\u00e9mangeaisons qui peuvent survenir sur la peau de nos amis \u00e0 quatre pattes, et aide \u00e0 maintenir la sant\u00e9 de la peau et du pelage.<\/span><\/p>\n<p><strong><span dir=\"auto\">Le D-pantoth\u00e9nate de calcium<\/span><\/strong><span dir=\"auto\">\u00a0est une vitamine anti-stress. Nos chers amis ne peuvent pas lutter contre les infections s&rsquo;ils ne re\u00e7oivent pas une quantit\u00e9 suffisante de vitamine B5.<\/span><\/p>\n<p><strong><span dir=\"auto\">La vitamine B2<\/span><\/strong><span dir=\"auto\">\u00a0aide \u00e0 produire de l&rsquo;\u00e9nergie \u00e0 partir des graisses et contribue \u00e0 la qualit\u00e9 de la peau et du pelage.<\/span><\/p>\n<p><strong><span dir=\"auto\">La p\u00e2te VitaliDOG<\/span><\/strong><span dir=\"auto\">\u00a0contient\u00a0<\/span><strong><span dir=\"auto\">de la L-carnitine<\/span><\/strong><span dir=\"auto\">\u00a0pour aider \u00e0 r\u00e9duire la proportion de graisse dans le corps ; et de la biotine pour aider \u00e0 lutter contre la perte de poils.<\/span><\/p>\n<p><strong><em><span dir=\"auto\">La p\u00e2te<\/span><\/em><\/strong><span dir=\"auto\"><strong>\u00a0VitaliCAT<\/strong>\u00a0contient\u00a0<\/span><strong><span dir=\"auto\">de la taurine<\/span><\/strong><span dir=\"auto\">\u00a0pour soutenir les fonctions oculaires et cardiaques, et de la biotine pour aider \u00e0 lutter contre la perte de poils.<\/span><\/p>\n<p><strong><em><span dir=\"auto\">Mode d&#8217;emploi de la p\u00e2te VitaliDOG\u00a0<\/span><\/em><\/strong><strong><em><span dir=\"auto\">:<\/span><\/em><\/strong><em><span dir=\"auto\">\u00a0Pour chaque 5 kg (11 lbs) de poids corporel, ajoutez 1,5 gramme par jour \u00e0 leur nourriture ou donnez-la directement (1,5 g \u00e9quivaut \u00e0 environ 3 cm).<\/span><\/em><\/p>\n<p><strong><em><span dir=\"auto\">Mode d&#8217;emploi de la p\u00e2te VitaliCAT<\/span><\/em><\/strong><strong><em><span dir=\"auto\">\u00a0:<\/span><\/em><\/strong><em><span dir=\"auto\"> Pour les chats adultes, ajouter 2,5 grammes par jour \u00e0 leur nourriture ou administrer directement (0,5 g \u00e9quivaut \u00e0 environ 1 cm).<\/span><\/em><\/p>\n<\/div>\n<\/div>\n<\/div>\n<\/div>\n<\/div>\n<\/div>\n<\/section>\n","protected":false},"excerpt":{"rendered":"<p>La p\u00e2te VitaliDOG est\u00a0un compl\u00e9ment complet et \u00e9quilibr\u00e9\u00a0de vitamines\u00a0et\u00a0d&rsquo;acides amin\u00e9s\u00a0qui favorise le d\u00e9veloppement sain et la r\u00e9sistance aux maladies chez les chiens. La p\u00e2te VitaliCAT est\u00a0un compl\u00e9ment alimentaire contenant\u00a011 vitamines\u00a0et\u00a0de la m\u00e9thionine\u00a0pour favoriser le bon d\u00e9veloppement des chats. Ingr\u00e9dients de la p\u00e2te VitaliDOG :\u00a0Vitamine A, Vitamine D3, Niacine, D-Pantoth\u00e9nate de Ca, L-Carnitine L-Tartrate, Vitamine B1, [&#8230;]\n","protected":false},"featured_media":1178,"template":"","meta":[],"product_brand":[33],"product_cat":[20],"product_tag":[],"class_list":{"0":"post-1177","1":"product","2":"type-product","3":"status-publish","4":"has-post-thumbnail","6":"product_brand-bio-petactive","7":"product_cat-alimentation-pour-chiens","9":"first","10":"instock","11":"sale","12":"shipping-taxable","13":"purchasable","14":"product-type-simple"},"yoast_head":"<!-- This site is optimized with the Yoast SEO plugin v27.3 - https:\/\/yoast.com\/product\/yoast-seo-wordpress\/ -->\n<title>P\u00e2tes multivitamin\u00e9es pour chiens - Bio PetActive - Animalerie Maroc<\/title>\n<meta name=\"description\" content=\"Achetez votre P\u00e2tes multivitamin\u00e9es pour chiens - Bio PetActive au meilleur prix au Maroc. Livraison rapide | Animalsouk.ma\" \/>\n<meta name=\"robots\" content=\"index, follow, max-snippet:-1, max-image-preview:large, max-video-preview:-1\" \/>\n<link rel=\"canonical\" href=\"https:\/\/www.animalsouk.ma\/animalerie-maroc\/produit\/pates-multivitaminees-pour-chiens-bio-petactive\/\" \/>\n<meta property=\"og:locale\" content=\"fr_FR\" \/>\n<meta property=\"og:type\" content=\"article\" \/>\n<meta property=\"og:title\" content=\"P\u00e2tes multivitamin\u00e9es pour chiens - Bio PetActive - Animalerie Maroc\" \/>\n<meta property=\"og:description\" content=\"Achetez votre P\u00e2tes multivitamin\u00e9es pour chiens - Bio PetActive au meilleur prix au Maroc. Livraison rapide | Animalsouk.ma\" \/>\n<meta property=\"og:url\" content=\"https:\/\/www.animalsouk.ma\/animalerie-maroc\/produit\/pates-multivitaminees-pour-chiens-bio-petactive\/\" \/>\n<meta property=\"og:site_name\" content=\"Animalerie Maroc\" \/>\n<meta property=\"article:publisher\" content=\"https:\/\/www.facebook.com\/animalsouk.ma\" \/>\n<meta property=\"article:modified_time\" content=\"2026-01-05T16:36:11+00:00\" \/>\n<meta property=\"og:image\" content=\"https:\/\/www.animalsouk.ma\/animalerie-maroc\/wp-content\/uploads\/2025\/12\/vitalidog.jpg\" \/>\n\t<meta property=\"og:image:width\" content=\"1000\" \/>\n\t<meta property=\"og:image:height\" content=\"1000\" \/>\n\t<meta property=\"og:image:type\" content=\"image\/jpeg\" \/>\n<meta name=\"twitter:card\" content=\"summary_large_image\" \/>\n<meta name=\"twitter:label1\" content=\"Dur\u00e9e de lecture estim\u00e9e\" \/>\n\t<meta name=\"twitter:data1\" content=\"2 minutes\" \/>\n<script type=\"application\/ld+json\" class=\"yoast-schema-graph\">{\"@context\":\"https:\\\/\\\/schema.org\",\"@graph\":[{\"@type\":\"WebPage\",\"@id\":\"https:\\\/\\\/www.animalsouk.ma\\\/animalerie-maroc\\\/produit\\\/pates-multivitaminees-pour-chiens-bio-petactive\\\/\",\"url\":\"https:\\\/\\\/www.animalsouk.ma\\\/animalerie-maroc\\\/produit\\\/pates-multivitaminees-pour-chiens-bio-petactive\\\/\",\"name\":\"P\u00e2tes multivitamin\u00e9es pour chiens - Bio PetActive - Animalerie Maroc\",\"isPartOf\":{\"@id\":\"https:\\\/\\\/www.animalsouk.ma\\\/animalerie-maroc\\\/#website\"},\"primaryImageOfPage\":{\"@id\":\"https:\\\/\\\/www.animalsouk.ma\\\/animalerie-maroc\\\/produit\\\/pates-multivitaminees-pour-chiens-bio-petactive\\\/#primaryimage\"},\"image\":{\"@id\":\"https:\\\/\\\/www.animalsouk.ma\\\/animalerie-maroc\\\/produit\\\/pates-multivitaminees-pour-chiens-bio-petactive\\\/#primaryimage\"},\"thumbnailUrl\":\"https:\\\/\\\/www.animalsouk.ma\\\/animalerie-maroc\\\/wp-content\\\/uploads\\\/2025\\\/12\\\/vitalidog.jpg\",\"datePublished\":\"2025-12-10T15:24:30+00:00\",\"dateModified\":\"2026-01-05T16:36:11+00:00\",\"description\":\"Achetez votre P\u00e2tes multivitamin\u00e9es pour chiens - Bio PetActive au meilleur prix au Maroc. Livraison rapide | Animalsouk.ma\",\"breadcrumb\":{\"@id\":\"https:\\\/\\\/www.animalsouk.ma\\\/animalerie-maroc\\\/produit\\\/pates-multivitaminees-pour-chiens-bio-petactive\\\/#breadcrumb\"},\"inLanguage\":\"fr-FR\",\"potentialAction\":[{\"@type\":\"ReadAction\",\"target\":[\"https:\\\/\\\/www.animalsouk.ma\\\/animalerie-maroc\\\/produit\\\/pates-multivitaminees-pour-chiens-bio-petactive\\\/\"]}]},{\"@type\":\"ImageObject\",\"inLanguage\":\"fr-FR\",\"@id\":\"https:\\\/\\\/www.animalsouk.ma\\\/animalerie-maroc\\\/produit\\\/pates-multivitaminees-pour-chiens-bio-petactive\\\/#primaryimage\",\"url\":\"https:\\\/\\\/www.animalsouk.ma\\\/animalerie-maroc\\\/wp-content\\\/uploads\\\/2025\\\/12\\\/vitalidog.jpg\",\"contentUrl\":\"https:\\\/\\\/www.animalsouk.ma\\\/animalerie-maroc\\\/wp-content\\\/uploads\\\/2025\\\/12\\\/vitalidog.jpg\",\"width\":1000,\"height\":1000,\"caption\":\"P\u00e2tes multivitamin\u00e9es pour chiens - Bio PetActive\"},{\"@type\":\"BreadcrumbList\",\"@id\":\"https:\\\/\\\/www.animalsouk.ma\\\/animalerie-maroc\\\/produit\\\/pates-multivitaminees-pour-chiens-bio-petactive\\\/#breadcrumb\",\"itemListElement\":[{\"@type\":\"ListItem\",\"position\":1,\"name\":\"Home\",\"item\":\"https:\\\/\\\/www.animalsouk.ma\\\/animalerie-maroc\\\/\"},{\"@type\":\"ListItem\",\"position\":2,\"name\":\"Boutique\",\"item\":\"https:\\\/\\\/www.animalsouk.ma\\\/animalerie-maroc\\\/boutique\\\/\"},{\"@type\":\"ListItem\",\"position\":3,\"name\":\"P\u00e2tes multivitamin\u00e9es pour chiens &#8211; Bio PetActive\"}]},{\"@type\":\"WebSite\",\"@id\":\"https:\\\/\\\/www.animalsouk.ma\\\/animalerie-maroc\\\/#website\",\"url\":\"https:\\\/\\\/www.animalsouk.ma\\\/animalerie-maroc\\\/\",\"name\":\"Animalerie de casablanca\",\"description\":\"\",\"publisher\":{\"@id\":\"https:\\\/\\\/www.animalsouk.ma\\\/animalerie-maroc\\\/#organization\"},\"potentialAction\":[{\"@type\":\"SearchAction\",\"target\":{\"@type\":\"EntryPoint\",\"urlTemplate\":\"https:\\\/\\\/www.animalsouk.ma\\\/animalerie-maroc\\\/?s={search_term_string}\"},\"query-input\":{\"@type\":\"PropertyValueSpecification\",\"valueRequired\":true,\"valueName\":\"search_term_string\"}}],\"inLanguage\":\"fr-FR\"},{\"@type\":\"Organization\",\"@id\":\"https:\\\/\\\/www.animalsouk.ma\\\/animalerie-maroc\\\/#organization\",\"name\":\"Animalerie de casablanca\",\"url\":\"https:\\\/\\\/www.animalsouk.ma\\\/animalerie-maroc\\\/\",\"logo\":{\"@type\":\"ImageObject\",\"inLanguage\":\"fr-FR\",\"@id\":\"https:\\\/\\\/www.animalsouk.ma\\\/animalerie-maroc\\\/#\\\/schema\\\/logo\\\/image\\\/\",\"url\":\"https:\\\/\\\/www.animalsouk.ma\\\/animalerie-maroc\\\/wp-content\\\/uploads\\\/2025\\\/10\\\/animalsouk.ma-logo.png\",\"contentUrl\":\"https:\\\/\\\/www.animalsouk.ma\\\/animalerie-maroc\\\/wp-content\\\/uploads\\\/2025\\\/10\\\/animalsouk.ma-logo.png\",\"width\":760,\"height\":231,\"caption\":\"Animalerie de casablanca\"},\"image\":{\"@id\":\"https:\\\/\\\/www.animalsouk.ma\\\/animalerie-maroc\\\/#\\\/schema\\\/logo\\\/image\\\/\"},\"sameAs\":[\"https:\\\/\\\/www.facebook.com\\\/animalsouk.ma\",\"https:\\\/\\\/www.instagram.com\\\/animalsouk.ma\"]}]}<\/script>\n<!-- \/ Yoast SEO plugin. -->","yoast_head_json":{"title":"P\u00e2tes multivitamin\u00e9es pour chiens - Bio PetActive - Animalerie Maroc","description":"Achetez votre P\u00e2tes multivitamin\u00e9es pour chiens - Bio PetActive au meilleur prix au Maroc. Livraison rapide | Animalsouk.ma","robots":{"index":"index","follow":"follow","max-snippet":"max-snippet:-1","max-image-preview":"max-image-preview:large","max-video-preview":"max-video-preview:-1"},"canonical":"https:\/\/www.animalsouk.ma\/animalerie-maroc\/produit\/pates-multivitaminees-pour-chiens-bio-petactive\/","og_locale":"fr_FR","og_type":"article","og_title":"P\u00e2tes multivitamin\u00e9es pour chiens - Bio PetActive - Animalerie Maroc","og_description":"Achetez votre P\u00e2tes multivitamin\u00e9es pour chiens - Bio PetActive au meilleur prix au Maroc. Livraison rapide | Animalsouk.ma","og_url":"https:\/\/www.animalsouk.ma\/animalerie-maroc\/produit\/pates-multivitaminees-pour-chiens-bio-petactive\/","og_site_name":"Animalerie Maroc","article_publisher":"https:\/\/www.facebook.com\/animalsouk.ma","article_modified_time":"2026-01-05T16:36:11+00:00","og_image":[{"width":1000,"height":1000,"url":"https:\/\/www.animalsouk.ma\/animalerie-maroc\/wp-content\/uploads\/2025\/12\/vitalidog.jpg","type":"image\/jpeg"}],"twitter_card":"summary_large_image","twitter_misc":{"Dur\u00e9e de lecture estim\u00e9e":"2 minutes"},"schema":{"@context":"https:\/\/schema.org","@graph":[{"@type":"WebPage","@id":"https:\/\/www.animalsouk.ma\/animalerie-maroc\/produit\/pates-multivitaminees-pour-chiens-bio-petactive\/","url":"https:\/\/www.animalsouk.ma\/animalerie-maroc\/produit\/pates-multivitaminees-pour-chiens-bio-petactive\/","name":"P\u00e2tes multivitamin\u00e9es pour chiens - Bio PetActive - Animalerie Maroc","isPartOf":{"@id":"https:\/\/www.animalsouk.ma\/animalerie-maroc\/#website"},"primaryImageOfPage":{"@id":"https:\/\/www.animalsouk.ma\/animalerie-maroc\/produit\/pates-multivitaminees-pour-chiens-bio-petactive\/#primaryimage"},"image":{"@id":"https:\/\/www.animalsouk.ma\/animalerie-maroc\/produit\/pates-multivitaminees-pour-chiens-bio-petactive\/#primaryimage"},"thumbnailUrl":"https:\/\/www.animalsouk.ma\/animalerie-maroc\/wp-content\/uploads\/2025\/12\/vitalidog.jpg","datePublished":"2025-12-10T15:24:30+00:00","dateModified":"2026-01-05T16:36:11+00:00","description":"Achetez votre P\u00e2tes multivitamin\u00e9es pour chiens - Bio PetActive au meilleur prix au Maroc. Livraison rapide | Animalsouk.ma","breadcrumb":{"@id":"https:\/\/www.animalsouk.ma\/animalerie-maroc\/produit\/pates-multivitaminees-pour-chiens-bio-petactive\/#breadcrumb"},"inLanguage":"fr-FR","potentialAction":[{"@type":"ReadAction","target":["https:\/\/www.animalsouk.ma\/animalerie-maroc\/produit\/pates-multivitaminees-pour-chiens-bio-petactive\/"]}]},{"@type":"ImageObject","inLanguage":"fr-FR","@id":"https:\/\/www.animalsouk.ma\/animalerie-maroc\/produit\/pates-multivitaminees-pour-chiens-bio-petactive\/#primaryimage","url":"https:\/\/www.animalsouk.ma\/animalerie-maroc\/wp-content\/uploads\/2025\/12\/vitalidog.jpg","contentUrl":"https:\/\/www.animalsouk.ma\/animalerie-maroc\/wp-content\/uploads\/2025\/12\/vitalidog.jpg","width":1000,"height":1000,"caption":"P\u00e2tes multivitamin\u00e9es pour chiens - Bio PetActive"},{"@type":"BreadcrumbList","@id":"https:\/\/www.animalsouk.ma\/animalerie-maroc\/produit\/pates-multivitaminees-pour-chiens-bio-petactive\/#breadcrumb","itemListElement":[{"@type":"ListItem","position":1,"name":"Home","item":"https:\/\/www.animalsouk.ma\/animalerie-maroc\/"},{"@type":"ListItem","position":2,"name":"Boutique","item":"https:\/\/www.animalsouk.ma\/animalerie-maroc\/boutique\/"},{"@type":"ListItem","position":3,"name":"P\u00e2tes multivitamin\u00e9es pour chiens &#8211; Bio PetActive"}]},{"@type":"WebSite","@id":"https:\/\/www.animalsouk.ma\/animalerie-maroc\/#website","url":"https:\/\/www.animalsouk.ma\/animalerie-maroc\/","name":"Animalerie de casablanca","description":"","publisher":{"@id":"https:\/\/www.animalsouk.ma\/animalerie-maroc\/#organization"},"potentialAction":[{"@type":"SearchAction","target":{"@type":"EntryPoint","urlTemplate":"https:\/\/www.animalsouk.ma\/animalerie-maroc\/?s={search_term_string}"},"query-input":{"@type":"PropertyValueSpecification","valueRequired":true,"valueName":"search_term_string"}}],"inLanguage":"fr-FR"},{"@type":"Organization","@id":"https:\/\/www.animalsouk.ma\/animalerie-maroc\/#organization","name":"Animalerie de casablanca","url":"https:\/\/www.animalsouk.ma\/animalerie-maroc\/","logo":{"@type":"ImageObject","inLanguage":"fr-FR","@id":"https:\/\/www.animalsouk.ma\/animalerie-maroc\/#\/schema\/logo\/image\/","url":"https:\/\/www.animalsouk.ma\/animalerie-maroc\/wp-content\/uploads\/2025\/10\/animalsouk.ma-logo.png","contentUrl":"https:\/\/www.animalsouk.ma\/animalerie-maroc\/wp-content\/uploads\/2025\/10\/animalsouk.ma-logo.png","width":760,"height":231,"caption":"Animalerie de casablanca"},"image":{"@id":"https:\/\/www.animalsouk.ma\/animalerie-maroc\/#\/schema\/logo\/image\/"},"sameAs":["https:\/\/www.facebook.com\/animalsouk.ma","https:\/\/www.instagram.com\/animalsouk.ma"]}]}},"_links":{"self":[{"href":"https:\/\/www.animalsouk.ma\/animalerie-maroc\/wp-json\/wp\/v2\/product\/1177","targetHints":{"allow":["GET"]}}],"collection":[{"href":"https:\/\/www.animalsouk.ma\/animalerie-maroc\/wp-json\/wp\/v2\/product"}],"about":[{"href":"https:\/\/www.animalsouk.ma\/animalerie-maroc\/wp-json\/wp\/v2\/types\/product"}],"wp:featuredmedia":[{"embeddable":true,"href":"https:\/\/www.animalsouk.ma\/animalerie-maroc\/wp-json\/wp\/v2\/media\/1178"}],"wp:attachment":[{"href":"https:\/\/www.animalsouk.ma\/animalerie-maroc\/wp-json\/wp\/v2\/media?parent=1177"}],"wp:term":[{"taxonomy":"product_brand","embeddable":true,"href":"https:\/\/www.animalsouk.ma\/animalerie-maroc\/wp-json\/wp\/v2\/product_brand?post=1177"},{"taxonomy":"product_cat","embeddable":true,"href":"https:\/\/www.animalsouk.ma\/animalerie-maroc\/wp-json\/wp\/v2\/product_cat?post=1177"},{"taxonomy":"product_tag","embeddable":true,"href":"https:\/\/www.animalsouk.ma\/animalerie-maroc\/wp-json\/wp\/v2\/product_tag?post=1177"}],"curies":[{"name":"wp","href":"https:\/\/api.w.org\/{rel}","templated":true}]}}