{"id":1034,"date":"2025-11-28T00:56:02","date_gmt":"2025-11-27T23:56:02","guid":{"rendered":"https:\/\/www.animalsouk.ma\/animalerie-maroc\/?post_type=product&#038;p=1034"},"modified":"2026-01-19T12:56:36","modified_gmt":"2026-01-19T11:56:36","slug":"spray-versele-laga-stop-outdoor-repulsif-pour-chiens-et-chats","status":"publish","type":"product","link":"https:\/\/www.animalsouk.ma\/animalerie-maroc\/produit\/spray-versele-laga-stop-outdoor-repulsif-pour-chiens-et-chats\/","title":{"rendered":"Spray versele-laga stop outdoor r\u00e9pulsif pour chiens et chats 500 ml"},"content":{"rendered":"<div class=\"rich-text py-4\">\n<section class=\" \">\n<div class=\"container\">\n<div class=\"row \">\n<div class=\"col-12\">\n<div class=\"related-products\">\n<div class=\"rich-text py-4\">\n<p><b>Spray pour \u00e9loigner les chiens et les chats \u00e0 l&rsquo;ext\u00e9rieur <\/b>Oropharma Stop Spray Outdoor tient les chiens et les chats \u00e9loign\u00e9s des endroits que vous voulez prot\u00e9ger (fa\u00e7ade, cl\u00f4tures, plantes, sacs poubelle,&#8230;).<\/p>\n<ul>\n<li>Pour d\u00e9courager chiens &amp; chats de marquer leur territoire \u00e0 l&rsquo;ext\u00e9rieur<\/li>\n<li>Tr\u00e8s efficace et facile \u00e0 vaporiser<\/li>\n<\/ul>\n<h3>Mode d&#8217;emploi<\/h3>\n<p>\u00c0 l&rsquo;ext\u00e9rieur de la maison, pulv\u00e9riser tous les 4 \u00e0 5 jours.<\/p>\n<\/div>\n<\/div>\n<\/div>\n<\/div>\n<\/div>\n<\/section>\n<\/div>\n","protected":false},"excerpt":{"rendered":"<p>Spray pour \u00e9loigner les chiens et les chats \u00e0 l&rsquo;ext\u00e9rieur Oropharma Stop Spray Outdoor tient les chiens et les chats \u00e9loign\u00e9s des endroits que vous voulez prot\u00e9ger (fa\u00e7ade, cl\u00f4tures, plantes, sacs poubelle,&#8230;). Pour d\u00e9courager chiens &amp; chats de marquer leur territoire \u00e0 l&rsquo;ext\u00e9rieur Tr\u00e8s efficace et facile \u00e0 vaporiser Mode d&#8217;emploi \u00c0 l&rsquo;ext\u00e9rieur de la [&#8230;]\n","protected":false},"featured_media":1036,"template":"","meta":[],"product_brand":[],"product_cat":[17,23],"product_tag":[],"class_list":{"0":"post-1034","1":"product","2":"type-product","3":"status-publish","4":"has-post-thumbnail","6":"product_cat-accessoires-et-jouets-pour-chats","7":"product_cat-accessoires-et-jouets-pour-chiens","9":"first","10":"instock","11":"shipping-taxable","12":"purchasable","13":"product-type-simple"},"yoast_head":"<!-- This site is optimized with the Yoast SEO plugin v27.3 - https:\/\/yoast.com\/product\/yoast-seo-wordpress\/ -->\n<title>Spray versele-laga stop outdoor r\u00e9pulsif pour chiens et chats 500 ml - Animalerie Maroc<\/title>\n<meta name=\"description\" content=\"Achetez votre Spray versele-laga stop outdoor r\u00e9pulsif pour chiens et chats 500 ml au meilleur prix au Maroc. Livraison rapide | Animalsouk.ma\" \/>\n<meta name=\"robots\" content=\"index, follow, max-snippet:-1, max-image-preview:large, max-video-preview:-1\" \/>\n<link rel=\"canonical\" href=\"https:\/\/www.animalsouk.ma\/animalerie-maroc\/produit\/spray-versele-laga-stop-outdoor-repulsif-pour-chiens-et-chats\/\" \/>\n<meta property=\"og:locale\" content=\"fr_FR\" \/>\n<meta property=\"og:type\" content=\"article\" \/>\n<meta property=\"og:title\" content=\"Spray versele-laga stop outdoor r\u00e9pulsif pour chiens et chats 500 ml - Animalerie Maroc\" \/>\n<meta property=\"og:description\" content=\"Achetez votre Spray versele-laga stop outdoor r\u00e9pulsif pour chiens et chats 500 ml au meilleur prix au Maroc. Livraison rapide | Animalsouk.ma\" \/>\n<meta property=\"og:url\" content=\"https:\/\/www.animalsouk.ma\/animalerie-maroc\/produit\/spray-versele-laga-stop-outdoor-repulsif-pour-chiens-et-chats\/\" \/>\n<meta property=\"og:site_name\" content=\"Animalerie Maroc\" \/>\n<meta property=\"article:publisher\" content=\"https:\/\/www.facebook.com\/animalsouk.ma\" \/>\n<meta property=\"article:modified_time\" content=\"2026-01-19T11:56:36+00:00\" \/>\n<meta property=\"og:image\" content=\"https:\/\/www.animalsouk.ma\/animalerie-maroc\/wp-content\/uploads\/2025\/11\/out.png\" \/>\n\t<meta property=\"og:image:width\" content=\"928\" \/>\n\t<meta property=\"og:image:height\" content=\"770\" \/>\n\t<meta property=\"og:image:type\" content=\"image\/png\" \/>\n<meta name=\"twitter:card\" content=\"summary_large_image\" \/>\n<meta name=\"twitter:label1\" content=\"Dur\u00e9e de lecture estim\u00e9e\" \/>\n\t<meta name=\"twitter:data1\" content=\"1 minute\" \/>\n<script type=\"application\/ld+json\" class=\"yoast-schema-graph\">{\"@context\":\"https:\\\/\\\/schema.org\",\"@graph\":[{\"@type\":\"WebPage\",\"@id\":\"https:\\\/\\\/www.animalsouk.ma\\\/animalerie-maroc\\\/produit\\\/spray-versele-laga-stop-outdoor-repulsif-pour-chiens-et-chats\\\/\",\"url\":\"https:\\\/\\\/www.animalsouk.ma\\\/animalerie-maroc\\\/produit\\\/spray-versele-laga-stop-outdoor-repulsif-pour-chiens-et-chats\\\/\",\"name\":\"Spray versele-laga stop outdoor r\u00e9pulsif pour chiens et chats 500 ml - Animalerie Maroc\",\"isPartOf\":{\"@id\":\"https:\\\/\\\/www.animalsouk.ma\\\/animalerie-maroc\\\/#website\"},\"primaryImageOfPage\":{\"@id\":\"https:\\\/\\\/www.animalsouk.ma\\\/animalerie-maroc\\\/produit\\\/spray-versele-laga-stop-outdoor-repulsif-pour-chiens-et-chats\\\/#primaryimage\"},\"image\":{\"@id\":\"https:\\\/\\\/www.animalsouk.ma\\\/animalerie-maroc\\\/produit\\\/spray-versele-laga-stop-outdoor-repulsif-pour-chiens-et-chats\\\/#primaryimage\"},\"thumbnailUrl\":\"https:\\\/\\\/www.animalsouk.ma\\\/animalerie-maroc\\\/wp-content\\\/uploads\\\/2025\\\/11\\\/out.png\",\"datePublished\":\"2025-11-27T23:56:02+00:00\",\"dateModified\":\"2026-01-19T11:56:36+00:00\",\"description\":\"Achetez votre Spray versele-laga stop outdoor r\u00e9pulsif pour chiens et chats 500 ml au meilleur prix au Maroc. Livraison rapide | Animalsouk.ma\",\"breadcrumb\":{\"@id\":\"https:\\\/\\\/www.animalsouk.ma\\\/animalerie-maroc\\\/produit\\\/spray-versele-laga-stop-outdoor-repulsif-pour-chiens-et-chats\\\/#breadcrumb\"},\"inLanguage\":\"fr-FR\",\"potentialAction\":[{\"@type\":\"ReadAction\",\"target\":[\"https:\\\/\\\/www.animalsouk.ma\\\/animalerie-maroc\\\/produit\\\/spray-versele-laga-stop-outdoor-repulsif-pour-chiens-et-chats\\\/\"]}]},{\"@type\":\"ImageObject\",\"inLanguage\":\"fr-FR\",\"@id\":\"https:\\\/\\\/www.animalsouk.ma\\\/animalerie-maroc\\\/produit\\\/spray-versele-laga-stop-outdoor-repulsif-pour-chiens-et-chats\\\/#primaryimage\",\"url\":\"https:\\\/\\\/www.animalsouk.ma\\\/animalerie-maroc\\\/wp-content\\\/uploads\\\/2025\\\/11\\\/out.png\",\"contentUrl\":\"https:\\\/\\\/www.animalsouk.ma\\\/animalerie-maroc\\\/wp-content\\\/uploads\\\/2025\\\/11\\\/out.png\",\"width\":928,\"height\":770,\"caption\":\"Spray versele-laga stop outdoor r\u00e9pulsif pour chiens et chats\"},{\"@type\":\"BreadcrumbList\",\"@id\":\"https:\\\/\\\/www.animalsouk.ma\\\/animalerie-maroc\\\/produit\\\/spray-versele-laga-stop-outdoor-repulsif-pour-chiens-et-chats\\\/#breadcrumb\",\"itemListElement\":[{\"@type\":\"ListItem\",\"position\":1,\"name\":\"Home\",\"item\":\"https:\\\/\\\/www.animalsouk.ma\\\/animalerie-maroc\\\/\"},{\"@type\":\"ListItem\",\"position\":2,\"name\":\"Boutique\",\"item\":\"https:\\\/\\\/www.animalsouk.ma\\\/animalerie-maroc\\\/boutique\\\/\"},{\"@type\":\"ListItem\",\"position\":3,\"name\":\"Spray versele-laga stop outdoor r\u00e9pulsif pour chiens et chats 500 ml\"}]},{\"@type\":\"WebSite\",\"@id\":\"https:\\\/\\\/www.animalsouk.ma\\\/animalerie-maroc\\\/#website\",\"url\":\"https:\\\/\\\/www.animalsouk.ma\\\/animalerie-maroc\\\/\",\"name\":\"Animalerie de casablanca\",\"description\":\"\",\"publisher\":{\"@id\":\"https:\\\/\\\/www.animalsouk.ma\\\/animalerie-maroc\\\/#organization\"},\"potentialAction\":[{\"@type\":\"SearchAction\",\"target\":{\"@type\":\"EntryPoint\",\"urlTemplate\":\"https:\\\/\\\/www.animalsouk.ma\\\/animalerie-maroc\\\/?s={search_term_string}\"},\"query-input\":{\"@type\":\"PropertyValueSpecification\",\"valueRequired\":true,\"valueName\":\"search_term_string\"}}],\"inLanguage\":\"fr-FR\"},{\"@type\":\"Organization\",\"@id\":\"https:\\\/\\\/www.animalsouk.ma\\\/animalerie-maroc\\\/#organization\",\"name\":\"Animalerie de casablanca\",\"url\":\"https:\\\/\\\/www.animalsouk.ma\\\/animalerie-maroc\\\/\",\"logo\":{\"@type\":\"ImageObject\",\"inLanguage\":\"fr-FR\",\"@id\":\"https:\\\/\\\/www.animalsouk.ma\\\/animalerie-maroc\\\/#\\\/schema\\\/logo\\\/image\\\/\",\"url\":\"https:\\\/\\\/www.animalsouk.ma\\\/animalerie-maroc\\\/wp-content\\\/uploads\\\/2025\\\/10\\\/animalsouk.ma-logo.png\",\"contentUrl\":\"https:\\\/\\\/www.animalsouk.ma\\\/animalerie-maroc\\\/wp-content\\\/uploads\\\/2025\\\/10\\\/animalsouk.ma-logo.png\",\"width\":760,\"height\":231,\"caption\":\"Animalerie de casablanca\"},\"image\":{\"@id\":\"https:\\\/\\\/www.animalsouk.ma\\\/animalerie-maroc\\\/#\\\/schema\\\/logo\\\/image\\\/\"},\"sameAs\":[\"https:\\\/\\\/www.facebook.com\\\/animalsouk.ma\",\"https:\\\/\\\/www.instagram.com\\\/animalsouk.ma\"]}]}<\/script>\n<!-- \/ Yoast SEO plugin. -->","yoast_head_json":{"title":"Spray versele-laga stop outdoor r\u00e9pulsif pour chiens et chats 500 ml - Animalerie Maroc","description":"Achetez votre Spray versele-laga stop outdoor r\u00e9pulsif pour chiens et chats 500 ml au meilleur prix au Maroc. Livraison rapide | Animalsouk.ma","robots":{"index":"index","follow":"follow","max-snippet":"max-snippet:-1","max-image-preview":"max-image-preview:large","max-video-preview":"max-video-preview:-1"},"canonical":"https:\/\/www.animalsouk.ma\/animalerie-maroc\/produit\/spray-versele-laga-stop-outdoor-repulsif-pour-chiens-et-chats\/","og_locale":"fr_FR","og_type":"article","og_title":"Spray versele-laga stop outdoor r\u00e9pulsif pour chiens et chats 500 ml - Animalerie Maroc","og_description":"Achetez votre Spray versele-laga stop outdoor r\u00e9pulsif pour chiens et chats 500 ml au meilleur prix au Maroc. Livraison rapide | Animalsouk.ma","og_url":"https:\/\/www.animalsouk.ma\/animalerie-maroc\/produit\/spray-versele-laga-stop-outdoor-repulsif-pour-chiens-et-chats\/","og_site_name":"Animalerie Maroc","article_publisher":"https:\/\/www.facebook.com\/animalsouk.ma","article_modified_time":"2026-01-19T11:56:36+00:00","og_image":[{"width":928,"height":770,"url":"https:\/\/www.animalsouk.ma\/animalerie-maroc\/wp-content\/uploads\/2025\/11\/out.png","type":"image\/png"}],"twitter_card":"summary_large_image","twitter_misc":{"Dur\u00e9e de lecture estim\u00e9e":"1 minute"},"schema":{"@context":"https:\/\/schema.org","@graph":[{"@type":"WebPage","@id":"https:\/\/www.animalsouk.ma\/animalerie-maroc\/produit\/spray-versele-laga-stop-outdoor-repulsif-pour-chiens-et-chats\/","url":"https:\/\/www.animalsouk.ma\/animalerie-maroc\/produit\/spray-versele-laga-stop-outdoor-repulsif-pour-chiens-et-chats\/","name":"Spray versele-laga stop outdoor r\u00e9pulsif pour chiens et chats 500 ml - Animalerie Maroc","isPartOf":{"@id":"https:\/\/www.animalsouk.ma\/animalerie-maroc\/#website"},"primaryImageOfPage":{"@id":"https:\/\/www.animalsouk.ma\/animalerie-maroc\/produit\/spray-versele-laga-stop-outdoor-repulsif-pour-chiens-et-chats\/#primaryimage"},"image":{"@id":"https:\/\/www.animalsouk.ma\/animalerie-maroc\/produit\/spray-versele-laga-stop-outdoor-repulsif-pour-chiens-et-chats\/#primaryimage"},"thumbnailUrl":"https:\/\/www.animalsouk.ma\/animalerie-maroc\/wp-content\/uploads\/2025\/11\/out.png","datePublished":"2025-11-27T23:56:02+00:00","dateModified":"2026-01-19T11:56:36+00:00","description":"Achetez votre Spray versele-laga stop outdoor r\u00e9pulsif pour chiens et chats 500 ml au meilleur prix au Maroc. Livraison rapide | Animalsouk.ma","breadcrumb":{"@id":"https:\/\/www.animalsouk.ma\/animalerie-maroc\/produit\/spray-versele-laga-stop-outdoor-repulsif-pour-chiens-et-chats\/#breadcrumb"},"inLanguage":"fr-FR","potentialAction":[{"@type":"ReadAction","target":["https:\/\/www.animalsouk.ma\/animalerie-maroc\/produit\/spray-versele-laga-stop-outdoor-repulsif-pour-chiens-et-chats\/"]}]},{"@type":"ImageObject","inLanguage":"fr-FR","@id":"https:\/\/www.animalsouk.ma\/animalerie-maroc\/produit\/spray-versele-laga-stop-outdoor-repulsif-pour-chiens-et-chats\/#primaryimage","url":"https:\/\/www.animalsouk.ma\/animalerie-maroc\/wp-content\/uploads\/2025\/11\/out.png","contentUrl":"https:\/\/www.animalsouk.ma\/animalerie-maroc\/wp-content\/uploads\/2025\/11\/out.png","width":928,"height":770,"caption":"Spray versele-laga stop outdoor r\u00e9pulsif pour chiens et chats"},{"@type":"BreadcrumbList","@id":"https:\/\/www.animalsouk.ma\/animalerie-maroc\/produit\/spray-versele-laga-stop-outdoor-repulsif-pour-chiens-et-chats\/#breadcrumb","itemListElement":[{"@type":"ListItem","position":1,"name":"Home","item":"https:\/\/www.animalsouk.ma\/animalerie-maroc\/"},{"@type":"ListItem","position":2,"name":"Boutique","item":"https:\/\/www.animalsouk.ma\/animalerie-maroc\/boutique\/"},{"@type":"ListItem","position":3,"name":"Spray versele-laga stop outdoor r\u00e9pulsif pour chiens et chats 500 ml"}]},{"@type":"WebSite","@id":"https:\/\/www.animalsouk.ma\/animalerie-maroc\/#website","url":"https:\/\/www.animalsouk.ma\/animalerie-maroc\/","name":"Animalerie de casablanca","description":"","publisher":{"@id":"https:\/\/www.animalsouk.ma\/animalerie-maroc\/#organization"},"potentialAction":[{"@type":"SearchAction","target":{"@type":"EntryPoint","urlTemplate":"https:\/\/www.animalsouk.ma\/animalerie-maroc\/?s={search_term_string}"},"query-input":{"@type":"PropertyValueSpecification","valueRequired":true,"valueName":"search_term_string"}}],"inLanguage":"fr-FR"},{"@type":"Organization","@id":"https:\/\/www.animalsouk.ma\/animalerie-maroc\/#organization","name":"Animalerie de casablanca","url":"https:\/\/www.animalsouk.ma\/animalerie-maroc\/","logo":{"@type":"ImageObject","inLanguage":"fr-FR","@id":"https:\/\/www.animalsouk.ma\/animalerie-maroc\/#\/schema\/logo\/image\/","url":"https:\/\/www.animalsouk.ma\/animalerie-maroc\/wp-content\/uploads\/2025\/10\/animalsouk.ma-logo.png","contentUrl":"https:\/\/www.animalsouk.ma\/animalerie-maroc\/wp-content\/uploads\/2025\/10\/animalsouk.ma-logo.png","width":760,"height":231,"caption":"Animalerie de casablanca"},"image":{"@id":"https:\/\/www.animalsouk.ma\/animalerie-maroc\/#\/schema\/logo\/image\/"},"sameAs":["https:\/\/www.facebook.com\/animalsouk.ma","https:\/\/www.instagram.com\/animalsouk.ma"]}]}},"_links":{"self":[{"href":"https:\/\/www.animalsouk.ma\/animalerie-maroc\/wp-json\/wp\/v2\/product\/1034","targetHints":{"allow":["GET"]}}],"collection":[{"href":"https:\/\/www.animalsouk.ma\/animalerie-maroc\/wp-json\/wp\/v2\/product"}],"about":[{"href":"https:\/\/www.animalsouk.ma\/animalerie-maroc\/wp-json\/wp\/v2\/types\/product"}],"wp:featuredmedia":[{"embeddable":true,"href":"https:\/\/www.animalsouk.ma\/animalerie-maroc\/wp-json\/wp\/v2\/media\/1036"}],"wp:attachment":[{"href":"https:\/\/www.animalsouk.ma\/animalerie-maroc\/wp-json\/wp\/v2\/media?parent=1034"}],"wp:term":[{"taxonomy":"product_brand","embeddable":true,"href":"https:\/\/www.animalsouk.ma\/animalerie-maroc\/wp-json\/wp\/v2\/product_brand?post=1034"},{"taxonomy":"product_cat","embeddable":true,"href":"https:\/\/www.animalsouk.ma\/animalerie-maroc\/wp-json\/wp\/v2\/product_cat?post=1034"},{"taxonomy":"product_tag","embeddable":true,"href":"https:\/\/www.animalsouk.ma\/animalerie-maroc\/wp-json\/wp\/v2\/product_tag?post=1034"}],"curies":[{"name":"wp","href":"https:\/\/api.w.org\/{rel}","templated":true}]}}