{"id":100,"date":"2025-08-29T01:39:41","date_gmt":"2025-08-28T23:39:41","guid":{"rendered":"https:\/\/www.animalsouk.ma\/animalerie\/product\/sable-litiere-pour-chats\/"},"modified":"2025-09-08T23:56:35","modified_gmt":"2025-09-08T21:56:35","slug":"sable-litiere-pour-chats","status":"publish","type":"product","link":"https:\/\/www.animalsouk.ma\/animalerie-maroc\/produit\/sable-litiere-pour-chats\/","title":{"rendered":"sable liti\u00e8re pour chats"},"content":{"rendered":"<p>Liti\u00e8re 5 Litres Jungle.<br \/>\nEn raison de la nature de haute qualit\u00e9 de la bentonite utilis\u00e9e, elle absorbe le liquide instantan\u00e9ment et s&rsquo;agglutine rapidement. Pendant la production, le taux de poussi\u00e8re a \u00e9t\u00e9 minimis\u00e9 et 99,5% de la poussi\u00e8re est \u00e9limin\u00e9e. Bien que les mati\u00e8res premi\u00e8res utilis\u00e9es dans son contenu ne contiennent pas de produits chimiques, elles ne nuisent en aucun cas \u00e0 la sant\u00e9 de votre chat.<br \/>\nLivraison partout au maroc.<\/p>\n","protected":false},"excerpt":{"rendered":"<p>Liti\u00e8re 5 Litres Jungle. En raison de la nature de haute qualit\u00e9 de la bentonite utilis\u00e9e, elle absorbe le liquide instantan\u00e9ment et s&rsquo;agglutine rapidement. Pendant la production, le taux de poussi\u00e8re a \u00e9t\u00e9 minimis\u00e9 et 99,5% de la poussi\u00e8re est \u00e9limin\u00e9e. Bien que les mati\u00e8res premi\u00e8res utilis\u00e9es dans son contenu ne contiennent pas de produits [&#8230;]\n","protected":false},"featured_media":99,"template":"","meta":[],"product_brand":[],"product_cat":[45],"product_tag":[],"class_list":{"0":"post-100","1":"product","2":"type-product","3":"status-publish","4":"has-post-thumbnail","6":"product_cat-litieres","8":"first","9":"outofstock","10":"shipping-taxable","11":"purchasable","12":"product-type-simple"},"yoast_head":"<!-- This site is optimized with the Yoast SEO plugin v27.3 - https:\/\/yoast.com\/product\/yoast-seo-wordpress\/ -->\n<title>sable liti\u00e8re pour chats - Animalerie Maroc<\/title>\n<meta name=\"description\" content=\"Achetez votre sable liti\u00e8re pour chats au meilleur prix au Maroc. Livraison rapide | Animalsouk.ma\" \/>\n<meta name=\"robots\" content=\"index, follow, max-snippet:-1, max-image-preview:large, max-video-preview:-1\" \/>\n<link rel=\"canonical\" href=\"https:\/\/www.animalsouk.ma\/animalerie-maroc\/produit\/sable-litiere-pour-chats\/\" \/>\n<meta property=\"og:locale\" content=\"fr_FR\" \/>\n<meta property=\"og:type\" content=\"article\" \/>\n<meta property=\"og:title\" content=\"sable liti\u00e8re pour chats - Animalerie Maroc\" \/>\n<meta property=\"og:description\" content=\"Achetez votre sable liti\u00e8re pour chats au meilleur prix au Maroc. Livraison rapide | Animalsouk.ma\" \/>\n<meta property=\"og:url\" content=\"https:\/\/www.animalsouk.ma\/animalerie-maroc\/produit\/sable-litiere-pour-chats\/\" \/>\n<meta property=\"og:site_name\" content=\"Animalerie Maroc\" \/>\n<meta property=\"article:publisher\" content=\"https:\/\/www.facebook.com\/animalsouk.ma\" \/>\n<meta property=\"article:modified_time\" content=\"2025-09-08T21:56:35+00:00\" \/>\n<meta property=\"og:image\" content=\"https:\/\/www.animalsouk.ma\/animalerie-maroc\/wp-content\/uploads\/2025\/08\/890c9a5060058a712396cbf41bb89f83.webp\" \/>\n\t<meta property=\"og:image:width\" content=\"700\" \/>\n\t<meta property=\"og:image:height\" content=\"429\" \/>\n\t<meta property=\"og:image:type\" content=\"image\/webp\" \/>\n<meta name=\"twitter:card\" content=\"summary_large_image\" \/>\n<script type=\"application\/ld+json\" class=\"yoast-schema-graph\">{\"@context\":\"https:\\\/\\\/schema.org\",\"@graph\":[{\"@type\":\"WebPage\",\"@id\":\"https:\\\/\\\/www.animalsouk.ma\\\/animalerie-maroc\\\/produit\\\/sable-litiere-pour-chats\\\/\",\"url\":\"https:\\\/\\\/www.animalsouk.ma\\\/animalerie-maroc\\\/produit\\\/sable-litiere-pour-chats\\\/\",\"name\":\"sable liti\u00e8re pour chats - Animalerie Maroc\",\"isPartOf\":{\"@id\":\"https:\\\/\\\/www.animalsouk.ma\\\/animalerie-maroc\\\/#website\"},\"primaryImageOfPage\":{\"@id\":\"https:\\\/\\\/www.animalsouk.ma\\\/animalerie-maroc\\\/produit\\\/sable-litiere-pour-chats\\\/#primaryimage\"},\"image\":{\"@id\":\"https:\\\/\\\/www.animalsouk.ma\\\/animalerie-maroc\\\/produit\\\/sable-litiere-pour-chats\\\/#primaryimage\"},\"thumbnailUrl\":\"https:\\\/\\\/www.animalsouk.ma\\\/animalerie-maroc\\\/wp-content\\\/uploads\\\/2025\\\/08\\\/890c9a5060058a712396cbf41bb89f83.webp\",\"datePublished\":\"2025-08-28T23:39:41+00:00\",\"dateModified\":\"2025-09-08T21:56:35+00:00\",\"description\":\"Achetez votre sable liti\u00e8re pour chats au meilleur prix au Maroc. Livraison rapide | Animalsouk.ma\",\"breadcrumb\":{\"@id\":\"https:\\\/\\\/www.animalsouk.ma\\\/animalerie-maroc\\\/produit\\\/sable-litiere-pour-chats\\\/#breadcrumb\"},\"inLanguage\":\"fr-FR\",\"potentialAction\":[{\"@type\":\"ReadAction\",\"target\":[\"https:\\\/\\\/www.animalsouk.ma\\\/animalerie-maroc\\\/produit\\\/sable-litiere-pour-chats\\\/\"]}]},{\"@type\":\"ImageObject\",\"inLanguage\":\"fr-FR\",\"@id\":\"https:\\\/\\\/www.animalsouk.ma\\\/animalerie-maroc\\\/produit\\\/sable-litiere-pour-chats\\\/#primaryimage\",\"url\":\"https:\\\/\\\/www.animalsouk.ma\\\/animalerie-maroc\\\/wp-content\\\/uploads\\\/2025\\\/08\\\/890c9a5060058a712396cbf41bb89f83.webp\",\"contentUrl\":\"https:\\\/\\\/www.animalsouk.ma\\\/animalerie-maroc\\\/wp-content\\\/uploads\\\/2025\\\/08\\\/890c9a5060058a712396cbf41bb89f83.webp\",\"width\":700,\"height\":429,\"caption\":\"sable liti\u00e8re pour chats\"},{\"@type\":\"BreadcrumbList\",\"@id\":\"https:\\\/\\\/www.animalsouk.ma\\\/animalerie-maroc\\\/produit\\\/sable-litiere-pour-chats\\\/#breadcrumb\",\"itemListElement\":[{\"@type\":\"ListItem\",\"position\":1,\"name\":\"Home\",\"item\":\"https:\\\/\\\/www.animalsouk.ma\\\/animalerie-maroc\\\/\"},{\"@type\":\"ListItem\",\"position\":2,\"name\":\"Boutique\",\"item\":\"https:\\\/\\\/www.animalsouk.ma\\\/animalerie-maroc\\\/boutique\\\/\"},{\"@type\":\"ListItem\",\"position\":3,\"name\":\"sable liti\u00e8re pour chats\"}]},{\"@type\":\"WebSite\",\"@id\":\"https:\\\/\\\/www.animalsouk.ma\\\/animalerie-maroc\\\/#website\",\"url\":\"https:\\\/\\\/www.animalsouk.ma\\\/animalerie-maroc\\\/\",\"name\":\"Animalerie de casablanca\",\"description\":\"\",\"publisher\":{\"@id\":\"https:\\\/\\\/www.animalsouk.ma\\\/animalerie-maroc\\\/#organization\"},\"potentialAction\":[{\"@type\":\"SearchAction\",\"target\":{\"@type\":\"EntryPoint\",\"urlTemplate\":\"https:\\\/\\\/www.animalsouk.ma\\\/animalerie-maroc\\\/?s={search_term_string}\"},\"query-input\":{\"@type\":\"PropertyValueSpecification\",\"valueRequired\":true,\"valueName\":\"search_term_string\"}}],\"inLanguage\":\"fr-FR\"},{\"@type\":\"Organization\",\"@id\":\"https:\\\/\\\/www.animalsouk.ma\\\/animalerie-maroc\\\/#organization\",\"name\":\"Animalerie de casablanca\",\"url\":\"https:\\\/\\\/www.animalsouk.ma\\\/animalerie-maroc\\\/\",\"logo\":{\"@type\":\"ImageObject\",\"inLanguage\":\"fr-FR\",\"@id\":\"https:\\\/\\\/www.animalsouk.ma\\\/animalerie-maroc\\\/#\\\/schema\\\/logo\\\/image\\\/\",\"url\":\"https:\\\/\\\/www.animalsouk.ma\\\/animalerie-maroc\\\/wp-content\\\/uploads\\\/2025\\\/10\\\/animalsouk.ma-logo.png\",\"contentUrl\":\"https:\\\/\\\/www.animalsouk.ma\\\/animalerie-maroc\\\/wp-content\\\/uploads\\\/2025\\\/10\\\/animalsouk.ma-logo.png\",\"width\":760,\"height\":231,\"caption\":\"Animalerie de casablanca\"},\"image\":{\"@id\":\"https:\\\/\\\/www.animalsouk.ma\\\/animalerie-maroc\\\/#\\\/schema\\\/logo\\\/image\\\/\"},\"sameAs\":[\"https:\\\/\\\/www.facebook.com\\\/animalsouk.ma\",\"https:\\\/\\\/www.instagram.com\\\/animalsouk.ma\"]}]}<\/script>\n<!-- \/ Yoast SEO plugin. -->","yoast_head_json":{"title":"sable liti\u00e8re pour chats - Animalerie Maroc","description":"Achetez votre sable liti\u00e8re pour chats au meilleur prix au Maroc. Livraison rapide | Animalsouk.ma","robots":{"index":"index","follow":"follow","max-snippet":"max-snippet:-1","max-image-preview":"max-image-preview:large","max-video-preview":"max-video-preview:-1"},"canonical":"https:\/\/www.animalsouk.ma\/animalerie-maroc\/produit\/sable-litiere-pour-chats\/","og_locale":"fr_FR","og_type":"article","og_title":"sable liti\u00e8re pour chats - Animalerie Maroc","og_description":"Achetez votre sable liti\u00e8re pour chats au meilleur prix au Maroc. Livraison rapide | Animalsouk.ma","og_url":"https:\/\/www.animalsouk.ma\/animalerie-maroc\/produit\/sable-litiere-pour-chats\/","og_site_name":"Animalerie Maroc","article_publisher":"https:\/\/www.facebook.com\/animalsouk.ma","article_modified_time":"2025-09-08T21:56:35+00:00","og_image":[{"width":700,"height":429,"url":"https:\/\/www.animalsouk.ma\/animalerie-maroc\/wp-content\/uploads\/2025\/08\/890c9a5060058a712396cbf41bb89f83.webp","type":"image\/webp"}],"twitter_card":"summary_large_image","schema":{"@context":"https:\/\/schema.org","@graph":[{"@type":"WebPage","@id":"https:\/\/www.animalsouk.ma\/animalerie-maroc\/produit\/sable-litiere-pour-chats\/","url":"https:\/\/www.animalsouk.ma\/animalerie-maroc\/produit\/sable-litiere-pour-chats\/","name":"sable liti\u00e8re pour chats - Animalerie Maroc","isPartOf":{"@id":"https:\/\/www.animalsouk.ma\/animalerie-maroc\/#website"},"primaryImageOfPage":{"@id":"https:\/\/www.animalsouk.ma\/animalerie-maroc\/produit\/sable-litiere-pour-chats\/#primaryimage"},"image":{"@id":"https:\/\/www.animalsouk.ma\/animalerie-maroc\/produit\/sable-litiere-pour-chats\/#primaryimage"},"thumbnailUrl":"https:\/\/www.animalsouk.ma\/animalerie-maroc\/wp-content\/uploads\/2025\/08\/890c9a5060058a712396cbf41bb89f83.webp","datePublished":"2025-08-28T23:39:41+00:00","dateModified":"2025-09-08T21:56:35+00:00","description":"Achetez votre sable liti\u00e8re pour chats au meilleur prix au Maroc. Livraison rapide | Animalsouk.ma","breadcrumb":{"@id":"https:\/\/www.animalsouk.ma\/animalerie-maroc\/produit\/sable-litiere-pour-chats\/#breadcrumb"},"inLanguage":"fr-FR","potentialAction":[{"@type":"ReadAction","target":["https:\/\/www.animalsouk.ma\/animalerie-maroc\/produit\/sable-litiere-pour-chats\/"]}]},{"@type":"ImageObject","inLanguage":"fr-FR","@id":"https:\/\/www.animalsouk.ma\/animalerie-maroc\/produit\/sable-litiere-pour-chats\/#primaryimage","url":"https:\/\/www.animalsouk.ma\/animalerie-maroc\/wp-content\/uploads\/2025\/08\/890c9a5060058a712396cbf41bb89f83.webp","contentUrl":"https:\/\/www.animalsouk.ma\/animalerie-maroc\/wp-content\/uploads\/2025\/08\/890c9a5060058a712396cbf41bb89f83.webp","width":700,"height":429,"caption":"sable liti\u00e8re pour chats"},{"@type":"BreadcrumbList","@id":"https:\/\/www.animalsouk.ma\/animalerie-maroc\/produit\/sable-litiere-pour-chats\/#breadcrumb","itemListElement":[{"@type":"ListItem","position":1,"name":"Home","item":"https:\/\/www.animalsouk.ma\/animalerie-maroc\/"},{"@type":"ListItem","position":2,"name":"Boutique","item":"https:\/\/www.animalsouk.ma\/animalerie-maroc\/boutique\/"},{"@type":"ListItem","position":3,"name":"sable liti\u00e8re pour chats"}]},{"@type":"WebSite","@id":"https:\/\/www.animalsouk.ma\/animalerie-maroc\/#website","url":"https:\/\/www.animalsouk.ma\/animalerie-maroc\/","name":"Animalerie de casablanca","description":"","publisher":{"@id":"https:\/\/www.animalsouk.ma\/animalerie-maroc\/#organization"},"potentialAction":[{"@type":"SearchAction","target":{"@type":"EntryPoint","urlTemplate":"https:\/\/www.animalsouk.ma\/animalerie-maroc\/?s={search_term_string}"},"query-input":{"@type":"PropertyValueSpecification","valueRequired":true,"valueName":"search_term_string"}}],"inLanguage":"fr-FR"},{"@type":"Organization","@id":"https:\/\/www.animalsouk.ma\/animalerie-maroc\/#organization","name":"Animalerie de casablanca","url":"https:\/\/www.animalsouk.ma\/animalerie-maroc\/","logo":{"@type":"ImageObject","inLanguage":"fr-FR","@id":"https:\/\/www.animalsouk.ma\/animalerie-maroc\/#\/schema\/logo\/image\/","url":"https:\/\/www.animalsouk.ma\/animalerie-maroc\/wp-content\/uploads\/2025\/10\/animalsouk.ma-logo.png","contentUrl":"https:\/\/www.animalsouk.ma\/animalerie-maroc\/wp-content\/uploads\/2025\/10\/animalsouk.ma-logo.png","width":760,"height":231,"caption":"Animalerie de casablanca"},"image":{"@id":"https:\/\/www.animalsouk.ma\/animalerie-maroc\/#\/schema\/logo\/image\/"},"sameAs":["https:\/\/www.facebook.com\/animalsouk.ma","https:\/\/www.instagram.com\/animalsouk.ma"]}]}},"_links":{"self":[{"href":"https:\/\/www.animalsouk.ma\/animalerie-maroc\/wp-json\/wp\/v2\/product\/100","targetHints":{"allow":["GET"]}}],"collection":[{"href":"https:\/\/www.animalsouk.ma\/animalerie-maroc\/wp-json\/wp\/v2\/product"}],"about":[{"href":"https:\/\/www.animalsouk.ma\/animalerie-maroc\/wp-json\/wp\/v2\/types\/product"}],"wp:featuredmedia":[{"embeddable":true,"href":"https:\/\/www.animalsouk.ma\/animalerie-maroc\/wp-json\/wp\/v2\/media\/99"}],"wp:attachment":[{"href":"https:\/\/www.animalsouk.ma\/animalerie-maroc\/wp-json\/wp\/v2\/media?parent=100"}],"wp:term":[{"taxonomy":"product_brand","embeddable":true,"href":"https:\/\/www.animalsouk.ma\/animalerie-maroc\/wp-json\/wp\/v2\/product_brand?post=100"},{"taxonomy":"product_cat","embeddable":true,"href":"https:\/\/www.animalsouk.ma\/animalerie-maroc\/wp-json\/wp\/v2\/product_cat?post=100"},{"taxonomy":"product_tag","embeddable":true,"href":"https:\/\/www.animalsouk.ma\/animalerie-maroc\/wp-json\/wp\/v2\/product_tag?post=100"}],"curies":[{"name":"wp","href":"https:\/\/api.w.org\/{rel}","templated":true}]}}